{"id":7224,"date":"2022-08-05T16:25:30","date_gmt":"2022-08-05T09:25:30","guid":{"rendered":"https:\/\/thesentry.com.vn\/our-solutions\/"},"modified":"2024-12-06T15:59:12","modified_gmt":"2024-12-06T08:59:12","slug":"our-solutions","status":"publish","type":"page","link":"https:\/\/thesentry.com.vn\/vi\/our-solutions\/","title":{"rendered":"Gi\u1ea3i ph\u00e1p"},"content":{"rendered":"\t\t<div data-elementor-type=\"wp-page\" data-elementor-id=\"7224\" class=\"elementor elementor-7224\">\n\t\t\t\t\t\t<section class=\"elementor-section elementor-top-section elementor-element elementor-element-e7c8b64 elementor-section-height-min-height elementor-section-boxed elementor-section-height-default elementor-section-items-middle\" data-id=\"e7c8b64\" data-element_type=\"section\" data-settings=\"{&quot;background_background&quot;:&quot;classic&quot;}\">\n\t\t\t\t\t\t<div class=\"elementor-container elementor-column-gap-default\">\n\t\t\t\t\t<div class=\"elementor-column elementor-col-100 elementor-top-column elementor-element elementor-element-646764f\" data-id=\"646764f\" data-element_type=\"column\">\n\t\t\t<div class=\"elementor-widget-wrap elementor-element-populated\">\n\t\t\t\t\t\t<div class=\"elementor-element elementor-element-cbc8432 elementor-widget elementor-widget-heading\" data-id=\"cbc8432\" data-element_type=\"widget\" data-widget_type=\"heading.default\">\n\t\t\t\t<div class=\"elementor-widget-container\">\n\t\t\t<style>\/*! elementor - v3.20.0 - 10-04-2024 *\/\n.elementor-heading-title{padding:0;margin:0;line-height:1}.elementor-widget-heading .elementor-heading-title[class*=elementor-size-]>a{color:inherit;font-size:inherit;line-height:inherit}.elementor-widget-heading .elementor-heading-title.elementor-size-small{font-size:15px}.elementor-widget-heading .elementor-heading-title.elementor-size-medium{font-size:19px}.elementor-widget-heading .elementor-heading-title.elementor-size-large{font-size:29px}.elementor-widget-heading .elementor-heading-title.elementor-size-xl{font-size:39px}.elementor-widget-heading .elementor-heading-title.elementor-size-xxl{font-size:59px}<\/style><h1 class=\"elementor-heading-title elementor-size-default\">Ph\u00f2ng v\u00e0 h\u1ed7 tr\u1ee3 b\u1ea1n c\u1ea7n \u0111\u1ec3 ph\u00e1t tri\u1ec3n<\/h1>\t\t<\/div>\n\t\t\t\t<\/div>\n\t\t\t\t\t<\/div>\n\t\t<\/div>\n\t\t\t\t\t<\/div>\n\t\t<\/section>\n\t\t\t\t<section class=\"elementor-section elementor-top-section elementor-element elementor-element-57181dc elementor-section-boxed elementor-section-height-default elementor-section-height-default\" data-id=\"57181dc\" data-element_type=\"section\">\n\t\t\t\t\t\t<div class=\"elementor-container elementor-column-gap-default\">\n\t\t\t\t\t<div class=\"elementor-column elementor-col-100 elementor-top-column elementor-element elementor-element-bde5516\" data-id=\"bde5516\" data-element_type=\"column\">\n\t\t\t<div class=\"elementor-widget-wrap elementor-element-populated\">\n\t\t\t\t\t\t<div class=\"elementor-element elementor-element-5b139ee elementor-widget elementor-widget-heading\" data-id=\"5b139ee\" data-element_type=\"widget\" data-widget_type=\"heading.default\">\n\t\t\t\t<div class=\"elementor-widget-container\">\n\t\t\t<h2 class=\"elementor-heading-title elementor-size-default\">GI\u1ea2I PH\u00c1P LINH HO\u1ea0T<\/h2>\t\t<\/div>\n\t\t\t\t<\/div>\n\t\t\t\t<div class=\"elementor-element elementor-element-0b3441f elementor-widget elementor-widget-heading\" data-id=\"0b3441f\" data-element_type=\"widget\" data-widget_type=\"heading.default\">\n\t\t\t\t<div class=\"elementor-widget-container\">\n\t\t\t<p class=\"elementor-heading-title elementor-size-default\"><span style=\"white-space-collapse: collapse;\">Ch\u00fang t\u00f4i t\u1eadp trung ho\u00e0n to\u00e0n v\u00e0o kh\u00eda c\u1ea1nh qu\u1ea3n l\u00fd. Ch\u00fang t\u00f4i ho\u1ea1t \u0111\u1ed9ng nh\u01b0 \u0111\u1ed9i n\u1ed9i b\u1ed9 c\u1ee7a h\u1ecd.<\/span><\/p>\t\t<\/div>\n\t\t\t\t<\/div>\n\t\t\t\t<div class=\"elementor-element elementor-element-3660456 elementor-posts--align-center solution elementor-grid-3 elementor-grid-tablet-2 elementor-grid-mobile-1 elementor-posts--thumbnail-top elementor-widget elementor-widget-posts\" data-id=\"3660456\" data-element_type=\"widget\" id=\"article\" data-settings=\"{&quot;pagination_type&quot;:&quot;numbers&quot;,&quot;classic_columns&quot;:&quot;3&quot;,&quot;classic_columns_tablet&quot;:&quot;2&quot;,&quot;classic_columns_mobile&quot;:&quot;1&quot;,&quot;classic_row_gap&quot;:{&quot;unit&quot;:&quot;px&quot;,&quot;size&quot;:35,&quot;sizes&quot;:[]},&quot;classic_row_gap_tablet&quot;:{&quot;unit&quot;:&quot;px&quot;,&quot;size&quot;:&quot;&quot;,&quot;sizes&quot;:[]},&quot;classic_row_gap_mobile&quot;:{&quot;unit&quot;:&quot;px&quot;,&quot;size&quot;:&quot;&quot;,&quot;sizes&quot;:[]}}\" data-widget_type=\"posts.classic\">\n\t\t\t\t<div class=\"elementor-widget-container\">\n\t\t\t<link rel=\"stylesheet\" href=\"https:\/\/thesentry.com.vn\/wp-content\/plugins\/elementor-pro\/assets\/css\/widget-posts.min.css\">\t\t<div class=\"elementor-posts-container elementor-posts elementor-posts--skin-classic elementor-grid\">\n\t\t\t\t<article class=\"elementor-post elementor-grid-item post-7221 solution type-solution status-publish has-post-thumbnail hentry\">\n\t\t\t\t<a class=\"elementor-post__thumbnail__link\" href=\"https:\/\/thesentry.com.vn\/vi\/solution\/solution-1\/\" >\n\t\t\t<div class=\"elementor-post__thumbnail\"><img fetchpriority=\"high\" decoding=\"async\" width=\"480\" height=\"239\" src=\"https:\/\/thesentry.com.vn\/wp-content\/uploads\/2022\/08\/Dedicated-Workstation-1.jpg\" class=\"attachment-full size-full wp-image-6943\" alt=\"\" srcset=\"https:\/\/thesentry.com.vn\/wp-content\/uploads\/2022\/08\/Dedicated-Workstation-1.jpg 480w, https:\/\/thesentry.com.vn\/wp-content\/uploads\/2022\/08\/Dedicated-Workstation-1-300x149.jpg 300w, https:\/\/thesentry.com.vn\/wp-content\/uploads\/2022\/08\/Dedicated-Workstation-1-18x9.jpg 18w\" sizes=\"(max-width: 480px) 100vw, 480px\" \/><\/div>\n\t\t<\/a>\n\t\t\t\t<div class=\"elementor-post__text\">\n\t\t\t\t<h3 class=\"elementor-post__title\">\n\t\t\t<a href=\"https:\/\/thesentry.com.vn\/vi\/solution\/solution-1\/\" >\n\t\t\t\tTr\u1ea1m l\u00e0m vi\u1ec7c chuy\u00ean d\u1ee5ng\t\t\t<\/a>\n\t\t<\/h3>\n\t\t\t\t<div class=\"elementor-post__excerpt\">\n\t\t\t<p>Ch\u1ed7 ng\u1ed3i c\u1ee7a ri\u00eang b\u1ea1n trong m\u1ed9t kh\u00f4ng gian l\u00e0m vi\u1ec7c h\u1ee3p t\u00e1c.<\/p>\n\t\t<\/div>\n\t\t\t\t<\/div>\n\t\t\t\t<\/article>\n\t\t\t\t<article class=\"elementor-post elementor-grid-item post-7222 solution type-solution status-publish has-post-thumbnail hentry\">\n\t\t\t\t<a class=\"elementor-post__thumbnail__link\" href=\"https:\/\/thesentry.com.vn\/vi\/solution\/solution-2\/\" >\n\t\t\t<div class=\"elementor-post__thumbnail\"><img decoding=\"async\" width=\"480\" height=\"263\" src=\"https:\/\/thesentry.com.vn\/wp-content\/uploads\/2022\/08\/Full-Floor-Office-1.jpg\" class=\"attachment-full size-full wp-image-6944\" alt=\"\" srcset=\"https:\/\/thesentry.com.vn\/wp-content\/uploads\/2022\/08\/Full-Floor-Office-1.jpg 480w, https:\/\/thesentry.com.vn\/wp-content\/uploads\/2022\/08\/Full-Floor-Office-1-300x164.jpg 300w, https:\/\/thesentry.com.vn\/wp-content\/uploads\/2022\/08\/Full-Floor-Office-1-18x10.jpg 18w\" sizes=\"(max-width: 480px) 100vw, 480px\" \/><\/div>\n\t\t<\/a>\n\t\t\t\t<div class=\"elementor-post__text\">\n\t\t\t\t<h3 class=\"elementor-post__title\">\n\t\t\t<a href=\"https:\/\/thesentry.com.vn\/vi\/solution\/solution-2\/\" >\n\t\t\t\tV\u0103n ph\u00f2ng tr\u1ecdn t\u1ea7ng\t\t\t<\/a>\n\t\t<\/h3>\n\t\t\t\t<div class=\"elementor-post__excerpt\">\n\t\t\t<p>Kh\u00f4ng gian \u0111\u01b0\u1ee3c thi\u1ebft l\u1eadp tr\u00ean m\u1ed9t t\u1ea7ng ri\u00eang bi\u1ec7t.<\/p>\n\t\t<\/div>\n\t\t\t\t<\/div>\n\t\t\t\t<\/article>\n\t\t\t\t<article class=\"elementor-post elementor-grid-item post-7223 solution type-solution status-publish has-post-thumbnail hentry\">\n\t\t\t\t<a class=\"elementor-post__thumbnail__link\" href=\"https:\/\/thesentry.com.vn\/vi\/solution\/solution-3\/\" >\n\t\t\t<div class=\"elementor-post__thumbnail\"><img decoding=\"async\" width=\"480\" height=\"269\" src=\"https:\/\/thesentry.com.vn\/wp-content\/uploads\/2022\/08\/Office-Hub-1.jpg\" class=\"attachment-full size-full wp-image-6945\" alt=\"\" srcset=\"https:\/\/thesentry.com.vn\/wp-content\/uploads\/2022\/08\/Office-Hub-1.jpg 480w, https:\/\/thesentry.com.vn\/wp-content\/uploads\/2022\/08\/Office-Hub-1-300x168.jpg 300w, https:\/\/thesentry.com.vn\/wp-content\/uploads\/2022\/08\/Office-Hub-1-18x10.jpg 18w\" sizes=\"(max-width: 480px) 100vw, 480px\" \/><\/div>\n\t\t<\/a>\n\t\t\t\t<div class=\"elementor-post__text\">\n\t\t\t\t<h3 class=\"elementor-post__title\">\n\t\t\t<a href=\"https:\/\/thesentry.com.vn\/vi\/solution\/solution-3\/\" >\n\t\t\t\tTrung t\u00e2m v\u0103n ph\u00f2ng\t\t\t<\/a>\n\t\t<\/h3>\n\t\t\t\t<div class=\"elementor-post__excerpt\">\n\t\t\t<p>N\u1ed9i th\u1ea5t \u0111\u1ea7y \u0111\u1ee7 ti\u1ec7n nghi ri\u00eang.<\/p>\n\t\t<\/div>\n\t\t\t\t<\/div>\n\t\t\t\t<\/article>\n\t\t\t\t<article class=\"elementor-post elementor-grid-item post-7226 solution type-solution status-publish has-post-thumbnail hentry\">\n\t\t\t\t<a class=\"elementor-post__thumbnail__link\" href=\"https:\/\/thesentry.com.vn\/vi\/solution\/solution-4\/\" >\n\t\t\t<div class=\"elementor-post__thumbnail\"><img loading=\"lazy\" decoding=\"async\" width=\"480\" height=\"252\" src=\"https:\/\/thesentry.com.vn\/wp-content\/uploads\/2022\/08\/Virtual-Office-1.jpg\" class=\"attachment-full size-full wp-image-6946\" alt=\"\" srcset=\"https:\/\/thesentry.com.vn\/wp-content\/uploads\/2022\/08\/Virtual-Office-1.jpg 480w, https:\/\/thesentry.com.vn\/wp-content\/uploads\/2022\/08\/Virtual-Office-1-300x158.jpg 300w, https:\/\/thesentry.com.vn\/wp-content\/uploads\/2022\/08\/Virtual-Office-1-18x9.jpg 18w, https:\/\/thesentry.com.vn\/wp-content\/uploads\/2022\/08\/Virtual-Office-1-340x180.jpg 340w\" sizes=\"(max-width: 480px) 100vw, 480px\" \/><\/div>\n\t\t<\/a>\n\t\t\t\t<div class=\"elementor-post__text\">\n\t\t\t\t<h3 class=\"elementor-post__title\">\n\t\t\t<a href=\"https:\/\/thesentry.com.vn\/vi\/solution\/solution-4\/\" >\n\t\t\t\tV\u0103n ph\u00f2ng \u1ea3o\t\t\t<\/a>\n\t\t<\/h3>\n\t\t\t\t<div class=\"elementor-post__excerpt\">\n\t\t\t<p>V\u0103n ph\u00f2ng plug-and-play, trang b\u1ecb \u0111\u1ea7y \u0111\u1ee7 cho c\u00e1c nh\u00f3m thu\u1ed9c m\u1ecdi quy m\u00f4.<\/p>\n\t\t<\/div>\n\t\t\t\t<\/div>\n\t\t\t\t<\/article>\n\t\t\t\t<article class=\"elementor-post elementor-grid-item post-7227 solution type-solution status-publish has-post-thumbnail hentry\">\n\t\t\t\t<a class=\"elementor-post__thumbnail__link\" href=\"https:\/\/thesentry.com.vn\/vi\/solution\/solution-5\/\" >\n\t\t\t<div class=\"elementor-post__thumbnail\"><img loading=\"lazy\" decoding=\"async\" width=\"480\" height=\"480\" src=\"https:\/\/thesentry.com.vn\/wp-content\/uploads\/2022\/08\/Event-Spaces-1.jpg\" class=\"attachment-full size-full wp-image-6941\" alt=\"\" srcset=\"https:\/\/thesentry.com.vn\/wp-content\/uploads\/2022\/08\/Event-Spaces-1.jpg 480w, https:\/\/thesentry.com.vn\/wp-content\/uploads\/2022\/08\/Event-Spaces-1-300x300.jpg 300w, https:\/\/thesentry.com.vn\/wp-content\/uploads\/2022\/08\/Event-Spaces-1-150x150.jpg 150w, https:\/\/thesentry.com.vn\/wp-content\/uploads\/2022\/08\/Event-Spaces-1-12x12.jpg 12w, https:\/\/thesentry.com.vn\/wp-content\/uploads\/2022\/08\/Event-Spaces-1-448x448.jpg 448w, https:\/\/thesentry.com.vn\/wp-content\/uploads\/2022\/08\/Event-Spaces-1-128x128.jpg 128w, https:\/\/thesentry.com.vn\/wp-content\/uploads\/2022\/08\/Event-Spaces-1-100x100.jpg 100w\" sizes=\"(max-width: 480px) 100vw, 480px\" \/><\/div>\n\t\t<\/a>\n\t\t\t\t<div class=\"elementor-post__text\">\n\t\t\t\t<h3 class=\"elementor-post__title\">\n\t\t\t<a href=\"https:\/\/thesentry.com.vn\/vi\/solution\/solution-5\/\" >\n\t\t\t\tKh\u00f4ng gian s\u1ef1 ki\u1ec7n\t\t\t<\/a>\n\t\t<\/h3>\n\t\t\t\t<div class=\"elementor-post__excerpt\">\n\t\t\t<p>V\u0103n ph\u00f2ng plug-and-play, trang b\u1ecb \u0111\u1ea7y \u0111\u1ee7 cho c\u00e1c nh\u00f3m thu\u1ed9c m\u1ecdi quy m\u00f4.<\/p>\n\t\t<\/div>\n\t\t\t\t<\/div>\n\t\t\t\t<\/article>\n\t\t\t\t<article class=\"elementor-post elementor-grid-item post-7228 solution type-solution status-publish has-post-thumbnail hentry\">\n\t\t\t\t<a class=\"elementor-post__thumbnail__link\" href=\"https:\/\/thesentry.com.vn\/vi\/solution\/solution-6\/\" >\n\t\t\t<div class=\"elementor-post__thumbnail\"><img loading=\"lazy\" decoding=\"async\" width=\"1905\" height=\"923\" src=\"https:\/\/thesentry.com.vn\/wp-content\/uploads\/2022\/08\/Connect-2.png\" class=\"attachment-full size-full wp-image-6491\" alt=\"\" srcset=\"https:\/\/thesentry.com.vn\/wp-content\/uploads\/2022\/08\/Connect-2.png 1905w, https:\/\/thesentry.com.vn\/wp-content\/uploads\/2022\/08\/Connect-2-300x145.png 300w, https:\/\/thesentry.com.vn\/wp-content\/uploads\/2022\/08\/Connect-2-1024x496.png 1024w, https:\/\/thesentry.com.vn\/wp-content\/uploads\/2022\/08\/Connect-2-768x372.png 768w, https:\/\/thesentry.com.vn\/wp-content\/uploads\/2022\/08\/Connect-2-1536x744.png 1536w, https:\/\/thesentry.com.vn\/wp-content\/uploads\/2022\/08\/Connect-2-18x9.png 18w, https:\/\/thesentry.com.vn\/wp-content\/uploads\/2022\/08\/Connect-2-600x291.png 600w\" sizes=\"(max-width: 1905px) 100vw, 1905px\" \/><\/div>\n\t\t<\/a>\n\t\t\t\t<div class=\"elementor-post__text\">\n\t\t\t\t<h3 class=\"elementor-post__title\">\n\t\t\t<a href=\"https:\/\/thesentry.com.vn\/vi\/solution\/solution-6\/\" >\n\t\t\t\tV\u0103n ph\u00f2ng ri\u00eang (Private Office)\t\t\t<\/a>\n\t\t<\/h3>\n\t\t\t\t<div class=\"elementor-post__excerpt\">\n\t\t\t<p>V\u0103n ph\u00f2ng plug-and-play, trang b\u1ecb \u0111\u1ea7y \u0111\u1ee7 cho c\u00e1c nh\u00f3m thu\u1ed9c m\u1ecdi quy m\u00f4.<\/p>\n\t\t<\/div>\n\t\t\t\t<\/div>\n\t\t\t\t<\/article>\n\t\t\t\t<\/div>\n\n\n\t\t\n\t\t\t\t<\/div>\n\t\t\t\t<\/div>\n\t\t\t\t\t<\/div>\n\t\t<\/div>\n\t\t\t\t\t<\/div>\n\t\t<\/section>\n\t\t\t\t<\/div>\n\t\t","protected":false},"excerpt":{"rendered":"<p>Ph\u00f2ng v\u00e0 h\u1ed7 tr\u1ee3 b\u1ea1n c\u1ea7n \u0111\u1ec3 ph\u00e1t tri\u1ec3n GI\u1ea2I PH\u00c1P LINH HO\u1ea0T Ch\u00fang t\u00f4i t\u1eadp trung ho\u00e0n to\u00e0n v\u00e0o kh\u00eda c\u1ea1nh qu\u1ea3n l\u00fd. Ch\u00fang t\u00f4i ho\u1ea1t \u0111\u1ed9ng nh\u01b0 \u0111\u1ed9i n\u1ed9i b\u1ed9 c\u1ee7a h\u1ecd.<\/p>\n","protected":false},"author":1,"featured_media":0,"parent":0,"menu_order":0,"comment_status":"closed","ping_status":"closed","template":"templates\/solutions-template.php","meta":{"footnotes":""},"_links":{"self":[{"href":"https:\/\/thesentry.com.vn\/vi\/wp-json\/wp\/v2\/pages\/7224"}],"collection":[{"href":"https:\/\/thesentry.com.vn\/vi\/wp-json\/wp\/v2\/pages"}],"about":[{"href":"https:\/\/thesentry.com.vn\/vi\/wp-json\/wp\/v2\/types\/page"}],"author":[{"embeddable":true,"href":"https:\/\/thesentry.com.vn\/vi\/wp-json\/wp\/v2\/users\/1"}],"replies":[{"embeddable":true,"href":"https:\/\/thesentry.com.vn\/vi\/wp-json\/wp\/v2\/comments?post=7224"}],"version-history":[{"count":5,"href":"https:\/\/thesentry.com.vn\/vi\/wp-json\/wp\/v2\/pages\/7224\/revisions"}],"predecessor-version":[{"id":11429,"href":"https:\/\/thesentry.com.vn\/vi\/wp-json\/wp\/v2\/pages\/7224\/revisions\/11429"}],"wp:attachment":[{"href":"https:\/\/thesentry.com.vn\/vi\/wp-json\/wp\/v2\/media?parent=7224"}],"curies":[{"name":"wp","href":"https:\/\/api.w.org\/{rel}","templated":true}]}}