{"id":7231,"date":"2022-08-26T17:35:59","date_gmt":"2022-08-26T10:35:59","guid":{"rendered":"https:\/\/thesentry.com.vn\/about-us\/"},"modified":"2024-04-15T16:49:08","modified_gmt":"2024-04-15T09:49:08","slug":"about-us","status":"publish","type":"page","link":"https:\/\/thesentry.com.vn\/vi\/about-us\/","title":{"rendered":"V\u1ec1 ch\u00fang t\u00f4i"},"content":{"rendered":"\t\t<div data-elementor-type=\"wp-page\" data-elementor-id=\"7231\" class=\"elementor elementor-7231\">\n\t\t\t\t\t\t<section class=\"elementor-section elementor-top-section elementor-element elementor-element-4068e10 elementor-section-height-min-height elementor-section-boxed elementor-section-height-default elementor-section-items-middle\" data-id=\"4068e10\" data-element_type=\"section\" data-settings=\"{&quot;background_background&quot;:&quot;classic&quot;}\">\n\t\t\t\t\t\t<div class=\"elementor-container elementor-column-gap-default\">\n\t\t\t\t\t<div class=\"elementor-column elementor-col-100 elementor-top-column elementor-element elementor-element-316237e\" data-id=\"316237e\" data-element_type=\"column\">\n\t\t\t<div class=\"elementor-widget-wrap elementor-element-populated\">\n\t\t\t\t\t\t<div class=\"elementor-element elementor-element-25c848a elementor-widget elementor-widget-heading\" data-id=\"25c848a\" data-element_type=\"widget\" data-widget_type=\"heading.default\">\n\t\t\t\t<div class=\"elementor-widget-container\">\n\t\t\t<style>\/*! elementor - v3.20.0 - 10-04-2024 *\/\n.elementor-heading-title{padding:0;margin:0;line-height:1}.elementor-widget-heading .elementor-heading-title[class*=elementor-size-]>a{color:inherit;font-size:inherit;line-height:inherit}.elementor-widget-heading .elementor-heading-title.elementor-size-small{font-size:15px}.elementor-widget-heading .elementor-heading-title.elementor-size-medium{font-size:19px}.elementor-widget-heading .elementor-heading-title.elementor-size-large{font-size:29px}.elementor-widget-heading .elementor-heading-title.elementor-size-xl{font-size:39px}.elementor-widget-heading .elementor-heading-title.elementor-size-xxl{font-size:59px}<\/style><h2 class=\"elementor-heading-title elementor-size-default\">V\u1ec0 CH\u00daNG T\u00d4I<\/h2>\t\t<\/div>\n\t\t\t\t<\/div>\n\t\t\t\t\t<\/div>\n\t\t<\/div>\n\t\t\t\t\t<\/div>\n\t\t<\/section>\n\t\t\t\t<section class=\"elementor-section elementor-top-section elementor-element elementor-element-dcbcf33 elementor-section-boxed elementor-section-height-default elementor-section-height-default\" data-id=\"dcbcf33\" data-element_type=\"section\" id=\"who-we-are\">\n\t\t\t\t\t\t<div class=\"elementor-container elementor-column-gap-default\">\n\t\t\t\t\t<div class=\"elementor-column elementor-col-50 elementor-top-column elementor-element elementor-element-cafd4ae elementor-invisible\" data-id=\"cafd4ae\" data-element_type=\"column\" data-settings=\"{&quot;background_background&quot;:&quot;classic&quot;,&quot;animation&quot;:&quot;fadeInLeft&quot;}\">\n\t\t\t<div class=\"elementor-widget-wrap elementor-element-populated\">\n\t\t\t\t\t\t<div class=\"elementor-element elementor-element-c6dde9f elementor-widget elementor-widget-heading\" data-id=\"c6dde9f\" data-element_type=\"widget\" data-widget_type=\"heading.default\">\n\t\t\t\t<div class=\"elementor-widget-container\">\n\t\t\t<h1 class=\"elementor-heading-title elementor-size-default\">CH\u00daNG TA L\u00c0 AI<\/h1>\t\t<\/div>\n\t\t\t\t<\/div>\n\t\t\t\t<div class=\"elementor-element elementor-element-b48d054 elementor-widget elementor-widget-text-editor\" data-id=\"b48d054\" data-element_type=\"widget\" data-widget_type=\"text-editor.default\">\n\t\t\t\t<div class=\"elementor-widget-container\">\n\t\t\t<style>\/*! elementor - v3.20.0 - 10-04-2024 *\/\n.elementor-widget-text-editor.elementor-drop-cap-view-stacked .elementor-drop-cap{background-color:#69727d;color:#fff}.elementor-widget-text-editor.elementor-drop-cap-view-framed .elementor-drop-cap{color:#69727d;border:3px solid;background-color:transparent}.elementor-widget-text-editor:not(.elementor-drop-cap-view-default) .elementor-drop-cap{margin-top:8px}.elementor-widget-text-editor:not(.elementor-drop-cap-view-default) .elementor-drop-cap-letter{width:1em;height:1em}.elementor-widget-text-editor .elementor-drop-cap{float:left;text-align:center;line-height:1;font-size:50px}.elementor-widget-text-editor .elementor-drop-cap-letter{display:inline-block}<\/style>\t\t\t\t<p>T\u1ea1i The Sentry, ch\u00fang t\u00f4i \u0111ang mang h\u01b0\u01a1ng v\u1ecb v\u00e0 s\u1ef1 k\u1ef3 di\u1ec7u c\u1ee7a m\u00ecnh \u0111\u1ebfn t\u1ea5t c\u1ea3 c\u00e1c kh\u00f4ng gian l\u00e0m vi\u1ec7c, khu v\u1ef1c chung v\u00e0 ti\u1ec7n nghi v\u1edbi s\u1ef1 g\u00f3c c\u1ea1nh, b\u1ea5t k\u00ednh v\u00e0 \u0111\u1ed9c \u0111\u00e1o t\u1ea1o n\u00ean ch\u00fang t\u00f4i, ch\u00fang t\u00f4i.<\/p><p>Th\u00f4ng qua nh\u1eefng kh\u00f4ng gian s\u00e1ng t\u1ea1o v\u00e0 \u0111\u1ed5i m\u1edbi \u0111\u01b0\u1ee3c chia s\u1ebb n\u00e0y, b\u1ea1n s\u1ebd t\u1ef1 m\u00ecnh tr\u1ea3i nghi\u1ec7m C\u1ed9ng \u0111\u1ed3ng Sentry, n\u01a1i b\u1ea1n c\u00f3 th\u1ec3 l\u00e0 ch\u00ednh m\u00ecnh, l\u00e0m vi\u1ec7c c\u1ee7a m\u00ecnh v\u00e0 bi\u1ebft r\u1eb1ng h\u1ecd \u0111\u01b0\u1ee3c x\u00e2y d\u1ef1ng \u0111\u1ec3 ch\u0103m s\u00f3c b\u1ea1n, gi\u1ed1ng nh\u01b0 ch\u00fang t\u00f4i v\u1eabn lu\u00f4n l\u00e0m. Ch\u00fang t\u00f4i l\u00e0 m\u1ed9t trong s\u1ed1 c\u00e1c b\u1ea1n.<\/p><p>Ch\u00e0o m\u1eebng \u0111\u1ebfn v\u1edbi The Sentry. Ch\u00e0o m\u1eebng b\u1ea1n \u0111\u1ebfn v\u1edbi #thefutureofwork.<\/p>\t\t\t\t\t\t<\/div>\n\t\t\t\t<\/div>\n\t\t\t\t\t<\/div>\n\t\t<\/div>\n\t\t\t\t<div class=\"elementor-column elementor-col-50 elementor-top-column elementor-element elementor-element-f353951 elementor-invisible\" data-id=\"f353951\" data-element_type=\"column\" data-settings=\"{&quot;background_background&quot;:&quot;classic&quot;,&quot;animation&quot;:&quot;fadeInRight&quot;}\">\n\t\t\t<div class=\"elementor-widget-wrap elementor-element-populated\">\n\t\t\t\t\t\t<div class=\"elementor-element elementor-element-4892701 elementor-widget elementor-widget-image\" data-id=\"4892701\" data-element_type=\"widget\" data-widget_type=\"image.default\">\n\t\t\t\t<div class=\"elementor-widget-container\">\n\t\t\t<style>\/*! elementor - v3.20.0 - 10-04-2024 *\/\n.elementor-widget-image{text-align:center}.elementor-widget-image a{display:inline-block}.elementor-widget-image a img[src$=\".svg\"]{width:48px}.elementor-widget-image img{vertical-align:middle;display:inline-block}<\/style>\t\t\t\t\t\t\t\t\t\t<img fetchpriority=\"high\" decoding=\"async\" width=\"1253\" height=\"836\" src=\"https:\/\/thesentry.com.vn\/wp-content\/uploads\/2023\/09\/who-we-are.jpg\" class=\"attachment-full size-full wp-image-5419\" alt=\"\" srcset=\"https:\/\/thesentry.com.vn\/wp-content\/uploads\/2023\/09\/who-we-are.jpg 1253w, https:\/\/thesentry.com.vn\/wp-content\/uploads\/2023\/09\/who-we-are-300x200.jpg 300w, https:\/\/thesentry.com.vn\/wp-content\/uploads\/2023\/09\/who-we-are-1024x683.jpg 1024w, https:\/\/thesentry.com.vn\/wp-content\/uploads\/2023\/09\/who-we-are-768x512.jpg 768w, https:\/\/thesentry.com.vn\/wp-content\/uploads\/2023\/09\/who-we-are-18x12.jpg 18w, https:\/\/thesentry.com.vn\/wp-content\/uploads\/2023\/09\/who-we-are-600x400.jpg 600w\" sizes=\"(max-width: 1253px) 100vw, 1253px\" \/>\t\t\t\t\t\t\t\t\t\t\t\t\t<\/div>\n\t\t\t\t<\/div>\n\t\t\t\t\t<\/div>\n\t\t<\/div>\n\t\t\t\t\t<\/div>\n\t\t<\/section>\n\t\t\t\t<section class=\"elementor-section elementor-top-section elementor-element elementor-element-33664f4 elementor-section-boxed elementor-section-height-default elementor-section-height-default\" data-id=\"33664f4\" data-element_type=\"section\" id=\"what-we-do\">\n\t\t\t\t\t\t<div class=\"elementor-container elementor-column-gap-default\">\n\t\t\t\t\t<div class=\"elementor-column elementor-col-50 elementor-top-column elementor-element elementor-element-ef273b9 elementor-invisible\" data-id=\"ef273b9\" data-element_type=\"column\" data-settings=\"{&quot;background_background&quot;:&quot;classic&quot;,&quot;animation&quot;:&quot;fadeInRight&quot;}\">\n\t\t\t<div class=\"elementor-widget-wrap elementor-element-populated\">\n\t\t\t\t\t\t<div class=\"elementor-element elementor-element-ddf0c1f elementor-widget elementor-widget-image\" data-id=\"ddf0c1f\" data-element_type=\"widget\" data-widget_type=\"image.default\">\n\t\t\t\t<div class=\"elementor-widget-container\">\n\t\t\t\t\t\t\t\t\t\t\t\t\t<img decoding=\"async\" width=\"1254\" height=\"835\" src=\"https:\/\/thesentry.com.vn\/wp-content\/uploads\/2023\/09\/what-we-do.jpg\" class=\"attachment-full size-full wp-image-5418\" alt=\"\" srcset=\"https:\/\/thesentry.com.vn\/wp-content\/uploads\/2023\/09\/what-we-do.jpg 1254w, https:\/\/thesentry.com.vn\/wp-content\/uploads\/2023\/09\/what-we-do-300x200.jpg 300w, https:\/\/thesentry.com.vn\/wp-content\/uploads\/2023\/09\/what-we-do-1024x682.jpg 1024w, https:\/\/thesentry.com.vn\/wp-content\/uploads\/2023\/09\/what-we-do-768x511.jpg 768w, https:\/\/thesentry.com.vn\/wp-content\/uploads\/2023\/09\/what-we-do-18x12.jpg 18w, https:\/\/thesentry.com.vn\/wp-content\/uploads\/2023\/09\/what-we-do-600x400.jpg 600w\" sizes=\"(max-width: 1254px) 100vw, 1254px\" \/>\t\t\t\t\t\t\t\t\t\t\t\t\t<\/div>\n\t\t\t\t<\/div>\n\t\t\t\t\t<\/div>\n\t\t<\/div>\n\t\t\t\t<div class=\"elementor-column elementor-col-50 elementor-top-column elementor-element elementor-element-eb6d19d elementor-invisible\" data-id=\"eb6d19d\" data-element_type=\"column\" data-settings=\"{&quot;background_background&quot;:&quot;classic&quot;,&quot;animation&quot;:&quot;fadeInLeft&quot;}\">\n\t\t\t<div class=\"elementor-widget-wrap elementor-element-populated\">\n\t\t\t\t\t\t<div class=\"elementor-element elementor-element-b4169e7 elementor-widget elementor-widget-heading\" data-id=\"b4169e7\" data-element_type=\"widget\" data-widget_type=\"heading.default\">\n\t\t\t\t<div class=\"elementor-widget-container\">\n\t\t\t<h2 class=\"elementor-heading-title elementor-size-default\">CH\u00daNG TA L\u00c0M G\u00cc<\/h2>\t\t<\/div>\n\t\t\t\t<\/div>\n\t\t\t\t<div class=\"elementor-element elementor-element-c8be542 elementor-widget elementor-widget-text-editor\" data-id=\"c8be542\" data-element_type=\"widget\" data-widget_type=\"text-editor.default\">\n\t\t\t\t<div class=\"elementor-widget-container\">\n\t\t\t\t\t\t\t<p>Ch\u00fang t\u00f4i \u0111ang b\u00e1n m\u1ed9t phong c\u00e1ch s\u1ed1ng. M\u1ed9t c\u1ed9ng \u0111\u1ed3ng. M\u1ed9t k\u1ebft n\u1ed1i. \u0110\u00e2y l\u00e0 n\u01a1i l\u00e0m vi\u1ec7c \u2013 \u0111\u01b0\u1ee3c x\u00e1c \u0111\u1ecbnh l\u1ea1i.<\/p><p>Ch\u00fang t\u00f4i c\u00f3 h\u01a1n 70 c\u00f4ng ty kh\u1edfi nghi\u1ec7p v\u00e0 c\u00f4ng ty \u0111\u00e3 th\u00e0nh l\u1eadp trong c\u00e1c l\u0129nh v\u1ef1c kh\u00e1c nhau, bao g\u1ed3m c\u00f4ng ngh\u1ec7 th\u00f4ng tin, t\u00e0i ch\u00ednh, s\u00e1ng t\u1ea1o, \u0111\u1ea7u t\u01b0 m\u1ea1o hi\u1ec3m v\u00e0 th\u01b0\u01a1ng m\u1ea1i \u0111i\u1ec7n t\u1eed.<\/p><p>Ch\u00fang t\u00f4i l\u00e0 n\u01a1i b\u1ea1n c\u00f3 th\u1ec3 t\u00ecm th\u1ea5y \u0111\u1ed1i t\u00e1c kinh doanh c\u1ee7a m\u00ecnh qua m\u1ed9t c\u1ed1c bia ho\u1eb7c m\u1ed9t v\u00e1n b\u00f3ng b\u00e0n.<\/p>\t\t\t\t\t\t<\/div>\n\t\t\t\t<\/div>\n\t\t\t\t\t<\/div>\n\t\t<\/div>\n\t\t\t\t\t<\/div>\n\t\t<\/section>\n\t\t\t\t<section class=\"elementor-section elementor-top-section elementor-element elementor-element-8ecfe8d elementor-section-boxed elementor-section-height-default elementor-section-height-default\" data-id=\"8ecfe8d\" data-element_type=\"section\" id=\"career\">\n\t\t\t\t\t\t<div class=\"elementor-container elementor-column-gap-default\">\n\t\t\t\t\t<div class=\"elementor-column elementor-col-50 elementor-top-column elementor-element elementor-element-44c3799\" data-id=\"44c3799\" data-element_type=\"column\" data-settings=\"{&quot;background_background&quot;:&quot;classic&quot;}\">\n\t\t\t<div class=\"elementor-widget-wrap elementor-element-populated\">\n\t\t\t\t\t\t<div class=\"elementor-element elementor-element-cec80ce elementor-widget elementor-widget-heading\" data-id=\"cec80ce\" data-element_type=\"widget\" data-widget_type=\"heading.default\">\n\t\t\t\t<div class=\"elementor-widget-container\">\n\t\t\t<h2 class=\"elementor-heading-title elementor-size-default\">NGH\u1ec0 NGHI\u1ec6P<\/h2>\t\t<\/div>\n\t\t\t\t<\/div>\n\t\t\t\t<div class=\"elementor-element elementor-element-dc37862 elementor-widget elementor-widget-text-editor\" data-id=\"dc37862\" data-element_type=\"widget\" data-widget_type=\"text-editor.default\">\n\t\t\t\t<div class=\"elementor-widget-container\">\n\t\t\t\t\t\t\t<p>Ch\u00fang t\u00f4i \u0111ang b\u00e1n m\u1ed9t phong c\u00e1ch s\u1ed1ng. M\u1ed9t c\u1ed9ng \u0111\u1ed3ng. M\u1ed9t k\u1ebft n\u1ed1i. \u0110\u00e2y l\u00e0 n\u01a1i l\u00e0m vi\u1ec7c \u2013 \u0111\u01b0\u1ee3c x\u00e1c \u0111\u1ecbnh l\u1ea1i.<\/p><p>Ch\u00fang t\u00f4i c\u00f3 h\u01a1n 70 c\u00f4ng ty kh\u1edfi nghi\u1ec7p v\u00e0 c\u00f4ng ty \u0111\u00e3 th\u00e0nh l\u1eadp trong c\u00e1c l\u0129nh v\u1ef1c kh\u00e1c nhau, bao g\u1ed3m c\u00f4ng ngh\u1ec7 th\u00f4ng tin, t\u00e0i ch\u00ednh, s\u00e1ng t\u1ea1o, \u0111\u1ea7u t\u01b0 m\u1ea1o hi\u1ec3m v\u00e0 th\u01b0\u01a1ng m\u1ea1i \u0111i\u1ec7n t\u1eed.<\/p><p>Ch\u00fang t\u00f4i l\u00e0 n\u01a1i b\u1ea1n c\u00f3 th\u1ec3 t\u00ecm th\u1ea5y \u0111\u1ed1i t\u00e1c kinh doanh c\u1ee7a m\u00ecnh qua m\u1ed9t c\u1ed1c bia ho\u1eb7c m\u1ed9t v\u00e1n b\u00f3ng b\u00e0n.<br \/>If you\u2019re a dynamic and eager to learn individual, then The Sentry Team is the place for you.<\/p><p>Lu\u00f4n c\u1eadp nh\u1eadt v\u1edbi ch\u00fang t\u00f4i nhi\u1ec1u c\u01a1 h\u1ed9i vi\u1ec7c l\u00e0m trong t\u01b0\u01a1ng lai.<\/p><p>Tham gia #thefutureofwork.<\/p><p>Tell us about yourself: hr@thesentry.com.vn<\/p>\t\t\t\t\t\t<\/div>\n\t\t\t\t<\/div>\n\t\t\t\t\t<\/div>\n\t\t<\/div>\n\t\t\t\t<div class=\"elementor-column elementor-col-50 elementor-top-column elementor-element elementor-element-49e4f7a\" data-id=\"49e4f7a\" data-element_type=\"column\" data-settings=\"{&quot;background_background&quot;:&quot;classic&quot;}\">\n\t\t\t<div class=\"elementor-widget-wrap elementor-element-populated\">\n\t\t\t\t\t\t<div class=\"elementor-element elementor-element-f5db4ec elementor-widget elementor-widget-image\" data-id=\"f5db4ec\" data-element_type=\"widget\" data-widget_type=\"image.default\">\n\t\t\t\t<div class=\"elementor-widget-container\">\n\t\t\t\t\t\t\t\t\t\t\t\t\t<img decoding=\"async\" width=\"1253\" height=\"836\" src=\"https:\/\/thesentry.com.vn\/wp-content\/uploads\/2023\/09\/careers.jpg\" class=\"attachment-full size-full wp-image-5420\" alt=\"\" srcset=\"https:\/\/thesentry.com.vn\/wp-content\/uploads\/2023\/09\/careers.jpg 1253w, https:\/\/thesentry.com.vn\/wp-content\/uploads\/2023\/09\/careers-300x200.jpg 300w, https:\/\/thesentry.com.vn\/wp-content\/uploads\/2023\/09\/careers-1024x683.jpg 1024w, https:\/\/thesentry.com.vn\/wp-content\/uploads\/2023\/09\/careers-768x512.jpg 768w, https:\/\/thesentry.com.vn\/wp-content\/uploads\/2023\/09\/careers-18x12.jpg 18w, https:\/\/thesentry.com.vn\/wp-content\/uploads\/2023\/09\/careers-600x400.jpg 600w\" sizes=\"(max-width: 1253px) 100vw, 1253px\" \/>\t\t\t\t\t\t\t\t\t\t\t\t\t<\/div>\n\t\t\t\t<\/div>\n\t\t\t\t\t<\/div>\n\t\t<\/div>\n\t\t\t\t\t<\/div>\n\t\t<\/section>\n\t\t\t\t<section class=\"elementor-section elementor-top-section elementor-element elementor-element-bdeb2cb elementor-section-boxed elementor-section-height-default elementor-section-height-default\" data-id=\"bdeb2cb\" data-element_type=\"section\">\n\t\t\t\t\t\t<div class=\"elementor-container elementor-column-gap-default\">\n\t\t\t\t\t<div class=\"elementor-column elementor-col-100 elementor-top-column elementor-element elementor-element-bad5f02\" data-id=\"bad5f02\" data-element_type=\"column\">\n\t\t\t<div class=\"elementor-widget-wrap elementor-element-populated\">\n\t\t\t\t\t\t<div class=\"elementor-element elementor-element-0584300 elementor-widget elementor-widget-heading\" data-id=\"0584300\" data-element_type=\"widget\" data-widget_type=\"heading.default\">\n\t\t\t\t<div class=\"elementor-widget-container\">\n\t\t\t<h2 class=\"elementor-heading-title elementor-size-default\">TUY\u1ec2N D\u1ee4NG<\/h2>\t\t<\/div>\n\t\t\t\t<\/div>\n\t\t\t\t<div class=\"elementor-element elementor-element-319eb31 elementor-widget elementor-widget-heading\" data-id=\"319eb31\" data-element_type=\"widget\" data-widget_type=\"heading.default\">\n\t\t\t\t<div class=\"elementor-widget-container\">\n\t\t\t<span class=\"elementor-heading-title elementor-size-default\">V\u1ecb tr\u00ed m\u1edf<\/span>\t\t<\/div>\n\t\t\t\t<\/div>\n\t\t\t\t<div class=\"elementor-element elementor-element-6a2dcab elementor-widget-divider--view-line elementor-widget elementor-widget-divider\" data-id=\"6a2dcab\" data-element_type=\"widget\" data-widget_type=\"divider.default\">\n\t\t\t\t<div class=\"elementor-widget-container\">\n\t\t\t<style>\/*! elementor - v3.20.0 - 10-04-2024 *\/\n.elementor-widget-divider{--divider-border-style:none;--divider-border-width:1px;--divider-color:#0c0d0e;--divider-icon-size:20px;--divider-element-spacing:10px;--divider-pattern-height:24px;--divider-pattern-size:20px;--divider-pattern-url:none;--divider-pattern-repeat:repeat-x}.elementor-widget-divider .elementor-divider{display:flex}.elementor-widget-divider .elementor-divider__text{font-size:15px;line-height:1;max-width:95%}.elementor-widget-divider .elementor-divider__element{margin:0 var(--divider-element-spacing);flex-shrink:0}.elementor-widget-divider .elementor-icon{font-size:var(--divider-icon-size)}.elementor-widget-divider .elementor-divider-separator{display:flex;margin:0;direction:ltr}.elementor-widget-divider--view-line_icon .elementor-divider-separator,.elementor-widget-divider--view-line_text .elementor-divider-separator{align-items:center}.elementor-widget-divider--view-line_icon .elementor-divider-separator:after,.elementor-widget-divider--view-line_icon .elementor-divider-separator:before,.elementor-widget-divider--view-line_text .elementor-divider-separator:after,.elementor-widget-divider--view-line_text .elementor-divider-separator:before{display:block;content:\"\";border-block-end:0;flex-grow:1;border-block-start:var(--divider-border-width) var(--divider-border-style) var(--divider-color)}.elementor-widget-divider--element-align-left .elementor-divider .elementor-divider-separator>.elementor-divider__svg:first-of-type{flex-grow:0;flex-shrink:100}.elementor-widget-divider--element-align-left .elementor-divider-separator:before{content:none}.elementor-widget-divider--element-align-left .elementor-divider__element{margin-left:0}.elementor-widget-divider--element-align-right .elementor-divider .elementor-divider-separator>.elementor-divider__svg:last-of-type{flex-grow:0;flex-shrink:100}.elementor-widget-divider--element-align-right .elementor-divider-separator:after{content:none}.elementor-widget-divider--element-align-right .elementor-divider__element{margin-right:0}.elementor-widget-divider--element-align-start .elementor-divider .elementor-divider-separator>.elementor-divider__svg:first-of-type{flex-grow:0;flex-shrink:100}.elementor-widget-divider--element-align-start .elementor-divider-separator:before{content:none}.elementor-widget-divider--element-align-start .elementor-divider__element{margin-inline-start:0}.elementor-widget-divider--element-align-end .elementor-divider .elementor-divider-separator>.elementor-divider__svg:last-of-type{flex-grow:0;flex-shrink:100}.elementor-widget-divider--element-align-end .elementor-divider-separator:after{content:none}.elementor-widget-divider--element-align-end .elementor-divider__element{margin-inline-end:0}.elementor-widget-divider:not(.elementor-widget-divider--view-line_text):not(.elementor-widget-divider--view-line_icon) .elementor-divider-separator{border-block-start:var(--divider-border-width) var(--divider-border-style) var(--divider-color)}.elementor-widget-divider--separator-type-pattern{--divider-border-style:none}.elementor-widget-divider--separator-type-pattern.elementor-widget-divider--view-line .elementor-divider-separator,.elementor-widget-divider--separator-type-pattern:not(.elementor-widget-divider--view-line) .elementor-divider-separator:after,.elementor-widget-divider--separator-type-pattern:not(.elementor-widget-divider--view-line) .elementor-divider-separator:before,.elementor-widget-divider--separator-type-pattern:not([class*=elementor-widget-divider--view]) .elementor-divider-separator{width:100%;min-height:var(--divider-pattern-height);-webkit-mask-size:var(--divider-pattern-size) 100%;mask-size:var(--divider-pattern-size) 100%;-webkit-mask-repeat:var(--divider-pattern-repeat);mask-repeat:var(--divider-pattern-repeat);background-color:var(--divider-color);-webkit-mask-image:var(--divider-pattern-url);mask-image:var(--divider-pattern-url)}.elementor-widget-divider--no-spacing{--divider-pattern-size:auto}.elementor-widget-divider--bg-round{--divider-pattern-repeat:round}.rtl .elementor-widget-divider .elementor-divider__text{direction:rtl}.e-con-inner>.elementor-widget-divider,.e-con>.elementor-widget-divider{width:var(--container-widget-width,100%);--flex-grow:var(--container-widget-flex-grow)}<\/style>\t\t<div class=\"elementor-divider\">\n\t\t\t<span class=\"elementor-divider-separator\">\n\t\t\t\t\t\t<\/span>\n\t\t<\/div>\n\t\t\t\t<\/div>\n\t\t\t\t<\/div>\n\t\t\t\t\t<\/div>\n\t\t<\/div>\n\t\t\t\t\t<\/div>\n\t\t<\/section>\n\t\t\t\t<\/div>\n\t\t","protected":false},"excerpt":{"rendered":"<p>V\u1ec0 CH\u00daNG T\u00d4I CH\u00daNG TA L\u00c0 AI T\u1ea1i The Sentry, ch\u00fang t\u00f4i \u0111ang mang h\u01b0\u01a1ng v\u1ecb v\u00e0 s\u1ef1 k\u1ef3 di\u1ec7u c\u1ee7a m\u00ecnh \u0111\u1ebfn t\u1ea5t c\u1ea3 c\u00e1c kh\u00f4ng gian l\u00e0m vi\u1ec7c, khu v\u1ef1c chung v\u00e0 ti\u1ec7n nghi v\u1edbi s\u1ef1 g\u00f3c c\u1ea1nh, b\u1ea5t k\u00ednh v\u00e0 \u0111\u1ed9c \u0111\u00e1o t\u1ea1o n\u00ean ch\u00fang t\u00f4i, ch\u00fang t\u00f4i. Th\u00f4ng qua nh\u1eefng kh\u00f4ng [&hellip;]<\/p>\n","protected":false},"author":1,"featured_media":0,"parent":0,"menu_order":0,"comment_status":"closed","ping_status":"closed","template":"","meta":{"footnotes":""},"_links":{"self":[{"href":"https:\/\/thesentry.com.vn\/vi\/wp-json\/wp\/v2\/pages\/7231"}],"collection":[{"href":"https:\/\/thesentry.com.vn\/vi\/wp-json\/wp\/v2\/pages"}],"about":[{"href":"https:\/\/thesentry.com.vn\/vi\/wp-json\/wp\/v2\/types\/page"}],"author":[{"embeddable":true,"href":"https:\/\/thesentry.com.vn\/vi\/wp-json\/wp\/v2\/users\/1"}],"replies":[{"embeddable":true,"href":"https:\/\/thesentry.com.vn\/vi\/wp-json\/wp\/v2\/comments?post=7231"}],"version-history":[{"count":0,"href":"https:\/\/thesentry.com.vn\/vi\/wp-json\/wp\/v2\/pages\/7231\/revisions"}],"wp:attachment":[{"href":"https:\/\/thesentry.com.vn\/vi\/wp-json\/wp\/v2\/media?parent=7231"}],"curies":[{"name":"wp","href":"https:\/\/api.w.org\/{rel}","templated":true}]}}