{"id":7233,"date":"2022-08-09T17:33:36","date_gmt":"2022-08-09T10:33:36","guid":{"rendered":"https:\/\/thesentry.com.vn\/impacts\/"},"modified":"2024-04-22T17:11:09","modified_gmt":"2024-04-22T10:11:09","slug":"impacts","status":"publish","type":"page","link":"https:\/\/thesentry.com.vn\/vi\/impacts\/","title":{"rendered":"Ph\u00e1t tri\u1ec3n b\u1ec1n v\u1eefng"},"content":{"rendered":"\t\t<div data-elementor-type=\"wp-page\" data-elementor-id=\"7233\" class=\"elementor elementor-7233\">\n\t\t\t\t\t\t<section class=\"elementor-section elementor-top-section elementor-element elementor-element-d02ceb0 elementor-section-height-min-height elementor-section-boxed elementor-section-height-default elementor-section-items-middle\" data-id=\"d02ceb0\" data-element_type=\"section\" data-settings=\"{&quot;background_background&quot;:&quot;classic&quot;}\">\n\t\t\t\t\t\t<div class=\"elementor-container elementor-column-gap-default\">\n\t\t\t\t\t<div class=\"elementor-column elementor-col-100 elementor-top-column elementor-element elementor-element-35e79ee\" data-id=\"35e79ee\" data-element_type=\"column\">\n\t\t\t<div class=\"elementor-widget-wrap elementor-element-populated\">\n\t\t\t\t\t\t<div class=\"elementor-element elementor-element-8bc78aa elementor-widget elementor-widget-heading\" data-id=\"8bc78aa\" data-element_type=\"widget\" data-widget_type=\"heading.default\">\n\t\t\t\t<div class=\"elementor-widget-container\">\n\t\t\t<style>\/*! elementor - v3.20.0 - 10-04-2024 *\/\n.elementor-heading-title{padding:0;margin:0;line-height:1}.elementor-widget-heading .elementor-heading-title[class*=elementor-size-]>a{color:inherit;font-size:inherit;line-height:inherit}.elementor-widget-heading .elementor-heading-title.elementor-size-small{font-size:15px}.elementor-widget-heading .elementor-heading-title.elementor-size-medium{font-size:19px}.elementor-widget-heading .elementor-heading-title.elementor-size-large{font-size:29px}.elementor-widget-heading .elementor-heading-title.elementor-size-xl{font-size:39px}.elementor-widget-heading .elementor-heading-title.elementor-size-xxl{font-size:59px}<\/style><h2 class=\"elementor-heading-title elementor-size-default\"><span style=\"font-family: SVN-Poppins, Montserrat; white-space-collapse: collapse;\">PH\u00c1T TRI\u1ec2N B\u1ec0N V\u1eeeNG<\/span><\/h2>\t\t<\/div>\n\t\t\t\t<\/div>\n\t\t\t\t\t<\/div>\n\t\t<\/div>\n\t\t\t\t\t<\/div>\n\t\t<\/section>\n\t\t\t\t<section class=\"elementor-section elementor-top-section elementor-element elementor-element-6c0f545 elementor-section-boxed elementor-section-height-default elementor-section-height-default\" data-id=\"6c0f545\" data-element_type=\"section\">\n\t\t\t\t\t\t<div class=\"elementor-container elementor-column-gap-default\">\n\t\t\t\t\t<div class=\"elementor-column elementor-col-50 elementor-top-column elementor-element elementor-element-a0d314d elementor-invisible\" data-id=\"a0d314d\" data-element_type=\"column\" data-settings=\"{&quot;animation&quot;:&quot;fadeInLeft&quot;,&quot;background_background&quot;:&quot;classic&quot;}\">\n\t\t\t<div class=\"elementor-widget-wrap elementor-element-populated\">\n\t\t\t\t\t\t<div class=\"elementor-element elementor-element-867244b elementor-widget elementor-widget-heading\" data-id=\"867244b\" data-element_type=\"widget\" data-widget_type=\"heading.default\">\n\t\t\t\t<div class=\"elementor-widget-container\">\n\t\t\t<h1 class=\"elementor-heading-title elementor-size-default\">S\u1ef0 B\u1ec0N V\u1eeeNG C\u1ee6A DOANH NGHI\u1ec6P<\/h1>\t\t<\/div>\n\t\t\t\t<\/div>\n\t\t\t\t<div class=\"elementor-element elementor-element-95b752b elementor-widget elementor-widget-text-editor\" data-id=\"95b752b\" data-element_type=\"widget\" data-widget_type=\"text-editor.default\">\n\t\t\t\t<div class=\"elementor-widget-container\">\n\t\t\t<style>\/*! elementor - v3.20.0 - 10-04-2024 *\/\n.elementor-widget-text-editor.elementor-drop-cap-view-stacked .elementor-drop-cap{background-color:#69727d;color:#fff}.elementor-widget-text-editor.elementor-drop-cap-view-framed .elementor-drop-cap{color:#69727d;border:3px solid;background-color:transparent}.elementor-widget-text-editor:not(.elementor-drop-cap-view-default) .elementor-drop-cap{margin-top:8px}.elementor-widget-text-editor:not(.elementor-drop-cap-view-default) .elementor-drop-cap-letter{width:1em;height:1em}.elementor-widget-text-editor .elementor-drop-cap{float:left;text-align:center;line-height:1;font-size:50px}.elementor-widget-text-editor .elementor-drop-cap-letter{display:inline-block}<\/style>\t\t\t\t<p>Ch\u00fang t\u00f4i \u0111\u00e3 \u0111i ti\u00ean phong trong c\u00e1ch ti\u1ebfp c\u1eadn t\u00edch h\u1ee3p \u0111\u1ec3 \u0111\u00e1nh gi\u00e1 c\u00e1c t\u00f2a nh\u00e0 v\u1ec1 m\u1ee9c ti\u00eau th\u1ee5 n\u0103ng l\u01b0\u1ee3ng, s\u1eed d\u1ee5ng n\u01b0\u1edbc v\u00e0 qu\u1ea3n l\u00fd ch\u1ea5t th\u1ea3i, c\u0169ng nh\u01b0 ch\u1ea5t l\u01b0\u1ee3ng m\u00f4i tr\u01b0\u1eddng trong nh\u00e0 v\u00e0 s\u1ee9c kh\u1ecfe, cho ph\u00e9p c\u00e1c th\u00e0nh vi\u00ean c\u1ee7a The Sentry \u0111\u00e1p \u1ee9ng c\u00e1c y\u00eau c\u1ea7u v\u1ec1 Qu\u1ea3n tr\u1ecb X\u00e3 h\u1ed9i Doanh nghi\u1ec7p (CSG).<\/p><p>M\u1ed7i d\u1ef1 \u00e1n ph\u00e1t tri\u1ec3n m\u1edbi c\u1ee7a ch\u00fang t\u00f4i s\u1ebd \u0111\u01b0\u1ee3c thi\u1ebft k\u1ebf \u0111\u1ec3 ti\u00ean phong \u00e1p d\u1ee5ng c\u00e1c ti\u00eau chu\u1ea9n cao nh\u1ea5t v\u00e0 \u0111\u00e1p \u1ee9ng ch\u1ee9ng nh\u1eadn &#8216;B\u00f4ng sen xanh&#8217; c\u1ee7a Vi\u1ec7t Nam c\u0169ng nh\u01b0 c\u00e1c ti\u00eau chu\u1ea9n qu\u1ed1c t\u1ebf nh\u01b0 &#8216;Ch\u1ee9ng nh\u1eadn Fitwell&#8217; c\u1ee7a Hoa K\u1ef3. T\u1ea5t c\u1ea3 c\u00e1c d\u1ef1 \u00e1n th\u01b0\u01a1ng m\u1ea1i s\u1eafp t\u1edbi c\u1ee7a ch\u00fang t\u00f4i \u0111\u1ec1u tu\u00e2n th\u1ee7 c\u00e1c ch\u00ednh s\u00e1ch b\u1ec1n v\u1eefng nghi\u00eam ng\u1eb7t do ch\u00ednh ph\u1ee7 Vi\u1ec7t Nam v\u00e0 c\u00e1c ti\u00eau chu\u1ea9n Qu\u1ed1c t\u1ebf\/Hoa K\u1ef3 \u0111\u1eb7t ra.<\/p>\t\t\t\t\t\t<\/div>\n\t\t\t\t<\/div>\n\t\t\t\t\t<\/div>\n\t\t<\/div>\n\t\t\t\t<div class=\"elementor-column elementor-col-50 elementor-top-column elementor-element elementor-element-b764bf0 elementor-invisible\" data-id=\"b764bf0\" data-element_type=\"column\" data-settings=\"{&quot;background_background&quot;:&quot;classic&quot;,&quot;animation&quot;:&quot;fadeInRight&quot;}\">\n\t\t\t<div class=\"elementor-widget-wrap elementor-element-populated\">\n\t\t\t\t\t\t<div class=\"elementor-element elementor-element-e87135c elementor-widget elementor-widget-image\" data-id=\"e87135c\" data-element_type=\"widget\" data-widget_type=\"image.default\">\n\t\t\t\t<div class=\"elementor-widget-container\">\n\t\t\t<style>\/*! elementor - v3.20.0 - 10-04-2024 *\/\n.elementor-widget-image{text-align:center}.elementor-widget-image a{display:inline-block}.elementor-widget-image a img[src$=\".svg\"]{width:48px}.elementor-widget-image img{vertical-align:middle;display:inline-block}<\/style>\t\t\t\t\t\t\t\t\t\t<img fetchpriority=\"high\" decoding=\"async\" width=\"2048\" height=\"1365\" src=\"https:\/\/thesentry.com.vn\/wp-content\/uploads\/2022\/11\/z3922623047347_c70405c724682e75ef7118e317a92e74.jpg\" class=\"attachment-full size-full wp-image-3705\" alt=\"A semilar at The Sentry P\" srcset=\"https:\/\/thesentry.com.vn\/wp-content\/uploads\/2022\/11\/z3922623047347_c70405c724682e75ef7118e317a92e74.jpg 2048w, https:\/\/thesentry.com.vn\/wp-content\/uploads\/2022\/11\/z3922623047347_c70405c724682e75ef7118e317a92e74-300x200.jpg 300w, https:\/\/thesentry.com.vn\/wp-content\/uploads\/2022\/11\/z3922623047347_c70405c724682e75ef7118e317a92e74-1024x683.jpg 1024w, https:\/\/thesentry.com.vn\/wp-content\/uploads\/2022\/11\/z3922623047347_c70405c724682e75ef7118e317a92e74-768x512.jpg 768w, https:\/\/thesentry.com.vn\/wp-content\/uploads\/2022\/11\/z3922623047347_c70405c724682e75ef7118e317a92e74-1536x1024.jpg 1536w, https:\/\/thesentry.com.vn\/wp-content\/uploads\/2022\/11\/z3922623047347_c70405c724682e75ef7118e317a92e74-18x12.jpg 18w, https:\/\/thesentry.com.vn\/wp-content\/uploads\/2022\/11\/z3922623047347_c70405c724682e75ef7118e317a92e74-600x400.jpg 600w\" sizes=\"(max-width: 2048px) 100vw, 2048px\" \/>\t\t\t\t\t\t\t\t\t\t\t\t\t<\/div>\n\t\t\t\t<\/div>\n\t\t\t\t\t<\/div>\n\t\t<\/div>\n\t\t\t\t\t<\/div>\n\t\t<\/section>\n\t\t\t\t<section class=\"elementor-section elementor-top-section elementor-element elementor-element-a904b46 elementor-section-boxed elementor-section-height-default elementor-section-height-default\" data-id=\"a904b46\" data-element_type=\"section\">\n\t\t\t\t\t\t<div class=\"elementor-container elementor-column-gap-default\">\n\t\t\t\t\t<div class=\"elementor-column elementor-col-50 elementor-top-column elementor-element elementor-element-3f6653c elementor-invisible\" data-id=\"3f6653c\" data-element_type=\"column\" data-settings=\"{&quot;background_background&quot;:&quot;classic&quot;,&quot;animation&quot;:&quot;fadeInLeft&quot;}\">\n\t\t\t<div class=\"elementor-widget-wrap elementor-element-populated\">\n\t\t\t\t\t\t<div class=\"elementor-element elementor-element-eeda23e elementor-widget elementor-widget-heading\" data-id=\"eeda23e\" data-element_type=\"widget\" data-widget_type=\"heading.default\">\n\t\t\t\t<div class=\"elementor-widget-container\">\n\t\t\t<h2 class=\"elementor-heading-title elementor-size-default\">SEN V\u00c0NG<\/h2>\t\t<\/div>\n\t\t\t\t<\/div>\n\t\t\t\t<div class=\"elementor-element elementor-element-9e4cf4c elementor-widget elementor-widget-text-editor\" data-id=\"9e4cf4c\" data-element_type=\"widget\" data-widget_type=\"text-editor.default\">\n\t\t\t\t<div class=\"elementor-widget-container\">\n\t\t\t\t\t\t\t<p>The Sentry l\u00e0 v\u0103n ph\u00f2ng linh ho\u1ea1t \u0111\u1ea7u ti\u00ean \u0111\u1ea1t ch\u1ee9ng nh\u1eadn Lotus Green c\u1ee7a Vi\u1ec7t Nam v\u1ec1 trang b\u1ecb, v\u1eadn h\u00e0nh v\u00e0 thi\u1ebft k\u1ebf.<\/p><p>Ch\u00fang t\u00f4i cam k\u1ebft kh\u00f4ng ng\u1eebng h\u1ecdc h\u1ecfi \u0111\u1ec3 c\u1ea3i thi\u1ec7n t\u00e1c \u0111\u1ed9ng x\u00e3 h\u1ed9i v\u00e0 m\u00f4i tr\u01b0\u1eddng c\u1ee7a m\u00ecnh, \u0111\u1ed3ng th\u1eddi ch\u1ee7 \u0111\u1ed9ng gi\u1ea3i quy\u1ebft c\u00e1c v\u1ea5n \u0111\u1ec1 quan tr\u1ecdng nh\u1ea5t \u0111\u1ed1i v\u1edbi \u0111\u1ed3ng nghi\u1ec7p, th\u00e0nh vi\u00ean v\u00e0 c\u1ed9ng \u0111\u1ed3ng c\u1ee7a ch\u00fang t\u00f4i.<\/p>\t\t\t\t\t\t<\/div>\n\t\t\t\t<\/div>\n\t\t\t\t\t<\/div>\n\t\t<\/div>\n\t\t\t\t<div class=\"elementor-column elementor-col-50 elementor-top-column elementor-element elementor-element-2479e15 elementor-invisible\" data-id=\"2479e15\" data-element_type=\"column\" data-settings=\"{&quot;background_background&quot;:&quot;classic&quot;,&quot;animation&quot;:&quot;fadeInRight&quot;}\">\n\t\t\t<div class=\"elementor-widget-wrap elementor-element-populated\">\n\t\t\t\t\t\t<div class=\"elementor-element elementor-element-4c7fa28 elementor-widget elementor-widget-image\" data-id=\"4c7fa28\" data-element_type=\"widget\" data-widget_type=\"image.default\">\n\t\t\t\t<div class=\"elementor-widget-container\">\n\t\t\t\t\t\t\t\t\t\t\t\t\t<img decoding=\"async\" width=\"150\" height=\"150\" src=\"https:\/\/thesentry.com.vn\/wp-content\/uploads\/2022\/11\/LOTUS-Gold-logo-1-150x150.png\" class=\"attachment-thumbnail size-thumbnail wp-image-3477\" alt=\"\" srcset=\"https:\/\/thesentry.com.vn\/wp-content\/uploads\/2022\/11\/elementor\/thumbs\/LOTUS-Gold-logo-1-pxftufii8oyzzoypinm5cagm5f6v257bs9x144oifw.png 150w, https:\/\/thesentry.com.vn\/wp-content\/uploads\/2022\/11\/LOTUS-Gold-logo-1-300x300.png 300w, https:\/\/thesentry.com.vn\/wp-content\/uploads\/2022\/11\/LOTUS-Gold-logo-1-12x12.png 12w, https:\/\/thesentry.com.vn\/wp-content\/uploads\/2022\/11\/elementor\/thumbs\/LOTUS-Gold-logo-1-pxftufihmrks6ovub76ka91fmr31q9lgudmg1ffwfc.png 100w, https:\/\/thesentry.com.vn\/wp-content\/uploads\/2022\/11\/LOTUS-Gold-logo-1.png 589w\" sizes=\"(max-width: 150px) 100vw, 150px\" \/>\t\t\t\t\t\t\t\t\t\t\t\t\t<\/div>\n\t\t\t\t<\/div>\n\t\t\t\t\t<\/div>\n\t\t<\/div>\n\t\t\t\t\t<\/div>\n\t\t<\/section>\n\t\t\t\t<section class=\"elementor-section elementor-top-section elementor-element elementor-element-1981ccf elementor-section-boxed elementor-section-height-default elementor-section-height-default\" data-id=\"1981ccf\" data-element_type=\"section\">\n\t\t\t\t\t\t<div class=\"elementor-container elementor-column-gap-default\">\n\t\t\t\t\t<div class=\"elementor-column elementor-col-50 elementor-top-column elementor-element elementor-element-73a892e elementor-invisible\" data-id=\"73a892e\" data-element_type=\"column\" data-settings=\"{&quot;background_background&quot;:&quot;classic&quot;,&quot;animation&quot;:&quot;fadeInLeft&quot;}\">\n\t\t\t<div class=\"elementor-widget-wrap elementor-element-populated\">\n\t\t\t\t\t\t<div class=\"elementor-element elementor-element-4ff132a elementor-widget elementor-widget-heading\" data-id=\"4ff132a\" data-element_type=\"widget\" data-widget_type=\"heading.default\">\n\t\t\t\t<div class=\"elementor-widget-container\">\n\t\t\t<h2 class=\"elementor-heading-title elementor-size-default\">S\u1ee8C KHO\u1eba & C\u00c2N B\u1eb0NG<\/h2>\t\t<\/div>\n\t\t\t\t<\/div>\n\t\t\t\t<div class=\"elementor-element elementor-element-014e4cd elementor-widget elementor-widget-text-editor\" data-id=\"014e4cd\" data-element_type=\"widget\" data-widget_type=\"text-editor.default\">\n\t\t\t\t<div class=\"elementor-widget-container\">\n\t\t\t\t\t\t\t<p>Ngo\u00e0i vi\u1ec7c cung c\u1ea5p m\u1ed9t kh\u00f4ng gian \u0111\u1ec3 ng\u01b0\u1eddi lao \u0111\u1ed9ng l\u00e0m nh\u1eefng g\u00ec h\u1ecd gi\u1ecfi nh\u1ea5t v\u00e0 h\u01b0\u1edbng t\u1edbi m\u1ed9t Vi\u1ec7t Nam \u0111\u1ed5i m\u1edbi h\u01a1n, ch\u00fang t\u00f4i c\u00f2n truy\u1ec1n c\u1ea3m h\u1ee9ng cho s\u1ef1 c\u00e2n b\u1eb1ng gi\u1eefa c\u00f4ng vi\u1ec7c v\u00e0 cu\u1ed9c s\u1ed1ng.\u00a0<\/p><p>V\u00e0o c\u00e1c bu\u1ed5i s\u00e1ng th\u1ee9 Ba, ch\u00fang t\u00f4i t\u1ed5 ch\u1ee9c l\u1edbp h\u1ecdc yoga v\u00e0 thi\u1ec1n mi\u1ec5n ph\u00ed \u0111\u1ec3 t\u1ea5t c\u1ea3 c\u00e1c th\u00e0nh vi\u00ean tho\u00e1t kh\u1ecfi m\u00e1y t\u00ednh x\u00e1ch tay v\u00e0 s\u1eafp x\u1ebfp l\u1ea1i t\u00e2m tr\u00ed c\u0169ng nh\u01b0 c\u01a1 th\u1ec3 c\u1ee7a h\u1ecd. V\u00e0 \u0111\u1ed1i v\u1edbi nh\u1eefng ng\u01b0\u1eddi mu\u1ed1n th\u01b0 gi\u00e3n sau m\u1ed9t ng\u00e0y d\u00e0i l\u00e0m vi\u1ec7c, b\u00e0n b\u00f3ng b\u00e0n, m\u00e1y pha c\u00e0 ph\u00ea v\u00e0 m\u00e1y pha ch\u1ebf bia lu\u00f4n s\u1eb5n s\u00e0ng ph\u1ee5c v\u1ee5 c\u1ea3 ng\u00e0y l\u1eabn \u0111\u00eam.<\/p><p>M\u1ed9t t\u00ednh n\u0103ng \u0111\u00e1ng ch\u00fa \u00fd kh\u00e1c l\u00e0 ph\u00f2ng M\u1eb9 &amp; B\u00e9, n\u01a1i cung c\u1ea5p m\u1ed9t \u0111\u1ecba \u0111i\u1ec3m l\u00e0m vi\u1ec7c an to\u00e0n cho nh\u1eefng ng\u01b0\u1eddi m\u1edbi l\u00e0m m\u1eb9.\u00a0<\/p>\t\t\t\t\t\t<\/div>\n\t\t\t\t<\/div>\n\t\t\t\t\t<\/div>\n\t\t<\/div>\n\t\t\t\t<div class=\"elementor-column elementor-col-50 elementor-top-column elementor-element elementor-element-e8599b3 elementor-invisible\" data-id=\"e8599b3\" data-element_type=\"column\" data-settings=\"{&quot;background_background&quot;:&quot;classic&quot;,&quot;animation&quot;:&quot;fadeInRight&quot;}\">\n\t\t\t<div class=\"elementor-widget-wrap elementor-element-populated\">\n\t\t\t\t\t\t<div class=\"elementor-element elementor-element-600e5f1 elementor-widget elementor-widget-image\" data-id=\"600e5f1\" data-element_type=\"widget\" data-widget_type=\"image.default\">\n\t\t\t\t<div class=\"elementor-widget-container\">\n\t\t\t\t\t\t\t\t\t\t\t\t\t<img decoding=\"async\" width=\"1500\" height=\"1200\" src=\"https:\/\/thesentry.com.vn\/wp-content\/uploads\/2022\/10\/Namaste-Tuesday.jpg\" class=\"attachment-full size-full wp-image-2390\" alt=\"\" srcset=\"https:\/\/thesentry.com.vn\/wp-content\/uploads\/2022\/10\/Namaste-Tuesday.jpg 1500w, https:\/\/thesentry.com.vn\/wp-content\/uploads\/2022\/10\/Namaste-Tuesday-300x240.jpg 300w, https:\/\/thesentry.com.vn\/wp-content\/uploads\/2022\/10\/Namaste-Tuesday-1024x819.jpg 1024w, https:\/\/thesentry.com.vn\/wp-content\/uploads\/2022\/10\/Namaste-Tuesday-768x614.jpg 768w, https:\/\/thesentry.com.vn\/wp-content\/uploads\/2022\/10\/Namaste-Tuesday-600x480.jpg 600w\" sizes=\"(max-width: 1500px) 100vw, 1500px\" \/>\t\t\t\t\t\t\t\t\t\t\t\t\t<\/div>\n\t\t\t\t<\/div>\n\t\t\t\t\t<\/div>\n\t\t<\/div>\n\t\t\t\t\t<\/div>\n\t\t<\/section>\n\t\t\t\t<\/div>\n\t\t","protected":false},"excerpt":{"rendered":"<p>PH\u00c1T TRI\u1ec2N B\u1ec0N V\u1eeeNG S\u1ef0 B\u1ec0N V\u1eeeNG C\u1ee6A DOANH NGHI\u1ec6P Ch\u00fang t\u00f4i \u0111\u00e3 \u0111i ti\u00ean phong trong c\u00e1ch ti\u1ebfp c\u1eadn t\u00edch h\u1ee3p \u0111\u1ec3 \u0111\u00e1nh gi\u00e1 c\u00e1c t\u00f2a nh\u00e0 v\u1ec1 m\u1ee9c ti\u00eau th\u1ee5 n\u0103ng l\u01b0\u1ee3ng, s\u1eed d\u1ee5ng n\u01b0\u1edbc v\u00e0 qu\u1ea3n l\u00fd ch\u1ea5t th\u1ea3i, c\u0169ng nh\u01b0 ch\u1ea5t l\u01b0\u1ee3ng m\u00f4i tr\u01b0\u1eddng trong nh\u00e0 v\u00e0 s\u1ee9c kh\u1ecfe, cho ph\u00e9p [&hellip;]<\/p>\n","protected":false},"author":1,"featured_media":0,"parent":0,"menu_order":0,"comment_status":"closed","ping_status":"closed","template":"","meta":{"footnotes":""},"_links":{"self":[{"href":"https:\/\/thesentry.com.vn\/vi\/wp-json\/wp\/v2\/pages\/7233"}],"collection":[{"href":"https:\/\/thesentry.com.vn\/vi\/wp-json\/wp\/v2\/pages"}],"about":[{"href":"https:\/\/thesentry.com.vn\/vi\/wp-json\/wp\/v2\/types\/page"}],"author":[{"embeddable":true,"href":"https:\/\/thesentry.com.vn\/vi\/wp-json\/wp\/v2\/users\/1"}],"replies":[{"embeddable":true,"href":"https:\/\/thesentry.com.vn\/vi\/wp-json\/wp\/v2\/comments?post=7233"}],"version-history":[{"count":6,"href":"https:\/\/thesentry.com.vn\/vi\/wp-json\/wp\/v2\/pages\/7233\/revisions"}],"predecessor-version":[{"id":7715,"href":"https:\/\/thesentry.com.vn\/vi\/wp-json\/wp\/v2\/pages\/7233\/revisions\/7715"}],"wp:attachment":[{"href":"https:\/\/thesentry.com.vn\/vi\/wp-json\/wp\/v2\/media?parent=7233"}],"curies":[{"name":"wp","href":"https:\/\/api.w.org\/{rel}","templated":true}]}}