{"id":7283,"date":"2023-03-06T14:30:34","date_gmt":"2023-03-06T07:30:34","guid":{"rendered":"https:\/\/thesentry.com.vn\/request-feedback\/"},"modified":"2024-04-15T16:46:31","modified_gmt":"2024-04-15T09:46:31","slug":"request-feedback","status":"publish","type":"page","link":"https:\/\/thesentry.com.vn\/vi\/request-feedback\/","title":{"rendered":"REQUEST\/FEEDBACK"},"content":{"rendered":"\t\t<div data-elementor-type=\"wp-page\" data-elementor-id=\"7283\" class=\"elementor elementor-7283\">\n\t\t\t\t\t\t<section class=\"elementor-section elementor-top-section elementor-element elementor-element-4dcb611 elementor-section-boxed elementor-section-height-default elementor-section-height-default\" data-id=\"4dcb611\" data-element_type=\"section\">\n\t\t\t\t\t\t<div class=\"elementor-container elementor-column-gap-default\">\n\t\t\t\t\t<div class=\"elementor-column elementor-col-100 elementor-top-column elementor-element elementor-element-22ff218\" data-id=\"22ff218\" data-element_type=\"column\">\n\t\t\t<div class=\"elementor-widget-wrap elementor-element-populated\">\n\t\t\t\t\t\t<div class=\"elementor-element elementor-element-573f138 elementor-widget elementor-widget-heading\" data-id=\"573f138\" data-element_type=\"widget\" data-widget_type=\"heading.default\">\n\t\t\t\t<div class=\"elementor-widget-container\">\n\t\t\t<style>\/*! elementor - v3.20.0 - 10-04-2024 *\/\n.elementor-heading-title{padding:0;margin:0;line-height:1}.elementor-widget-heading .elementor-heading-title[class*=elementor-size-]>a{color:inherit;font-size:inherit;line-height:inherit}.elementor-widget-heading .elementor-heading-title.elementor-size-small{font-size:15px}.elementor-widget-heading .elementor-heading-title.elementor-size-medium{font-size:19px}.elementor-widget-heading .elementor-heading-title.elementor-size-large{font-size:29px}.elementor-widget-heading .elementor-heading-title.elementor-size-xl{font-size:39px}.elementor-widget-heading .elementor-heading-title.elementor-size-xxl{font-size:59px}<\/style><h1 class=\"elementor-heading-title elementor-size-default\">Y\u00caU C\u1ea6U\/PH\u1ea2N H\u1ed2I<\/h1>\t\t<\/div>\n\t\t\t\t<\/div>\n\t\t\t\t<section class=\"elementor-section elementor-inner-section elementor-element elementor-element-478a109 elementor-section-boxed elementor-section-height-default elementor-section-height-default\" data-id=\"478a109\" data-element_type=\"section\">\n\t\t\t\t\t\t<div class=\"elementor-container elementor-column-gap-default\">\n\t\t\t\t\t<div class=\"elementor-column elementor-col-50 elementor-inner-column elementor-element elementor-element-5f1a5f1\" data-id=\"5f1a5f1\" data-element_type=\"column\">\n\t\t\t<div class=\"elementor-widget-wrap elementor-element-populated\">\n\t\t\t\t\t\t<div class=\"elementor-element elementor-element-9fe88d8 elementor-widget elementor-widget-text-editor\" data-id=\"9fe88d8\" data-element_type=\"widget\" data-widget_type=\"text-editor.default\">\n\t\t\t\t<div class=\"elementor-widget-container\">\n\t\t\t<style>\/*! elementor - v3.20.0 - 10-04-2024 *\/\n.elementor-widget-text-editor.elementor-drop-cap-view-stacked .elementor-drop-cap{background-color:#69727d;color:#fff}.elementor-widget-text-editor.elementor-drop-cap-view-framed .elementor-drop-cap{color:#69727d;border:3px solid;background-color:transparent}.elementor-widget-text-editor:not(.elementor-drop-cap-view-default) .elementor-drop-cap{margin-top:8px}.elementor-widget-text-editor:not(.elementor-drop-cap-view-default) .elementor-drop-cap-letter{width:1em;height:1em}.elementor-widget-text-editor .elementor-drop-cap{float:left;text-align:center;line-height:1;font-size:50px}.elementor-widget-text-editor .elementor-drop-cap-letter{display:inline-block}<\/style>\t\t\t\t<p dir=\"ltr\" data-placeholder=\"B\u1ea3n d\u1ecbch\">M\u1ecdi th\u1eafc m\u1eafc vui l\u00f2ng h\u1ecfi l\u1ec5 t\u00e2n c\u0169ng nh\u01b0 ch\u00fang t\u00f4i s\u1ebd ti\u1ebfp nh\u1eadn th\u00f4ng tin v\u00e0 cung c\u1ea5p \u0111\u00fang ch\u1ea5t li\u1ec7u cho qu\u00fd kh\u00e1ch h\u00e0ng. C\u1ea3m \u01a1n v\u00ec s\u1ef1 b\u1ea5t ti\u1ec7n n\u00e0y.<\/p><p dir=\"ltr\" data-placeholder=\"B\u1ea3n d\u1ecbch\"><span lang=\"en\">Email:\u00a0<b>concierge@thesentry.com.vn<\/b><\/span><\/p><p>\u0110i\u1ec7n tho\u1ea1i: <a href=\"tel:0969067845\" target=\"_blank\" rel=\"noopener\">+84 969 067 845<\/a><\/p><p>Li\u00ean l\u1ea1c kh\u1ea9n c\u1ea5p: <a href=\"tel:02871087939\">028 7108 7939<\/a><\/p>\t\t\t\t\t\t<\/div>\n\t\t\t\t<\/div>\n\t\t\t\t\t<\/div>\n\t\t<\/div>\n\t\t\t\t<div class=\"elementor-column elementor-col-50 elementor-inner-column elementor-element elementor-element-a76f0fd elementor-invisible\" data-id=\"a76f0fd\" data-element_type=\"column\" data-settings=\"{&quot;animation&quot;:&quot;fadeInRight&quot;}\">\n\t\t\t<div class=\"elementor-widget-wrap elementor-element-populated\">\n\t\t\t\t\t\t<div class=\"elementor-element elementor-element-6ca0a77 elementor-button-align-start elementor-widget elementor-widget-form\" data-id=\"6ca0a77\" data-element_type=\"widget\" data-settings=\"{&quot;step_next_label&quot;:&quot;Next&quot;,&quot;step_previous_label&quot;:&quot;Previous&quot;,&quot;button_width&quot;:&quot;100&quot;,&quot;step_type&quot;:&quot;number_text&quot;,&quot;step_icon_shape&quot;:&quot;circle&quot;}\" data-widget_type=\"form.default\">\n\t\t\t\t<div class=\"elementor-widget-container\">\n\t\t\t<style>\/*! elementor-pro - v3.7.0 - 08-05-2022 *\/\n.elementor-button.elementor-hidden,.elementor-hidden{display:none}.e-form__step{width:100%}.e-form__step:not(.elementor-hidden){display:-webkit-box;display:-ms-flexbox;display:flex;-ms-flex-wrap:wrap;flex-wrap:wrap}.e-form__buttons{-ms-flex-wrap:wrap;flex-wrap:wrap}.e-form__buttons,.e-form__buttons__wrapper{display:-webkit-box;display:-ms-flexbox;display:flex}.e-form__indicators{-webkit-box-pack:justify;-ms-flex-pack:justify;justify-content:space-between;-ms-flex-wrap:nowrap;flex-wrap:nowrap;font-size:13px;margin-bottom:var(--e-form-steps-indicators-spacing)}.e-form__indicators,.e-form__indicators__indicator{display:-webkit-box;display:-ms-flexbox;display:flex;-webkit-box-align:center;-ms-flex-align:center;align-items:center}.e-form__indicators__indicator{-webkit-box-orient:vertical;-webkit-box-direction:normal;-ms-flex-direction:column;flex-direction:column;-webkit-box-pack:center;-ms-flex-pack:center;justify-content:center;-ms-flex-preferred-size:0;flex-basis:0;padding:0 var(--e-form-steps-divider-gap)}.e-form__indicators__indicator__progress{width:100%;position:relative;background-color:var(--e-form-steps-indicator-progress-background-color);border-radius:var(--e-form-steps-indicator-progress-border-radius);overflow:hidden}.e-form__indicators__indicator__progress__meter{width:var(--e-form-steps-indicator-progress-meter-width,0);height:var(--e-form-steps-indicator-progress-height);line-height:var(--e-form-steps-indicator-progress-height);padding-right:15px;border-radius:var(--e-form-steps-indicator-progress-border-radius);background-color:var(--e-form-steps-indicator-progress-color);color:var(--e-form-steps-indicator-progress-meter-color);text-align:right;-webkit-transition:width .1s linear;-o-transition:width .1s linear;transition:width .1s linear}.e-form__indicators__indicator:first-child{padding-left:0}.e-form__indicators__indicator:last-child{padding-right:0}.e-form__indicators__indicator--state-inactive{color:var(--e-form-steps-indicator-inactive-primary-color,#c2cbd2)}.e-form__indicators__indicator--state-inactive [class*=indicator--shape-]:not(.e-form__indicators__indicator--shape-none){background-color:var(--e-form-steps-indicator-inactive-secondary-color,#fff)}.e-form__indicators__indicator--state-inactive object,.e-form__indicators__indicator--state-inactive svg{fill:var(--e-form-steps-indicator-inactive-primary-color,#c2cbd2)}.e-form__indicators__indicator--state-active{color:var(--e-form-steps-indicator-active-primary-color,#39b54a);border-color:var(--e-form-steps-indicator-active-secondary-color,#fff)}.e-form__indicators__indicator--state-active [class*=indicator--shape-]:not(.e-form__indicators__indicator--shape-none){background-color:var(--e-form-steps-indicator-active-secondary-color,#fff)}.e-form__indicators__indicator--state-active object,.e-form__indicators__indicator--state-active svg{fill:var(--e-form-steps-indicator-active-primary-color,#39b54a)}.e-form__indicators__indicator--state-completed{color:var(--e-form-steps-indicator-completed-secondary-color,#fff)}.e-form__indicators__indicator--state-completed [class*=indicator--shape-]:not(.e-form__indicators__indicator--shape-none){background-color:var(--e-form-steps-indicator-completed-primary-color,#39b54a)}.e-form__indicators__indicator--state-completed .e-form__indicators__indicator__label{color:var(--e-form-steps-indicator-completed-primary-color,#39b54a)}.e-form__indicators__indicator--state-completed .e-form__indicators__indicator--shape-none{color:var(--e-form-steps-indicator-completed-primary-color,#39b54a);background-color:initial}.e-form__indicators__indicator--state-completed object,.e-form__indicators__indicator--state-completed svg{fill:var(--e-form-steps-indicator-completed-secondary-color,#fff)}.e-form__indicators__indicator__icon{width:var(--e-form-steps-indicator-padding,30px);height:var(--e-form-steps-indicator-padding,30px);font-size:var(--e-form-steps-indicator-icon-size);border-width:1px;border-style:solid;display:-webkit-box;display:-ms-flexbox;display:flex;-webkit-box-pack:center;-ms-flex-pack:center;justify-content:center;-webkit-box-align:center;-ms-flex-align:center;align-items:center;overflow:hidden;margin-bottom:10px}.e-form__indicators__indicator__icon img,.e-form__indicators__indicator__icon object,.e-form__indicators__indicator__icon svg{width:var(--e-form-steps-indicator-icon-size);height:auto}.e-form__indicators__indicator__icon .e-font-icon-svg{height:1em}.e-form__indicators__indicator__number{width:var(--e-form-steps-indicator-padding,30px);height:var(--e-form-steps-indicator-padding,30px);border-width:1px;border-style:solid;display:-webkit-box;display:-ms-flexbox;display:flex;-webkit-box-pack:center;-ms-flex-pack:center;justify-content:center;-webkit-box-align:center;-ms-flex-align:center;align-items:center;margin-bottom:10px}.e-form__indicators__indicator--shape-circle{border-radius:50%}.e-form__indicators__indicator--shape-square{border-radius:0}.e-form__indicators__indicator--shape-rounded{border-radius:5px}.e-form__indicators__indicator--shape-none{border:0}.e-form__indicators__indicator__label{text-align:center}.e-form__indicators__indicator__separator{width:100%;height:var(--e-form-steps-divider-width);background-color:#c2cbd2}.e-form__indicators--type-icon,.e-form__indicators--type-icon_text,.e-form__indicators--type-number,.e-form__indicators--type-number_text{-webkit-box-align:start;-ms-flex-align:start;align-items:flex-start}.e-form__indicators--type-icon .e-form__indicators__indicator__separator,.e-form__indicators--type-icon_text .e-form__indicators__indicator__separator,.e-form__indicators--type-number .e-form__indicators__indicator__separator,.e-form__indicators--type-number_text .e-form__indicators__indicator__separator{margin-top:calc(var(--e-form-steps-indicator-padding, 30px) \/ 2 - var(--e-form-steps-divider-width, 1px) \/ 2)}.elementor-field-type-hidden{display:none}.elementor-field-type-html{display:inline-block}.elementor-login .elementor-lost-password,.elementor-login .elementor-remember-me{font-size:.85em}.elementor-field-type-recaptcha_v3 .elementor-field-label{display:none}.elementor-field-type-recaptcha_v3 .grecaptcha-badge{z-index:1}.elementor-button .elementor-form-spinner{-webkit-box-ordinal-group:4;-ms-flex-order:3;order:3}.elementor-form .elementor-button>span{display:-webkit-box;display:-ms-flexbox;display:flex;-webkit-box-pack:center;-ms-flex-pack:center;justify-content:center;-webkit-box-align:center;-ms-flex-align:center;align-items:center}.elementor-form .elementor-button .elementor-button-text{white-space:normal;-webkit-box-flex:0;-ms-flex-positive:0;flex-grow:0}.elementor-form .elementor-button svg{height:auto}.elementor-form .elementor-button .e-font-icon-svg{height:1em}<\/style>\t\t<form class=\"elementor-form\" method=\"post\" name=\"Contact\">\n\t\t\t<input type=\"hidden\" name=\"post_id\" value=\"7283\"\/>\n\t\t\t<input type=\"hidden\" name=\"form_id\" value=\"6ca0a77\"\/>\n\t\t\t<input type=\"hidden\" name=\"referer_title\" value=\"\" \/>\n\n\t\t\t\n\t\t\t<div class=\"elementor-form-fields-wrapper elementor-labels-above\">\n\t\t\t\t\t\t\t\t<div class=\"elementor-field-type-text elementor-field-group elementor-column elementor-field-group-firstname elementor-col-50 elementor-field-required elementor-mark-required\">\n\t\t\t\t\t\t\t\t\t\t\t\t\t<input size=\"1\" type=\"text\" name=\"form_fields[firstname]\" id=\"form-field-firstname\" class=\"elementor-field elementor-size-sm  elementor-field-textual\" placeholder=\"T\u00ean*\" required=\"required\" aria-required=\"true\">\n\t\t\t\t\t\t\t\t\t\t\t<\/div>\n\t\t\t\t\t\t\t\t<div class=\"elementor-field-type-text elementor-field-group elementor-column elementor-field-group-lastname elementor-col-50 elementor-field-required elementor-mark-required\">\n\t\t\t\t\t\t\t\t\t\t\t\t\t<input size=\"1\" type=\"text\" name=\"form_fields[lastname]\" id=\"form-field-lastname\" class=\"elementor-field elementor-size-sm  elementor-field-textual\" placeholder=\"H\u1ecd*\" required=\"required\" aria-required=\"true\">\n\t\t\t\t\t\t\t\t\t\t\t<\/div>\n\t\t\t\t\t\t\t\t<div class=\"elementor-field-type-text elementor-field-group elementor-column elementor-field-group-phone elementor-col-50 elementor-field-required elementor-mark-required\">\n\t\t\t\t\t\t\t\t\t\t\t\t\t<input size=\"1\" type=\"text\" name=\"form_fields[phone]\" id=\"form-field-phone\" class=\"elementor-field elementor-size-sm  elementor-field-textual\" placeholder=\"S\u1ed1 \u0111i\u1ec7n tho\u1ea1i*\" required=\"required\" aria-required=\"true\">\n\t\t\t\t\t\t\t\t\t\t\t<\/div>\n\t\t\t\t\t\t\t\t<div class=\"elementor-field-type-text elementor-field-group elementor-column elementor-field-group-company elementor-col-50 elementor-field-required elementor-mark-required\">\n\t\t\t\t\t\t\t\t\t\t\t\t\t<input size=\"1\" type=\"text\" name=\"form_fields[company]\" id=\"form-field-company\" class=\"elementor-field elementor-size-sm  elementor-field-textual\" placeholder=\"Ph\u00f2ng*\" required=\"required\" aria-required=\"true\">\n\t\t\t\t\t\t\t\t\t\t\t<\/div>\n\t\t\t\t\t\t\t\t<div class=\"elementor-field-type-textarea elementor-field-group elementor-column elementor-field-group-message elementor-col-100 elementor-field-required elementor-mark-required\">\n\t\t\t\t\t<textarea class=\"elementor-field-textual elementor-field  elementor-size-sm\" name=\"form_fields[message]\" id=\"form-field-message\" rows=\"2\" placeholder=\"Tin nh\u1eafn\" required=\"required\" aria-required=\"true\"><\/textarea>\t\t\t\t<\/div>\n\t\t\t\t\t\t\t\t<div class=\"elementor-field-type-select elementor-field-group elementor-column elementor-field-group-didyouhearaboutus elementor-col-100 elementor-field-type-select-multiple elementor-field-required elementor-mark-required\">\n\t\t\t\t\t\t\t\t\t\t\t\t<label for=\"form-field-didyouhearaboutus\" class=\"elementor-field-label\">\n\t\t\t\t\t\t\t\tCh\u1ecdn c\u00e1c m\u1ee5c \u0111\u1ec3 th\u00eam\t\t\t\t\t\t\t<\/label>\n\t\t\t\t\t\t\t\t<div class=\"elementor-field elementor-select-wrapper \">\n\t\t\t<select name=\"form_fields[didyouhearaboutus][]\" id=\"form-field-didyouhearaboutus\" class=\"elementor-field-textual elementor-size-sm\" required=\"required\" aria-required=\"true\" multiple=\"\" size=\"10\">\n\t\t\t\t\t\t\t\t\t<option value=\"L\u00c0M S\u1ea0CH.\">L\u00c0M S\u1ea0CH.<\/option>\n\t\t\t\t\t\t\t\t\t<option value=\"1. G\u1ed1i gi\u1ea3.\">1. G\u1ed1i gi\u1ea3.<\/option>\n\t\t\t\t\t\t\t\t\t<option value=\"2. T\u1ea5m \u0111\u01b0\u1ee3c trang b\u1ecb.\">2. T\u1ea5m \u0111\u01b0\u1ee3c trang b\u1ecb.<\/option>\n\t\t\t\t\t\t\t\t\t<option value=\"3. V\u1ecf ch\u0103n.\">3. V\u1ecf ch\u0103n.<\/option>\n\t\t\t\t\t\t\t\t\t<option value=\"4. Ch\u0103n l\u00f4ng v\u0169 300 gsm.\">4. Ch\u0103n l\u00f4ng v\u0169 300 gsm.<\/option>\n\t\t\t\t\t\t\t\t\t<option value=\"5. V\u1ecf b\u1ea3o v\u1ec7.\">5. V\u1ecf b\u1ea3o v\u1ec7.<\/option>\n\t\t\t\t\t\t\t\t\t<option value=\"6. \u00c1o cho\u00e0ng t\u1eafm.\">6. \u00c1o cho\u00e0ng t\u1eafm.<\/option>\n\t\t\t\t\t\t\t\t\t<option value=\"7. D\u00e9p \u0111i trong nh\u00e0.\">7. D\u00e9p \u0111i trong nh\u00e0.<\/option>\n\t\t\t\t\t\t\t\t\t<option value=\"8. Kh\u0103n t\u1eafm.\">8. Kh\u0103n t\u1eafm.<\/option>\n\t\t\t\t\t\t\t\t\t<option value=\"9. Kh\u0103n lau tay.\">9. Kh\u0103n lau tay.<\/option>\n\t\t\t\t\t\t\t\t\t<option value=\"10. Kh\u0103n M\u1eb7t.\">10. Kh\u0103n M\u1eb7t.<\/option>\n\t\t\t\t\t\t\t\t\t<option value=\"11. Th\u1ea3m t\u1eafm.\">11. Th\u1ea3m t\u1eafm.<\/option>\n\t\t\t\t\t\t\t\t\t<option value=\"12. R\u1ed5.\">12. R\u1ed5.<\/option>\n\t\t\t\t\t\t\t\t\t<option value=\"13. \u00d4.\">13. \u00d4.<\/option>\n\t\t\t\t\t\t\t\t\t<option value=\"15. Ph\u00f2ng tab.\">15. Ph\u00f2ng tab.<\/option>\n\t\t\t\t\t\t\t\t\t<option value=\"16. H\u1ed9p \u0111\u1ef1ng x\u00e0 ph\u00f2ng.\">16. H\u1ed9p \u0111\u1ef1ng x\u00e0 ph\u00f2ng.<\/option>\n\t\t\t\t\t\t\t\t\t<option value=\"17. Ti\u1ec7n nghi.\">17. Ti\u1ec7n nghi.<\/option>\n\t\t\t\t\t\t\t\t\t<option value=\"18. M\u00f3c Treo Qu\u1ea7n \u00c1o.\">18. M\u00f3c Treo Qu\u1ea7n \u00c1o.<\/option>\n\t\t\t\t\t\t\t\t\t<option value=\"19. \u1ea4m si\u00eau t\u1ed1c HAFELE-907B.\">19. \u1ea4m si\u00eau t\u1ed1c HAFELE-907B.<\/option>\n\t\t\t\t\t\t\t\t\t<option value=\"20. M\u00e1y l\u1ecdc n\u01b0\u1edbc RO Toshiba\">20. M\u00e1y l\u1ecdc n\u01b0\u1edbc RO Toshiba<\/option>\n\t\t\t\t\t\t\t\t\t<option value=\"21. M\u00e1y S\u1ea5y T\u00f3c Philip 1200W.\">21. M\u00e1y S\u1ea5y T\u00f3c Philip 1200W.<\/option>\n\t\t\t\t\t\t\t\t\t<option value=\"22. B\u00e1t XS.\">22. B\u00e1t XS.<\/option>\n\t\t\t\t\t\t\t\t\t<option value=\"23. C\u1ed1c C\u00f3 Tay C\u1ea7m MS.\">23. C\u1ed1c C\u00f3 Tay C\u1ea7m MS.<\/option>\n\t\t\t\t\t\t\t\t\t<option value=\"24. C\u00fap S\">24. C\u00fap S<\/option>\n\t\t\t\t\t\t\t\t\t<option value=\"25. B\u00ecnh \u0111\u1ef1ng n\u01b0\u1edbc M.\">25. B\u00ecnh \u0111\u1ef1ng n\u01b0\u1edbc M.<\/option>\n\t\t\t\t\t\t\t\t\t<option value=\"26. Long Tray S.\">26. Long Tray S.<\/option>\n\t\t\t\t\t\t\t\t\t<option value=\"27. MS Long M\u00e2m.\">27. MS Long M\u00e2m.<\/option>\n\t\t\t\t\t\t\t\t\t<option value=\"28. Mu\u1ed7ng c\u00e0 ph\u00ea.\">28. Mu\u1ed7ng c\u00e0 ph\u00ea.<\/option>\n\t\t\t\t\t\t\t<\/select>\n\t\t<\/div>\n\t\t\t\t\t\t<\/div>\n\t\t\t\t\t\t\t\t<div class=\"elementor-field-type-select elementor-field-group elementor-column elementor-field-group-preferredlocation elementor-col-100 elementor-field-required elementor-mark-required\">\n\t\t\t\t\t\t\t\t\t\t\t\t<label for=\"form-field-preferredlocation\" class=\"elementor-field-label\">\n\t\t\t\t\t\t\t\tPreferred Location\t\t\t\t\t\t\t<\/label>\n\t\t\t\t\t\t\t\t<div class=\"elementor-field elementor-select-wrapper \">\n\t\t\t<select name=\"form_fields[preferredlocation]\" id=\"form-field-preferredlocation\" class=\"elementor-field-textual elementor-size-sm\" required=\"required\" aria-required=\"true\">\n\t\t\t\t\t\t\t\t\t<option value=\"The Sentry L\">The Sentry L<\/option>\n\t\t\t\t\t\t\t<\/select>\n\t\t<\/div>\n\t\t\t\t\t\t<\/div>\n\t\t\t\t\t\t\t\t<div class=\"elementor-field-type-recaptcha_v3 elementor-field-group elementor-column elementor-field-group-field_62c73f0 elementor-col-100 recaptcha_v3-bottomleft\">\n\t\t\t\t\t<div class=\"elementor-field\" id=\"form-field-field_62c73f0\"><div class=\"elementor-g-recaptcha\" data-sitekey=\"6Ldf50YkAAAAAM-2WCUKpM_8ZoNf80m6Tx58C33w\" data-type=\"v3\" data-action=\"Form\" data-badge=\"bottomleft\" data-size=\"invisible\"><\/div><\/div>\t\t\t\t<\/div>\n\t\t\t\t\t\t\t\t<div class=\"elementor-field-group elementor-column elementor-field-type-submit elementor-col-100 e-form__buttons\">\n\t\t\t\t\t<button type=\"submit\" class=\"elementor-button elementor-size-sm\">\n\t\t\t\t\t\t<span >\n\t\t\t\t\t\t\t\t\t\t\t\t\t\t\t<span class=\" elementor-button-icon\">\n\t\t\t\t\t\t\t\t\t\t\t\t\t\t\t\t\t\t\t\t\t\t\t\t\t\t<\/span>\n\t\t\t\t\t\t\t\t\t\t\t\t\t\t\t\t\t\t\t\t\t\t<span class=\"elementor-button-text\">G\u1eedi<\/span>\n\t\t\t\t\t\t\t\t\t\t\t\t\t<\/span>\n\t\t\t\t\t<\/button>\n\t\t\t\t<\/div>\n\t\t\t<\/div>\n\t\t<\/form>\n\t\t\t\t<\/div>\n\t\t\t\t<\/div>\n\t\t\t\t\t<\/div>\n\t\t<\/div>\n\t\t\t\t\t<\/div>\n\t\t<\/section>\n\t\t\t\t\t<\/div>\n\t\t<\/div>\n\t\t\t\t\t<\/div>\n\t\t<\/section>\n\t\t\t\t<\/div>\n\t\t","protected":false},"excerpt":{"rendered":"<p>Y\u00caU C\u1ea6U\/PH\u1ea2N H\u1ed2I M\u1ecdi th\u1eafc m\u1eafc vui l\u00f2ng h\u1ecfi l\u1ec5 t\u00e2n c\u0169ng nh\u01b0 ch\u00fang t\u00f4i s\u1ebd ti\u1ebfp nh\u1eadn th\u00f4ng tin v\u00e0 cung c\u1ea5p \u0111\u00fang ch\u1ea5t li\u1ec7u cho qu\u00fd kh\u00e1ch h\u00e0ng. C\u1ea3m \u01a1n v\u00ec s\u1ef1 b\u1ea5t ti\u1ec7n n\u00e0y. Email:\u00a0concierge@thesentry.com.vn \u0110i\u1ec7n tho\u1ea1i: +84 969 067 845 Li\u00ean l\u1ea1c kh\u1ea9n c\u1ea5p: 028 7108 7939<\/p>\n","protected":false},"author":1,"featured_media":0,"parent":0,"menu_order":0,"comment_status":"closed","ping_status":"closed","template":"","meta":{"footnotes":""},"_links":{"self":[{"href":"https:\/\/thesentry.com.vn\/vi\/wp-json\/wp\/v2\/pages\/7283"}],"collection":[{"href":"https:\/\/thesentry.com.vn\/vi\/wp-json\/wp\/v2\/pages"}],"about":[{"href":"https:\/\/thesentry.com.vn\/vi\/wp-json\/wp\/v2\/types\/page"}],"author":[{"embeddable":true,"href":"https:\/\/thesentry.com.vn\/vi\/wp-json\/wp\/v2\/users\/1"}],"replies":[{"embeddable":true,"href":"https:\/\/thesentry.com.vn\/vi\/wp-json\/wp\/v2\/comments?post=7283"}],"version-history":[{"count":0,"href":"https:\/\/thesentry.com.vn\/vi\/wp-json\/wp\/v2\/pages\/7283\/revisions"}],"wp:attachment":[{"href":"https:\/\/thesentry.com.vn\/vi\/wp-json\/wp\/v2\/media?parent=7283"}],"curies":[{"name":"wp","href":"https:\/\/api.w.org\/{rel}","templated":true}]}}