{"id":7301,"date":"2022-08-03T07:24:02","date_gmt":"2022-08-03T07:24:02","guid":{"rendered":"https:\/\/thesentry.com.vn\/privacy-policy\/"},"modified":"2024-04-15T15:01:19","modified_gmt":"2024-04-15T08:01:19","slug":"privacy-policy","status":"publish","type":"page","link":"https:\/\/thesentry.com.vn\/vi\/privacy-policy\/","title":{"rendered":"Ch\u00ednh s\u00e1ch b\u1ea3o m\u1eadt"},"content":{"rendered":"<h1>CH\u00cdNH S\u00c1CH B\u1ea2O M\u1eacT<\/h1>\n<h3>Sentry t\u00f4n tr\u1ecdng quy\u1ec1n ri\u00eang t\u01b0 c\u1ee7a t\u1ea5t c\u1ea3 c\u00e1c v\u1ecb kh\u00e1ch c\u1ee7a ch\u00fang t\u00f4i v\u00e0 ch\u00fang t\u00f4i cam k\u1ebft b\u1ea3o v\u1ec7 quy\u1ec1n ri\u00eang t\u01b0 \u0111\u00f3. Ch\u00ednh s\u00e1ch n\u00e0y m\u00f4 t\u1ea3 c\u00e1ch ch\u00fang t\u00f4i thu th\u1eadp, s\u1eed d\u1ee5ng v\u00e0 ti\u1ebft l\u1ed9 th\u00f4ng tin v\u1ec1 kh\u00e1ch c\u1ee7a m\u00ecnh.<\/h3>\n<h3>1.TH\u00d4NG TIN \u0110\u00c3 THU TH\u1eacP.<\/h3>\n<p>Ch\u00fang t\u00f4i thu th\u1eadp th\u00f4ng tin c\u00f3 th\u1ec3 nh\u1eadn d\u1ea1ng c\u00e1 nh\u00e2n b\u1ea1n, ch\u1eb3ng h\u1ea1n nh\u01b0 t\u00ean, \u0111\u1ecba ch\u1ec9 g\u1eedi th\u01b0, s\u1ed1 \u0111i\u1ec7n tho\u1ea1i, \u0111\u1ecba ch\u1ec9 email, th\u00f4ng tin th\u1ebb t\u00edn d\u1ee5ng, \u0111\u1ecba \u0111i\u1ec3m, v.v. (&#8220;D\u1eef li\u1ec7u C\u00e1 nh\u00e2n&#8221;) ch\u1ec9 khi b\u1ea1n ho\u1eb7c b\u1edfi m\u1ed9t b\u00ean t\u1ef1 nguy\u1ec7n cung c\u1ea5p cho ch\u00fang t\u00f4i. b\u00ean th\u1ee9 ba (ch\u1eb3ng h\u1ea1n nh\u01b0 c\u00f4ng ty du l\u1ecbch) thay m\u1eb7t b\u1ea1n. Ch\u00fang t\u00f4i thu th\u1eadp d\u1eef li\u1ec7u c\u00e1 nh\u00e2n khi d\u1eef li\u1ec7u \u0111\u01b0\u1ee3c cung c\u1ea5p th\u00f4ng qua c\u00e1c bi\u1ec3u m\u1eabu tr\u00ean trang web, \u1ee9ng d\u1ee5ng di \u0111\u1ed9ng, qua \u0111i\u1ec7n tho\u1ea1i, qua th\u01b0 tay ho\u1eb7c e-mail ho\u1eb7c g\u1eb7p tr\u1ef1c ti\u1ebfp.<\/p>\n<p>Trang web n\u00e0y kh\u00f4ng thu th\u1eadp, l\u01b0u ho\u1eb7c l\u01b0u tr\u1eef b\u1ea5t k\u1ef3 D\u1eef li\u1ec7u C\u00e1 nh\u00e2n n\u00e0o t\u1eeb b\u1ea1n trong khi b\u1ea1n ch\u1ec9 duy\u1ec7t trang web n\u00e0y, tr\u1eeb khi b\u1ea1n t\u1ef1 nguy\u1ec7n v\u00e0 c\u1ed1 \u00fd cung c\u1ea5p cho ch\u00fang t\u00f4i (v\u00ed d\u1ee5: b\u1eb1ng c\u00e1ch \u0111\u1eb7t ch\u1ed7 tr\u1ef1c tuy\u1ebfn ho\u1eb7c y\u00eau c\u1ea7u th\u00eam th\u00f4ng tin).<\/p>\n<p>M\u00e1y ch\u1ee7 c\u1ee7a ch\u00fang t\u00f4i t\u1ef1 \u0111\u1ed9ng thu th\u1eadp m\u1ed9t s\u1ed1 th\u00f4ng tin k\u1ef9 thu\u1eadt, phi c\u00e1 nh\u00e2n khi b\u1ea1n s\u1eed d\u1ee5ng c\u00e1c trang web ho\u1eb7c \u1ee9ng d\u1ee5ng di \u0111\u1ed9ng c\u1ee7a ch\u00fang t\u00f4i (\u201cD\u1eef li\u1ec7u s\u1eed d\u1ee5ng\u201d). D\u1eef li\u1ec7u k\u1ef9 thu\u1eadt c\u00f3 th\u1ec3 bao g\u1ed3m v\u1ecb tr\u00ed, lo\u1ea1i tr\u00ecnh duy\u1ec7t, h\u1ec7 \u0111i\u1ec1u h\u00e0nh, l\u01b0\u1ee3t xem trang v\u00e0 s\u1ed1 l\u1ea7n nh\u1ea5p, d\u1eef li\u1ec7u v\u1ecb tr\u00ed, \u0111\u1ecba ch\u1ec9 IP, ID thi\u1ebft b\u1ecb duy nh\u1ea5t v\u00e0 URL gi\u1edbi thi\u1ec7u.<\/p>\n<h3>S\u1eec D\u1ee4NG TH\u00d4NG TIN.<\/h3>\n<p>Ch\u00fang t\u00f4i s\u1eed d\u1ee5ng d\u1eef li\u1ec7u c\u00e1 nh\u00e2n c\u1ee7a b\u1ea1n \u0111\u1ec3 th\u1ef1c hi\u1ec7n m\u1ee5c \u0111\u00edch m\u00e0 d\u1eef li\u1ec7u \u0111\u01b0\u1ee3c cung c\u1ea5p ho\u1eb7c theo c\u00e1ch kh\u00e1c \u0111\u01b0\u1ee3c n\u00eau trong ch\u00ednh s\u00e1ch n\u00e0y. V\u00ed d\u1ee5: ch\u00fang t\u00f4i c\u00f3 th\u1ec3 s\u1eed d\u1ee5ng d\u1eef li\u1ec7u c\u00e1 nh\u00e2n c\u1ee7a b\u1ea1n khi c\u1ea7n thi\u1ebft \u0111\u1ec3:<\/p>\n<ul type=\"disc\">\n<li>\u0110\u1ea3m b\u1ea3o kh\u00f3a k\u1ef9 thu\u1eadt s\u1ed1 ch\u1ec9 \u0111\u01b0\u1ee3c c\u1ea5p v\u00e0 k\u00edch ho\u1ea1t t\u1ea1i kh\u00e1ch s\u1ea1n cho nh\u1eefng kh\u00e1ch l\u01b0u tr\u00fa th\u1ef1c t\u1ebf t\u1ea1i kh\u00e1ch s\u1ea1n c\u1ee7a ch\u00fang t\u00f4i b\u1eb1ng c\u00e1ch x\u00e1c nh\u1eadn d\u1eef li\u1ec7u v\u1ecb tr\u00ed \u0111\u1ecba l\u00fd khi \u1ee9ng d\u1ee5ng The Sentry \u0111\u01b0\u1ee3c s\u1eed d\u1ee5ng;<\/li>\n<li>X\u1eed l\u00fd y\u00eau c\u1ea7u \u0111\u1eb7t ph\u00f2ng v\u00e0 thanh to\u00e1n c\u1ee7a b\u1ea1n;<\/li>\n<li>Ghi danh b\u1ea1n v\u00e0o ch\u01b0\u01a1ng tr\u00ecnh kh\u00e1ch h\u00e0ng th\u00e2n thi\u1ebft c\u1ee7a The Sentry;<\/li>\n<li>Li\u00ean l\u1ea1c v\u1edbi b\u1ea1n v\u1ec1 \u0111\u1eb7t ph\u00f2ng c\u1ee7a b\u1ea1n;<\/li>\n<li>Th\u1ef1c hi\u1ec7n c\u00e1c thay \u0111\u1ed5i \u0111\u01b0\u1ee3c y\u00eau c\u1ea7u \u0111\u1ed1i v\u1edbi \u0111\u1eb7t ch\u1ed7 ho\u1eb7c t\u00e0i kho\u1ea3n ng\u01b0\u1eddi d\u00f9ng c\u1ee7a b\u1ea1n;<\/li>\n<li>Cung c\u1ea5p cho b\u1ea1n tr\u1ea3i nghi\u1ec7m \u0111\u01b0\u1ee3c c\u00e1 nh\u00e2n h\u00f3a tr\u00ean c\u00e1c trang web c\u1ee7a ch\u00fang t\u00f4i;<\/li>\n<li>Tr\u1ea3 l\u1eddi c\u00e1c c\u00e2u h\u1ecfi c\u1ee7a b\u1ea1n v\u00e0 c\u00e1c th\u00f4ng tin li\u00ean l\u1ea1c kh\u00e1c;<\/li>\n<li>\u0110\u0103ng k\u00fd cho b\u1ea1n \u0111\u1ec3 nh\u1eadn c\u00e1c e-mail ti\u1ebfp th\u1ecb\/qu\u1ea3ng c\u00e1o ho\u1eb7c th\u00f4ng tin kh\u00e1c m\u00e0 b\u1ea1n \u0111\u00e3 b\u00e0y t\u1ecf s\u1ef1 quan t\u00e2m;<\/li>\n<li>\u0110\u1ec3 tu\u00e2n th\u1ee7 c\u00e1c y\u00eau c\u1ea7u ph\u00e1p l\u00fd.<\/li>\n<\/ul>\n<p>B\u1ea1n c\u00f3 th\u1ec3 t\u1eeb ch\u1ed1i nh\u1eadn b\u1ea5t k\u1ef3 email qu\u1ea3ng c\u00e1o ho\u1eb7c ti\u1ebfp th\u1ecb n\u00e0o v\u00e0o b\u1ea5t k\u1ef3 l\u00fac n\u00e0o b\u1eb1ng c\u00e1ch li\u00ean h\u1ec7 tr\u1ef1c ti\u1ebfp v\u1edbi ch\u00fang t\u00f4i ho\u1eb7c nh\u1ea5p v\u00e0o li\u00ean k\u1ebft \u201cch\u1ecdn kh\u00f4ng tham gia\u201d ho\u1eb7c \u201ch\u1ee7y \u0111\u0103ng k\u00fd\u201d trong c\u00e1c email \u0111\u00f3. Tuy nhi\u00ean, ch\u00fang t\u00f4i c\u00f3 th\u1ec3 ti\u1ebfp t\u1ee5c li\u00ean h\u1ec7 v\u1edbi b\u1ea1n \u0111\u1ec3 cung c\u1ea5p th\u00f4ng tin li\u00ean quan v\u1ec1 c\u00e1c \u0111\u1eb7t ph\u00f2ng tr\u01b0\u1edbc \u0111\u00e2y ho\u1eb7c s\u1eafp t\u1edbi c\u1ee7a b\u1ea1n v\u1edbi ch\u00fang t\u00f4i v\u00e0 tr\u1ea1ng th\u00e1i c\u1ee7a t\u00e0i kho\u1ea3n kh\u00e1ch h\u00e0ng th\u00e2n thi\u1ebft.<\/p>\n<p>Ch\u00fang t\u00f4i c\u00f3 th\u1ec3 s\u1eed d\u1ee5ng d\u1eef li\u1ec7u s\u1eed d\u1ee5ng m\u00e0 ch\u00fang t\u00f4i thu th\u1eadp v\u00ec b\u1ea5t k\u1ef3 l\u00fd do g\u00ec m\u00e0 ch\u00fang t\u00f4i cho l\u00e0 ph\u00f9 h\u1ee3p, bao g\u1ed3m c\u1ea3 vi\u1ec7c c\u1ea3i thi\u1ec7n, duy tr\u00ec v\u00e0 v\u1eadn h\u00e0nh c\u00e1c trang web c\u0169ng nh\u01b0 d\u1ecbch v\u1ee5 c\u1ee7a ch\u00fang t\u00f4i.<\/p>\n<h3>CHIA S\u1eba TH\u00d4NG TIN<\/h3>\n<p>Ch\u00fang t\u00f4i s\u1ebd kh\u00f4ng b\u00e1n b\u1ea5t k\u1ef3 d\u1eef li\u1ec7u c\u00e1 nh\u00e2n n\u00e0o c\u1ee7a b\u1ea1n cho b\u1ea5t k\u1ef3 t\u1ed5 ch\u1ee9c b\u00ean ngo\u00e0i n\u00e0o. Ch\u00fang t\u00f4i ch\u1ec9 ti\u1ebft l\u1ed9 d\u1eef li\u1ec7u c\u00e1 nh\u00e2n c\u1ee7a b\u1ea1n cho c\u00e1c b\u00ean th\u1ee9 ba khi c\u1ea7n thi\u1ebft m\u1ed9t c\u00e1ch h\u1ee3p l\u00fd \u0111\u1ec3 th\u1ef1c hi\u1ec7n c\u00e1c m\u1ee5c \u0111\u00edch s\u1eed d\u1ee5ng \u0111\u01b0\u1ee3c ph\u00e9p \u0111\u01b0\u1ee3c m\u00f4 t\u1ea3 trong ph\u1ea7n \u201cS\u1eec D\u1ee4NG TH\u00d4NG TIN\u201d c\u1ee7a ch\u00ednh s\u00e1ch n\u00e0y. V\u00ed d\u1ee5: ch\u00fang t\u00f4i c\u00f3 th\u1ec3 chia s\u1ebb d\u1eef li\u1ec7u c\u00e1 nh\u00e2n v\u1edbi:<\/p>\n<ul type=\"disc\">\n<li>B\u1ed9 x\u1eed l\u00fd thanh to\u00e1n, nh\u00e0 th\u1ea7u h\u1ed7 tr\u1ee3 k\u1ef9 thu\u1eadt v\u00e0 kh\u00e1ch h\u00e0ng c\u1ee7a ch\u00fang t\u00f4i v\u00e0 c\u00e1c nh\u00e0 cung c\u1ea5p d\u1ecbch v\u1ee5 kh\u00e1c, nh\u1eefng ng\u01b0\u1eddi \u0111\u01b0\u1ee3c y\u00eau c\u1ea7u gi\u1eef b\u00ed m\u1eadt d\u1eef li\u1ec7u c\u00e1 nh\u00e2n v\u00e0 b\u1ecb c\u1ea5m s\u1eed d\u1ee5ng d\u1eef li\u1ec7u \u0111\u00f3 ngo\u00e0i m\u1ee5c \u0111\u00edch th\u1ef1c hi\u1ec7n d\u1ecbch v\u1ee5 c\u1ee7a h\u1ecd thay m\u1eb7t ch\u00fang t\u00f4i;<\/li>\n<li>Nh\u1eefng ng\u01b0\u1eddi th\u1eeba k\u1ebf c\u1ee7a ch\u00fang t\u00f4i trong tr\u01b0\u1eddng h\u1ee3p mua b\u00e1n, s\u00e1p nh\u1eadp, mua l\u1ea1i ho\u1eb7c giao d\u1ecbch t\u01b0\u01a1ng t\u1ef1 \u1ea3nh h\u01b0\u1edfng \u0111\u1ebfn ph\u1ea7n kinh doanh c\u00f3 li\u00ean quan c\u1ee7a ch\u00fang t\u00f4i;<\/li>\n<li>C\u00e1c c\u01a1 quan ph\u00e1p lu\u1eadt v\u00e0 ch\u00ednh ph\u1ee7 ho\u1eb7c c\u00e1c b\u00ean th\u1ee9 ba kh\u00e1c, trong ph\u1ea1m vi c\u1ea7n thi\u1ebft \u0111\u1ec3 tu\u00e2n th\u1ee7 l\u1ec7nh ph\u00e1p l\u00fd ho\u1eb7c lu\u1eadt hi\u1ec7n h\u00e0nh.<\/li>\n<\/ul>\n<h3>B\u1ea2O M\u1eacT D\u1eee LI\u1ec6U C\u00c1 NH\u00c2N<\/h3>\n<p>Sentry cam k\u1ebft b\u1ea3o m\u1eadt d\u1eef li\u1ec7u c\u00e1 nh\u00e2n c\u1ee7a b\u1ea1n. Ch\u00fang t\u00f4i s\u1eed d\u1ee5ng c\u00e1c bi\u1ec7n ph\u00e1p k\u1ef9 thu\u1eadt h\u1ee3p l\u00fd v\u1ec1 m\u1eb7t th\u01b0\u01a1ng m\u1ea1i \u0111\u1ec3 b\u1ea3o v\u1ec7 d\u1eef li\u1ec7u c\u00e1 nh\u00e2n m\u00e0 ch\u00fang t\u00f4i s\u1edf h\u1eefu v\u00e0 trang web c\u1ee7a ch\u00fang t\u00f4i s\u1eed d\u1ee5ng c\u00f4ng ngh\u1ec7 m\u00e3 h\u00f3a l\u1edbp c\u1ed5ng b\u1ea3o m\u1eadt (SSL) \u0111\u1ec3 gi\u00fap b\u1ea3o v\u1ec7 quy\u1ec1n ri\u00eang t\u01b0 c\u1ee7a th\u00f4ng tin th\u1ebb t\u00edn d\u1ee5ng, t\u00ean, \u0111\u1ecba ch\u1ec9, email v\u00e0 c\u00e1c th\u00f4ng tin nh\u1ea1y c\u1ea3m kh\u00e1c m\u00e0 b\u1ea1n cung c\u1ea5p cho ch\u00fang t\u00f4i.<\/p>\n<h3>COOKIES V\u00c0 H\u1ed2 S\u01a0<\/h3>\n<p>Sentry v\u00e0 b\u1ed9 ph\u1eadn ti\u1ebfp th\u1ecb c\u1ee7a ch\u00fang t\u00f4i c\u00f3 th\u1ec3 s\u1eed d\u1ee5ng cookie, pixel v\u00f4 h\u00ecnh, \u0111\u1ed1i t\u01b0\u1ee3ng \u0111\u01b0\u1ee3c chia s\u1ebb c\u1ee5c b\u1ed9 (t\u1ee9c l\u00e0 cookie li\u00ean t\u1ee5c) v\u00e0 b\u1ecd web \u0111\u1ec3 l\u1ea5y th\u00f4ng tin v\u1ec1 kh\u00e1ch truy c\u1eadp trang web v\u00e0 \u1ee9ng d\u1ee5ng di \u0111\u1ed9ng c\u1ee7a ch\u00fang t\u00f4i. Cookie l\u00e0 c\u00e1c t\u1ec7p v\u0103n b\u1ea3n nh\u1ecf \u0111\u01b0\u1ee3c \u0111\u1eb7t tr\u00ean m\u00e1y t\u00ednh ho\u1eb7c thi\u1ebft b\u1ecb di \u0111\u1ed9ng khi b\u1ea1n truy c\u1eadp trang web ho\u1eb7c s\u1eed d\u1ee5ng \u1ee8ng d\u1ee5ng. Ch\u00fang t\u00f4i s\u1eed d\u1ee5ng cookie tr\u00ean c\u00e1c trang web v\u00e0 \u1ee9ng d\u1ee5ng c\u1ee7a m\u00ecnh \u0111\u1ec3 c\u00e1 nh\u00e2n h\u00f3a n\u1ed9i dung hi\u1ec3n th\u1ecb cho b\u1ea1n, l\u01b0u gi\u1eef th\u00f4ng tin nh\u01b0 ng\u00e0y th\u00e1ng v\u00e0 l\u1ef1a ch\u1ecdn ph\u00f2ng khi b\u1ea1n ti\u1ebfn h\u00e0nh quy tr\u00ecnh \u0111\u1eb7t ph\u00f2ng, cho ph\u00e9p b\u1ea1n \u0111\u0103ng nh\u1eadp d\u1ec5 d\u00e0ng h\u01a1n v\u00e0 theo d\u00f5i ph\u1ea3n h\u1ed3i \u0111\u1ed1i v\u1edbi qu\u1ea3ng c\u00e1o c\u1ee7a ch\u00fang t\u00f4i.<\/p>\n<p>B\u1ea1n c\u00f3 th\u1ec3 \u0111\u1eb7t m\u00e1y t\u00ednh c\u1ea3nh b\u00e1o m\u1ed7i khi cookie \u0111\u01b0\u1ee3c g\u1eedi ho\u1eb7c t\u1eaft t\u1ea5t c\u1ea3 cookie th\u00f4ng qua tr\u00ecnh duy\u1ec7t c\u1ee7a b\u1ea1n. Ki\u1ec3m tra menu Tr\u1ee3 gi\u00fap c\u1ee7a tr\u00ecnh duy\u1ec7t ho\u1eb7c c\u00e0i \u0111\u1eb7t thi\u1ebft b\u1ecb di \u0111\u1ed9ng t\u00edch h\u1ee3p c\u1ee7a b\u1ea1n \u0111\u1ec3 t\u00ecm hi\u1ec3u c\u00e1ch th\u1ef1c hi\u1ec7n. M\u1ed9t s\u1ed1 thi\u1ebft b\u1ecb di \u0111\u1ed9ng l\u01b0u tr\u1eef cookie kh\u00f4ng ch\u1ec9 \u1edf c\u00e1c khu v\u1ef1c \u0111\u01b0\u1ee3c k\u1ebft n\u1ed1i v\u1edbi tr\u00ecnh duy\u1ec7t m\u00e0 c\u00f2n \u1edf c\u00e1c khu v\u1ef1c d\u00e0nh ri\u00eang cho \u1ee9ng d\u1ee5ng m\u00e0 c\u00e0i \u0111\u1eb7t tr\u00ecnh duy\u1ec7t kh\u00f4ng th\u1ec3 ki\u1ec3m so\u00e1t \u0111\u01b0\u1ee3c. Ki\u1ec3m tra c\u00e1c t\u00f9y ch\u1ecdn c\u00e0i \u0111\u1eb7t \u1ee9ng d\u1ee5ng tr\u00ean thi\u1ebft b\u1ecb di \u0111\u1ed9ng c\u1ee7a b\u1ea1n \u0111\u1ec3 t\u00ecm hi\u1ec3u c\u00e1ch qu\u1ea3n l\u00fd ho\u1eb7c x\u00f3a cookie c\u00f3 th\u1ec3 \u0111\u01b0\u1ee3c l\u01b0u tr\u1eef \u1edf nh\u1eefng khu v\u1ef1c kh\u00e1c n\u00e0y. N\u1ebfu b\u1ea1n kh\u00f4ng ch\u1ea5p nh\u1eadn cookie, m\u1ed9t s\u1ed1 t\u00ednh n\u0103ng, d\u1ecbch v\u1ee5 ho\u1eb7c ho\u1ea1t \u0111\u1ed9ng c\u00f3 s\u1eb5n tr\u00ean c\u00e1c trang web ho\u1eb7c \u1ee9ng d\u1ee5ng d\u00e0nh cho thi\u1ebft b\u1ecb di \u0111\u1ed9ng c\u1ee7a ch\u00fang t\u00f4i c\u00f3 th\u1ec3 b\u1ecb \u1ea3nh h\u01b0\u1edfng x\u1ea5u v\u00e0 b\u1ea1n kh\u00f4ng th\u1ec3 th\u1ef1c hi\u1ec7n m\u1ed9t s\u1ed1 giao d\u1ecbch nh\u1ea5t \u0111\u1ecbnh, s\u1eed d\u1ee5ng m\u1ed9t s\u1ed1 ch\u1ee9c n\u0103ng nh\u1ea5t \u0111\u1ecbnh v\u00e0 truy c\u1eadp m\u1ed9t s\u1ed1 n\u1ed9i dung nh\u1ea5t \u0111\u1ecbnh. L\u1ef1a ch\u1ecdn ch\u1ea5p nh\u1eadn ho\u1eb7c t\u1eeb ch\u1ed1i cookie kh\u00e1c v\u1edbi l\u1ef1a ch\u1ecdn ch\u1ea5p nh\u1eadn\/t\u1eeb ch\u1ed1i email c\u1ee7a b\u1ea1n.<\/p>\n<p>Ch\u00fang t\u00f4i c\u0169ng ph\u00e2n ph\u00e1t qu\u1ea3ng c\u00e1o th\u00f4ng qua c\u00f4ng ngh\u1ec7 qu\u1ea3ng c\u00e1o c\u1ee7a b\u00ean th\u1ee9 ba. Trong qu\u00e1 tr\u00ecnh ph\u00e2n ph\u1ed1i qu\u1ea3ng c\u00e1o c\u1ee7a ch\u00fang t\u00f4i cho b\u1ea1n, cookie li\u00ean t\u1ee5c c\u1ee7a b\u00ean th\u1ee9 ba, gif r\u00f5 r\u00e0ng ho\u1eb7c gif \u0111\u00e8n hi\u1ec7u c\u00f3 th\u1ec3 \u0111\u01b0\u1ee3c \u0111\u1eb7t tr\u00ean m\u00e1y t\u00ednh ho\u1eb7c thi\u1ebft b\u1ecb c\u1ee7a b\u1ea1n \u0111\u1ec3 gi\u00fap qu\u1ea3n l\u00fd qu\u1ea3ng c\u00e1o tr\u1ef1c tuy\u1ebfn c\u1ee7a ch\u00fang t\u00f4i, nh\u1eadn bi\u1ebft khi m\u1ed9t thi\u1ebft b\u1ecb truy c\u1eadp trang web c\u1ee7a ch\u00fang t\u00f4i, t\u00ecm hi\u1ec3u qu\u1ea3ng c\u00e1o n\u00e0o mang l\u1ea1i cho ng\u01b0\u1eddi d\u00f9ng \u0111\u1ebfn c\u00e1c trang web c\u1ee7a ch\u00fang t\u00f4i v\u00e0 theo d\u00f5i xem vi\u1ec7c \u0111\u1eb7t ch\u1ed7 c\u00f3 \u0111\u01b0\u1ee3c th\u1ef1c hi\u1ec7n hay kh\u00f4ng. Th\u00f4ng tin m\u00e0 c\u00e1c nh\u00e0 cung c\u1ea5p d\u1ecbch v\u1ee5 ph\u00e2n ph\u1ed1i qu\u1ea3ng c\u00e1o c\u1ee7a ch\u00fang t\u00f4i v\u00e0 ch\u00fang t\u00f4i thu th\u1eadp th\u00f4ng qua c\u00f4ng ngh\u1ec7 n\u00e0y kh\u00f4ng th\u1ec3 nh\u1eadn d\u1ea1ng c\u00e1 nh\u00e2n nh\u01b0ng \u0111\u01b0\u1ee3c s\u1eed d\u1ee5ng \u0111\u1ec3 t\u1ea1o m\u1ed9t h\u1ed3 s\u01a1 \u1ea9n danh cho ph\u00e9p nh\u00e0 cung c\u1ea5p d\u1ecbch v\u1ee5 qu\u1ea3ng c\u00e1o ph\u00e2n ph\u00e1t qu\u1ea3ng c\u00e1o \u0111\u01b0\u1ee3c nh\u1eafm m\u1ee5c ti\u00eau \u0111\u1ebfn b\u1ea1n v\u00e0 s\u1edf th\u00edch c\u1ee7a b\u1ea1n tr\u00ean m\u1ea1ng ph\u00e2n ph\u00e1t qu\u1ea3ng c\u00e1o.<\/p>\n<h3>LI\u00caN K\u1ebeT \u0110\u1ebeN TRANG WEB C\u1ee6A B\u00caN TH\u1ee8 BA<\/h3>\n<p>Xin l\u01b0u \u00fd r\u1eb1ng m\u1ed7i trang web c\u1ee7a b\u00ean th\u1ee9 ba c\u00f3 s\u1eb5n th\u00f4ng qua c\u00e1c li\u00ean k\u1ebft tr\u00ean trang web c\u1ee7a ch\u00fang t\u00f4i \u0111\u1ec1u c\u00f3 c\u00e1c th\u1ef1c ti\u1ec5n thu th\u1eadp d\u1eef li\u1ec7u v\u00e0 quy\u1ec1n ri\u00eang t\u01b0 ri\u00eang bi\u1ec7t. Ch\u00fang t\u00f4i kh\u00f4ng c\u00f3 quy\u1ec1n ki\u1ec3m so\u00e1t, tr\u00e1ch nhi\u1ec7m ho\u1eb7c tr\u00e1ch nhi\u1ec7m ph\u00e1p l\u00fd \u0111\u1ed1i v\u1edbi c\u00e1c trang web b\u00ean th\u1ee9 ba n\u00e0y ho\u1eb7c c\u00e1c ch\u00ednh s\u00e1ch ho\u1eb7c n\u1ed9i dung hi\u1ec7n h\u00e0nh c\u1ee7a h\u1ecd. Sentry kh\u00f4ng th\u1ec3 \u0111\u1ea3m b\u1ea3o ho\u1eb7c \u0111\u1ea3m b\u1ea3o t\u00ednh b\u1ea3o m\u1eadt c\u1ee7a b\u1ea5t k\u1ef3 th\u00f4ng tin n\u00e0o b\u1ea1n ti\u1ebft l\u1ed9 tr\u00ean c\u00e1c trang web c\u1ee7a b\u00ean th\u1ee9 ba.<\/p>\n<h3>CH\u00cdNH S\u00c1CH TR\u1eba EM<\/h3>\n<p>C\u00e1c trang web v\u00e0 d\u1ecbch v\u1ee5 c\u1ee7a ch\u00fang t\u00f4i kh\u00f4ng d\u00e0nh cho tr\u1ebb em v\u00e0 ch\u00fang t\u00f4i kh\u00f4ng c\u1ed1 \u00fd thu th\u1eadp ho\u1eb7c thu th\u1eadp D\u1eef li\u1ec7u C\u00e1 nh\u00e2n t\u1eeb tr\u1ebb em. N\u1ebfu ch\u00fang t\u00f4i \u0111\u01b0\u1ee3c th\u00f4ng b\u00e1o ho\u1eb7c ph\u00e1t hi\u1ec7n ra r\u1eb1ng m\u1ed9t \u0111\u1ee9a tr\u1ebb d\u01b0\u1edbi 15 tu\u1ed5i \u0111\u00e3 g\u1eedi D\u1eef li\u1ec7u C\u00e1 nh\u00e2n cho ch\u00fang t\u00f4i, ch\u00fang t\u00f4i s\u1ebd th\u1ef1c hi\u1ec7n c\u00e1c b\u01b0\u1edbc h\u1ee3p l\u00fd \u0111\u1ec3 x\u00f3a th\u00f4ng tin.<\/p>\n<h3>THAY \u0110\u1ed4I \u0110\u1ed0I V\u1edaI CH\u00cdNH S\u00c1CH N\u00c0Y<\/h3>\n<p>Ch\u00fang t\u00f4i c\u00f3 th\u1ec3 c\u1eadp nh\u1eadt ch\u00ednh s\u00e1ch n\u00e0y theo th\u1eddi gian. Ch\u00fang t\u00f4i s\u1ebd lu\u00f4n \u0111\u0103ng phi\u00ean b\u1ea3n hi\u1ec7n t\u1ea1i c\u1ee7a ch\u00ednh s\u00e1ch n\u00e0y tr\u00ean c\u00e1c trang web c\u1ee7a m\u00ecnh v\u00e0 s\u1ebd cho bi\u1ebft \u1edf \u0111\u1ea7u ch\u00ednh s\u00e1ch ng\u00e0y m\u00e0 phi\u00ean b\u1ea3n m\u1edbi nh\u1ea5t c\u00f3 hi\u1ec7u l\u1ef1c. Vui l\u00f2ng xem l\u1ea1i ch\u00ednh s\u00e1ch n\u00e0y theo th\u1eddi gian \u0111\u1ec3 c\u1eadp nh\u1eadt c\u00e1c th\u00f4ng l\u1ec7 v\u1ec1 quy\u1ec1n ri\u00eang t\u01b0 c\u1ee7a ch\u00fang t\u00f4i.<\/p>\n<h3>LI\u00caN H\u1ec6<\/h3>\n<p>N\u1ebfu b\u1ea1n c\u00f3 b\u1ea5t k\u1ef3 c\u00e2u h\u1ecfi n\u00e0o v\u1ec1 ch\u00ednh s\u00e1ch n\u00e0y ho\u1eb7c th\u1ef1c ti\u1ec5n b\u1ea3o m\u1eadt c\u1ee7a ch\u00fang t\u00f4i, vui l\u00f2ng li\u00ean h\u1ec7 v\u1edbi ch\u00fang t\u00f4i t\u1ea1i:<\/p>\n<p>Th\u01b0: 15<em>\u00a0\u0110\u01b0\u1eddng L\u00ea Th\u00e1nh T\u00f4n, Ph\u01b0\u1eddng B\u1ebfn Ngh\u00e9, Qu\u1eadn 1, Th\u00e0nh ph\u1ed1 H\u1ed3 Ch\u00ed Minh, Vi\u1ec7t Nam<\/em><\/p>\n<p>Ch\u00fa \u00fd: L\u00ednh g\u00e1c<\/p>\n<p>H\u1ed7 tr\u1ee3 email:\u00a0<strong><em>Community@thesentry.com.vn<\/em><\/strong><\/p>\n<p>\u0110\u1eb7t ph\u00f2ng qua email:\u00a0<strong>leasing@thesentry.com.vn<\/strong><\/p>\n<p>S\u1ed1 \u0111i\u1ec7n tho\u1ea1i:\u00a0<em>+84 969 067 845<\/em><\/p>\n","protected":false},"excerpt":{"rendered":"<p>CH\u00cdNH S\u00c1CH B\u1ea2O M\u1eacT Sentry t\u00f4n tr\u1ecdng quy\u1ec1n ri\u00eang t\u01b0 c\u1ee7a t\u1ea5t c\u1ea3 c\u00e1c v\u1ecb kh\u00e1ch c\u1ee7a ch\u00fang t\u00f4i v\u00e0 ch\u00fang t\u00f4i cam k\u1ebft b\u1ea3o v\u1ec7 quy\u1ec1n ri\u00eang t\u01b0 \u0111\u00f3. Ch\u00ednh s\u00e1ch n\u00e0y m\u00f4 t\u1ea3 c\u00e1ch ch\u00fang t\u00f4i thu th\u1eadp, s\u1eed d\u1ee5ng v\u00e0 ti\u1ebft l\u1ed9 th\u00f4ng tin v\u1ec1 kh\u00e1ch c\u1ee7a m\u00ecnh. 1.TH\u00d4NG TIN \u0110\u00c3 THU [&hellip;]<\/p>\n","protected":false},"author":1,"featured_media":0,"parent":0,"menu_order":0,"comment_status":"closed","ping_status":"open","template":"","meta":{"footnotes":""},"_links":{"self":[{"href":"https:\/\/thesentry.com.vn\/vi\/wp-json\/wp\/v2\/pages\/7301"}],"collection":[{"href":"https:\/\/thesentry.com.vn\/vi\/wp-json\/wp\/v2\/pages"}],"about":[{"href":"https:\/\/thesentry.com.vn\/vi\/wp-json\/wp\/v2\/types\/page"}],"author":[{"embeddable":true,"href":"https:\/\/thesentry.com.vn\/vi\/wp-json\/wp\/v2\/users\/1"}],"replies":[{"embeddable":true,"href":"https:\/\/thesentry.com.vn\/vi\/wp-json\/wp\/v2\/comments?post=7301"}],"version-history":[{"count":0,"href":"https:\/\/thesentry.com.vn\/vi\/wp-json\/wp\/v2\/pages\/7301\/revisions"}],"wp:attachment":[{"href":"https:\/\/thesentry.com.vn\/vi\/wp-json\/wp\/v2\/media?parent=7301"}],"curies":[{"name":"wp","href":"https:\/\/api.w.org\/{rel}","templated":true}]}}