{"id":7309,"date":"2022-11-24T14:45:58","date_gmt":"2022-11-24T07:45:58","guid":{"rendered":"https:\/\/thesentry.com.vn\/the-sentry-l\/"},"modified":"2025-10-22T15:29:17","modified_gmt":"2025-10-22T08:29:17","slug":"the-sentry-l","status":"publish","type":"page","link":"https:\/\/thesentry.com.vn\/vi\/the-sentry-l\/","title":{"rendered":"The Sentry L"},"content":{"rendered":"<h2><strong>Tr\u1ea3i nghi\u1ec7m kh\u00f4ng gian Coliving cao c\u1ea5p t\u1ea1i TP. H\u1ed3 Ch\u00ed Minh c\u00f9ng The Sentry L<\/strong><\/h2>\n<p>T\u1ecda l\u1ea1c ngay trung t\u00e2m Qu\u1eadn 1, TP. H\u1ed3 Ch\u00ed Minh, The Sentry L t\u00e1i \u0111\u1ecbnh ngh\u0129a kh\u00f4ng gian <strong>cho thu\u00ea c\u0103n h\u1ed9 coliving<\/strong> d\u00e0nh cho c\u00e1c chuy\u00ean gia t\u00ecm ki\u1ebfm s\u1ef1 ti\u1ec7n nghi, sang tr\u1ecdng v\u00e0 c\u1ed9ng \u0111\u1ed3ng s\u00f4i \u0111\u1ed9ng. D\u00f9 b\u1ea1n theo \u0111u\u1ed5i phong c\u00e1ch s\u1ed1ng n\u00e0o, The Sentry L \u0111\u1ec1u c\u00f3 th\u1ec3 \u0111\u00e1p \u1ee9ng nhu c\u1ea7u c\u1ee7a b\u1ea1n.<\/p>\n<p>H\u00e3y t\u01b0\u1edfng t\u01b0\u1ee3ng vi\u1ec7c s\u1ed1ng trong m\u1ed9t kh\u00f4ng gian n\u01a1i c\u00f4ng vi\u1ec7c v\u00e0 cu\u1ed9c s\u1ed1ng h\u00f2a quy\u1ec7n li\u1ec1n m\u1ea1ch. Tr\u1ea3i nghi\u1ec7m <strong>coliving<\/strong> t\u1ea1i The Sentry L mang \u0111\u1ebfn cho b\u1ea1n kh\u00f4ng ch\u1ec9 n\u01a1i \u1edf, m\u00e0 c\u00f2n l\u00e0 m\u1ed9t c\u1ed9ng \u0111\u1ed3ng v\u00e0 phong c\u00e1ch s\u1ed1ng. V\u1edbi nh\u1eefng ti\u1ec7n \u00edch ti\u00ean ti\u1ebfn nh\u01b0 internet t\u1ed1c \u0111\u1ed9 cao, ph\u00f2ng h\u1ecdp ri\u00eang v\u00e0 khu v\u1ef1c sinh ho\u1ea1t chung \u0111\u01b0\u1ee3c thi\u1ebft k\u1ebf tinh t\u1ebf, The Sentry L \u0111\u1ea3m b\u1ea3o r\u1eb1ng cu\u1ed9c s\u1ed1ng coliving c\u1ee7a b\u1ea1n v\u1eeba hi\u1ec7u qu\u1ea3 v\u1eeba tho\u1ea3i m\u00e1i.<\/p>\n<h2><strong>T\u1ea1i sao n\u00ean ch\u1ecdn Coliving t\u1ea1i The Sentry L?<\/strong><\/h2>\n<p>Coliving t\u1ea1i S\u00e0i G\u00f2n kh\u00f4ng ch\u1ec9 l\u00e0 gi\u1ea3i ph\u00e1p nh\u00e0 \u1edf h\u1ee3p l\u00fd m\u00e0 c\u00f2n l\u00e0 c\u01a1 h\u1ed9i \u0111\u1ec3 tr\u1edf th\u00e0nh m\u1ed9t ph\u1ea7n c\u1ee7a c\u1ed9ng \u0111\u1ed3ng. The Sentry L t\u1ea1o \u0111i\u1ec1u ki\u1ec7n cho vi\u1ec7c k\u1ebft n\u1ed1i gi\u1eefa c\u00e1c chuy\u00ean gia c\u00f9ng ch\u00ed h\u01b0\u1edbng, cung c\u1ea5p kh\u00f4ng gian chia s\u1ebb cho c\u00e1c ho\u1ea1t \u0111\u1ed9ng k\u1ebft n\u1ed1i, h\u1ee3p t\u00e1c v\u00e0 th\u01b0 gi\u00e3n. D\u00f9 b\u1ea1n c\u1ea7n kh\u00f4ng gian l\u00e0m vi\u1ec7c, g\u1eb7p g\u1ee1 hay th\u01b0 gi\u00e3n, The Sentry L mang l\u1ea1i s\u1ef1 linh ho\u1ea1t v\u00e0 ti\u1ec7n nghi hi\u1ec7n \u0111\u1ea1i \u0111\u1ec3 n\u00e2ng cao ch\u1ea5t l\u01b0\u1ee3ng cu\u1ed9c s\u1ed1ng h\u00e0ng ng\u00e0y c\u1ee7a b\u1ea1n.<\/p>\n<p>T\u1ea1i The Sentry L, kh\u00f4ng gian <strong>coliving<\/strong> c\u00f2n \u0111i k\u00e8m v\u1edbi nhi\u1ec1u \u01b0u \u0111\u00e3i nh\u01b0 trung t\u00e2m ch\u0103m s\u00f3c s\u1ee9c kh\u1ecfe, \u1ea9m th\u1ef1c cao c\u1ea5p, v\u00e0 c\u00e1c s\u1ef1 ki\u1ec7n k\u1ebft n\u1ed1i th\u01b0\u1eddng xuy\u00ean, gi\u00fap b\u1ea1n m\u1edf r\u1ed9ng m\u1ea1ng l\u01b0\u1edbi chuy\u00ean nghi\u1ec7p v\u00e0 x\u00e3 h\u1ed9i. Kh\u00f4ng gian n\u00e0y mang \u0111\u1ebfn s\u1ef1 c\u00e2n b\u1eb1ng ho\u00e0n h\u1ea3o gi\u1eefa sang tr\u1ecdng, th\u1ef1c t\u1ebf v\u00e0 c\u1ed9ng \u0111\u1ed3ng, gi\u00fap b\u1ea1n ph\u00e1t tri\u1ec3n t\u1ea1i m\u1ed9t trong nh\u1eefng th\u00e0nh ph\u1ed1 n\u0103ng \u0111\u1ed9ng nh\u1ea5t Vi\u1ec7t Nam.<\/p>\n<h2><strong>Coliving b\u1ec1n v\u1eefng t\u1ea1i The Sentry L<\/strong><\/h2>\n<p>The Sentry L \u0111\u1eb7c bi\u1ec7t ch\u00fa tr\u1ecdng \u0111\u1ebfn t\u00ednh b\u1ec1n v\u1eefng. T\u1eeb c\u00e1c h\u1ec7 th\u1ed1ng ti\u1ebft ki\u1ec7m n\u0103ng l\u01b0\u1ee3ng \u0111\u1ebfn v\u1eadt li\u1ec7u x\u00e2y d\u1ef1ng th\u00e2n thi\u1ec7n v\u1edbi m\u00f4i tr\u01b0\u1eddng, The Sentry L \u0111\u1ea3m b\u1ea3o r\u1eb1ng tr\u1ea3i nghi\u1ec7m <strong>co living<\/strong> c\u1ee7a b\u1ea1n v\u1eeba sang tr\u1ecdng v\u1eeba c\u00f3 \u00fd th\u1ee9c b\u1ea3o v\u1ec7 m\u00f4i tr\u01b0\u1eddng. B\u1eb1ng c\u00e1ch \u00e1p d\u1ee5ng c\u00e1c ph\u01b0\u01a1ng ph\u00e1p b\u1ec1n v\u1eefng, The Sentry L h\u1ed7 tr\u1ee3 t\u01b0\u01a1ng lai xanh trong khi v\u1eabn mang \u0111\u1ebfn kh\u00f4ng gian s\u1ed1ng v\u00e0 l\u00e0m vi\u1ec7c \u0111\u1eb3ng c\u1ea5p.<\/p>\n<p>S\u1eb5n s\u00e0ng tr\u1ea3i nghi\u1ec7m <strong>coliving<\/strong> t\u1ea1i S\u00e0i G\u00f2n? Kh\u00e1m ph\u00e1 c\u00e1ch m\u00e0 The Sentry L c\u00f3 th\u1ec3 thay \u0111\u1ed5i phong c\u00e1ch s\u1ed1ng c\u1ee7a b\u1ea1n b\u1eb1ng c\u00e1ch k\u1ebft h\u1ee3p gi\u1eefa c\u00f4ng vi\u1ec7c, cu\u1ed9c s\u1ed1ng v\u00e0 c\u1ed9ng \u0111\u1ed3ng ngay t\u1ea1i trung t\u00e2m th\u00e0nh ph\u1ed1.<\/p>\n","protected":false},"excerpt":{"rendered":"<p>Tr\u1ea3i nghi\u1ec7m kh\u00f4ng gian Coliving cao c\u1ea5p t\u1ea1i TP. H\u1ed3 Ch\u00ed Minh c\u00f9ng The Sentry L T\u1ecda l\u1ea1c ngay trung t\u00e2m Qu\u1eadn 1, TP. H\u1ed3 Ch\u00ed Minh, The Sentry L t\u00e1i \u0111\u1ecbnh ngh\u0129a kh\u00f4ng gian cho thu\u00ea c\u0103n h\u1ed9 coliving d\u00e0nh cho c\u00e1c chuy\u00ean gia t\u00ecm ki\u1ebfm s\u1ef1 ti\u1ec7n nghi, sang tr\u1ecdng v\u00e0 c\u1ed9ng \u0111\u1ed3ng [&hellip;]<\/p>\n","protected":false},"author":12,"featured_media":6712,"parent":0,"menu_order":0,"comment_status":"closed","ping_status":"closed","template":"templates\/thesentry-l-template.php","meta":{"footnotes":""},"_links":{"self":[{"href":"https:\/\/thesentry.com.vn\/vi\/wp-json\/wp\/v2\/pages\/7309"}],"collection":[{"href":"https:\/\/thesentry.com.vn\/vi\/wp-json\/wp\/v2\/pages"}],"about":[{"href":"https:\/\/thesentry.com.vn\/vi\/wp-json\/wp\/v2\/types\/page"}],"author":[{"embeddable":true,"href":"https:\/\/thesentry.com.vn\/vi\/wp-json\/wp\/v2\/users\/12"}],"replies":[{"embeddable":true,"href":"https:\/\/thesentry.com.vn\/vi\/wp-json\/wp\/v2\/comments?post=7309"}],"version-history":[{"count":15,"href":"https:\/\/thesentry.com.vn\/vi\/wp-json\/wp\/v2\/pages\/7309\/revisions"}],"predecessor-version":[{"id":10705,"href":"https:\/\/thesentry.com.vn\/vi\/wp-json\/wp\/v2\/pages\/7309\/revisions\/10705"}],"wp:featuredmedia":[{"embeddable":true,"href":"https:\/\/thesentry.com.vn\/vi\/wp-json\/wp\/v2\/media\/6712"}],"wp:attachment":[{"href":"https:\/\/thesentry.com.vn\/vi\/wp-json\/wp\/v2\/media?parent=7309"}],"curies":[{"name":"wp","href":"https:\/\/api.w.org\/{rel}","templated":true}]}}