{"id":7319,"date":"2022-08-15T11:43:01","date_gmt":"2022-08-15T04:43:01","guid":{"rendered":"https:\/\/thesentry.com.vn\/news\/"},"modified":"2024-04-15T11:50:13","modified_gmt":"2024-04-15T04:50:13","slug":"news","status":"publish","type":"page","link":"https:\/\/thesentry.com.vn\/vi\/news\/","title":{"rendered":"Ph\u00f2ng truy\u1ec1n th\u00f4ng"},"content":{"rendered":"\t\t<div data-elementor-type=\"wp-page\" data-elementor-id=\"7319\" class=\"elementor elementor-7319\">\n\t\t\t\t\t\t<section class=\"elementor-section elementor-top-section elementor-element elementor-element-045979b elementor-section-height-min-height elementor-section-boxed elementor-section-height-default elementor-section-items-middle\" data-id=\"045979b\" data-element_type=\"section\" data-settings=\"{&quot;background_background&quot;:&quot;classic&quot;}\">\n\t\t\t\t\t\t<div class=\"elementor-container elementor-column-gap-default\">\n\t\t\t\t\t<div class=\"elementor-column elementor-col-100 elementor-top-column elementor-element elementor-element-79faa1e\" data-id=\"79faa1e\" data-element_type=\"column\">\n\t\t\t<div class=\"elementor-widget-wrap elementor-element-populated\">\n\t\t\t\t\t\t<div class=\"elementor-element elementor-element-202a229 elementor-widget elementor-widget-heading\" data-id=\"202a229\" data-element_type=\"widget\" data-widget_type=\"heading.default\">\n\t\t\t\t<div class=\"elementor-widget-container\">\n\t\t\t<style>\/*! elementor - v3.20.0 - 10-04-2024 *\/\n.elementor-heading-title{padding:0;margin:0;line-height:1}.elementor-widget-heading .elementor-heading-title[class*=elementor-size-]>a{color:inherit;font-size:inherit;line-height:inherit}.elementor-widget-heading .elementor-heading-title.elementor-size-small{font-size:15px}.elementor-widget-heading .elementor-heading-title.elementor-size-medium{font-size:19px}.elementor-widget-heading .elementor-heading-title.elementor-size-large{font-size:29px}.elementor-widget-heading .elementor-heading-title.elementor-size-xl{font-size:39px}.elementor-widget-heading .elementor-heading-title.elementor-size-xxl{font-size:59px}<\/style><h1 class=\"elementor-heading-title elementor-size-default\">MEDIA ROOM<\/h1>\t\t<\/div>\n\t\t\t\t<\/div>\n\t\t\t\t\t<\/div>\n\t\t<\/div>\n\t\t\t\t\t<\/div>\n\t\t<\/section>\n\t\t\t\t<section class=\"elementor-section elementor-top-section elementor-element elementor-element-ff293ab elementor-section-boxed elementor-section-height-default elementor-section-height-default\" data-id=\"ff293ab\" data-element_type=\"section\">\n\t\t\t\t\t\t<div class=\"elementor-container elementor-column-gap-default\">\n\t\t\t\t\t<div class=\"elementor-column elementor-col-100 elementor-top-column elementor-element elementor-element-3b609a8\" data-id=\"3b609a8\" data-element_type=\"column\">\n\t\t\t<div class=\"elementor-widget-wrap elementor-element-populated\">\n\t\t\t\t\t\t<div class=\"elementor-element elementor-element-319b4ed elementor-posts--align-center elementor-grid-3 elementor-grid-tablet-2 elementor-grid-mobile-1 elementor-posts--thumbnail-top elementor-widget elementor-widget-posts\" data-id=\"319b4ed\" data-element_type=\"widget\" id=\"article\" data-settings=\"{&quot;pagination_type&quot;:&quot;numbers&quot;,&quot;classic_columns&quot;:&quot;3&quot;,&quot;classic_columns_tablet&quot;:&quot;2&quot;,&quot;classic_columns_mobile&quot;:&quot;1&quot;,&quot;classic_row_gap&quot;:{&quot;unit&quot;:&quot;px&quot;,&quot;size&quot;:35,&quot;sizes&quot;:[]},&quot;classic_row_gap_tablet&quot;:{&quot;unit&quot;:&quot;px&quot;,&quot;size&quot;:&quot;&quot;,&quot;sizes&quot;:[]},&quot;classic_row_gap_mobile&quot;:{&quot;unit&quot;:&quot;px&quot;,&quot;size&quot;:&quot;&quot;,&quot;sizes&quot;:[]}}\" data-widget_type=\"posts.classic\">\n\t\t\t\t<div class=\"elementor-widget-container\">\n\t\t\t<link rel=\"stylesheet\" href=\"https:\/\/thesentry.com.vn\/wp-content\/plugins\/elementor-pro\/assets\/css\/widget-posts.min.css\">\t\t<div class=\"elementor-posts-container elementor-posts elementor-posts--skin-classic elementor-grid\">\n\t\t\t\t<article class=\"elementor-post elementor-grid-item post-13688 post type-post status-publish format-standard has-post-thumbnail hentry category-business-insight\">\n\t\t\t\t<a class=\"elementor-post__thumbnail__link\" href=\"https:\/\/thesentry.com.vn\/vi\/thue-van-phong-ngan-han-tai-tp-hcm\/\" >\n\t\t\t<div class=\"elementor-post__thumbnail\"><img fetchpriority=\"high\" decoding=\"async\" width=\"1920\" height=\"1080\" src=\"https:\/\/thesentry.com.vn\/wp-content\/uploads\/2026\/04\/thue-van-phong-ngan-han-tai-tp-hcm-giai-phap-1-6-thang-cho-startup-va-team-du-an.png\" class=\"attachment-full size-full wp-image-13663\" alt=\"\" srcset=\"https:\/\/thesentry.com.vn\/wp-content\/uploads\/2026\/04\/thue-van-phong-ngan-han-tai-tp-hcm-giai-phap-1-6-thang-cho-startup-va-team-du-an.png 1920w, https:\/\/thesentry.com.vn\/wp-content\/uploads\/2026\/04\/thue-van-phong-ngan-han-tai-tp-hcm-giai-phap-1-6-thang-cho-startup-va-team-du-an-300x169.png 300w, https:\/\/thesentry.com.vn\/wp-content\/uploads\/2026\/04\/thue-van-phong-ngan-han-tai-tp-hcm-giai-phap-1-6-thang-cho-startup-va-team-du-an-1024x576.png 1024w, https:\/\/thesentry.com.vn\/wp-content\/uploads\/2026\/04\/thue-van-phong-ngan-han-tai-tp-hcm-giai-phap-1-6-thang-cho-startup-va-team-du-an-768x432.png 768w, https:\/\/thesentry.com.vn\/wp-content\/uploads\/2026\/04\/thue-van-phong-ngan-han-tai-tp-hcm-giai-phap-1-6-thang-cho-startup-va-team-du-an-1536x864.png 1536w\" sizes=\"(max-width: 1920px) 100vw, 1920px\" \/><\/div>\n\t\t<\/a>\n\t\t\t\t<div class=\"elementor-post__text\">\n\t\t\t\t<h3 class=\"elementor-post__title\">\n\t\t\t<a href=\"https:\/\/thesentry.com.vn\/vi\/thue-van-phong-ngan-han-tai-tp-hcm\/\" >\n\t\t\t\tThu\u00ea v\u0103n ph\u00f2ng ng\u1eafn h\u1ea1n t\u1ea1i TP.HCM: Gi\u1ea3i ph\u00e1p 1 &#8211; 6 th\u00e1ng cho startup v\u00e0 team d\u1ef1 \u00e1n\t\t\t<\/a>\n\t\t<\/h3>\n\t\t\t\t<div class=\"elementor-post__excerpt\">\n\t\t\t<p>Thu\u00ea v\u0103n ph\u00f2ng ng\u1eafn h\u1ea1n t\u1ea1i TP.HCM: Gi\u1ea3i ph\u00e1p 1 &#8211; 6 th\u00e1ng cho startup v\u00e0 team d\u1ef1 \u00e1n Nhu c\u1ea7u thu\u00ea v\u0103n ph\u00f2ng ng\u1eafn<\/p>\n\t\t<\/div>\n\t\t\n\t\t<a class=\"elementor-post__read-more\" href=\"https:\/\/thesentry.com.vn\/vi\/thue-van-phong-ngan-han-tai-tp-hcm\/\" >\n\t\t\tRead More \u00bb\t\t<\/a>\n\n\t\t\t\t<\/div>\n\t\t\t\t<\/article>\n\t\t\t\t<article class=\"elementor-post elementor-grid-item post-13685 post type-post status-publish format-standard has-post-thumbnail hentry category-business-insight\">\n\t\t\t\t<a class=\"elementor-post__thumbnail__link\" href=\"https:\/\/thesentry.com.vn\/vi\/van-phong-ao-tai-tp-hcm\/\" >\n\t\t\t<div class=\"elementor-post__thumbnail\"><img decoding=\"async\" width=\"1754\" height=\"1241\" src=\"https:\/\/thesentry.com.vn\/wp-content\/uploads\/2026\/04\/van-phong-ao-tai-tp-hcm-co-dang-ky-kinh-doanh-duoc-khong-dieu-kien-giay-to-va-luu-y-thuc-te.jpg\" class=\"attachment-full size-full wp-image-13679\" alt=\"\" srcset=\"https:\/\/thesentry.com.vn\/wp-content\/uploads\/2026\/04\/van-phong-ao-tai-tp-hcm-co-dang-ky-kinh-doanh-duoc-khong-dieu-kien-giay-to-va-luu-y-thuc-te.jpg 1754w, https:\/\/thesentry.com.vn\/wp-content\/uploads\/2026\/04\/van-phong-ao-tai-tp-hcm-co-dang-ky-kinh-doanh-duoc-khong-dieu-kien-giay-to-va-luu-y-thuc-te-300x212.jpg 300w, https:\/\/thesentry.com.vn\/wp-content\/uploads\/2026\/04\/van-phong-ao-tai-tp-hcm-co-dang-ky-kinh-doanh-duoc-khong-dieu-kien-giay-to-va-luu-y-thuc-te-1024x725.jpg 1024w, https:\/\/thesentry.com.vn\/wp-content\/uploads\/2026\/04\/van-phong-ao-tai-tp-hcm-co-dang-ky-kinh-doanh-duoc-khong-dieu-kien-giay-to-va-luu-y-thuc-te-768x543.jpg 768w, https:\/\/thesentry.com.vn\/wp-content\/uploads\/2026\/04\/van-phong-ao-tai-tp-hcm-co-dang-ky-kinh-doanh-duoc-khong-dieu-kien-giay-to-va-luu-y-thuc-te-1536x1087.jpg 1536w\" sizes=\"(max-width: 1754px) 100vw, 1754px\" \/><\/div>\n\t\t<\/a>\n\t\t\t\t<div class=\"elementor-post__text\">\n\t\t\t\t<h3 class=\"elementor-post__title\">\n\t\t\t<a href=\"https:\/\/thesentry.com.vn\/vi\/van-phong-ao-tai-tp-hcm\/\" >\n\t\t\t\tV\u0103n ph\u00f2ng \u1ea3o t\u1ea1i TP.HCM c\u00f3 \u0111\u0103ng k\u00fd kinh doanh \u0111\u01b0\u1ee3c kh\u00f4ng? \u0110i\u1ec1u ki\u1ec7n, gi\u1ea5y t\u1edd v\u00e0 l\u01b0u \u00fd th\u1ef1c t\u1ebf\t\t\t<\/a>\n\t\t<\/h3>\n\t\t\t\t<div class=\"elementor-post__excerpt\">\n\t\t\t<p>Kh\u00f4ng \u00edt doanh nghi\u1ec7p khi b\u1eaft \u0111\u1ea7u t\u1ed1i \u01b0u chi ph\u00ed v\u1eadn h\u00e0nh \u0111\u00e3 c\u00e2n nh\u1eafc m\u00f4 h\u00ecnh v\u0103n ph\u00f2ng \u1ea3o t\u1ea1i TP.HCM, nh\u01b0ng c\u00e2u<\/p>\n\t\t<\/div>\n\t\t\n\t\t<a class=\"elementor-post__read-more\" href=\"https:\/\/thesentry.com.vn\/vi\/van-phong-ao-tai-tp-hcm\/\" >\n\t\t\tRead More \u00bb\t\t<\/a>\n\n\t\t\t\t<\/div>\n\t\t\t\t<\/article>\n\t\t\t\t<article class=\"elementor-post elementor-grid-item post-13682 post type-post status-publish format-standard has-post-thumbnail hentry category-business-insight\">\n\t\t\t\t<a class=\"elementor-post__thumbnail__link\" href=\"https:\/\/thesentry.com.vn\/vi\/thue-van-phong-rieng-cho-team-3-10-nguoi\/\" >\n\t\t\t<div class=\"elementor-post__thumbnail\"><img decoding=\"async\" width=\"1920\" height=\"1080\" src=\"https:\/\/thesentry.com.vn\/wp-content\/uploads\/2026\/04\/thue-van-phong-rieng-cho-team-3-10-nguoi.jpg\" class=\"attachment-full size-full wp-image-13671\" alt=\"\" srcset=\"https:\/\/thesentry.com.vn\/wp-content\/uploads\/2026\/04\/thue-van-phong-rieng-cho-team-3-10-nguoi.jpg 1920w, https:\/\/thesentry.com.vn\/wp-content\/uploads\/2026\/04\/thue-van-phong-rieng-cho-team-3-10-nguoi-300x169.jpg 300w, https:\/\/thesentry.com.vn\/wp-content\/uploads\/2026\/04\/thue-van-phong-rieng-cho-team-3-10-nguoi-1024x576.jpg 1024w, https:\/\/thesentry.com.vn\/wp-content\/uploads\/2026\/04\/thue-van-phong-rieng-cho-team-3-10-nguoi-768x432.jpg 768w, https:\/\/thesentry.com.vn\/wp-content\/uploads\/2026\/04\/thue-van-phong-rieng-cho-team-3-10-nguoi-1536x864.jpg 1536w\" sizes=\"(max-width: 1920px) 100vw, 1920px\" \/><\/div>\n\t\t<\/a>\n\t\t\t\t<div class=\"elementor-post__text\">\n\t\t\t\t<h3 class=\"elementor-post__title\">\n\t\t\t<a href=\"https:\/\/thesentry.com.vn\/vi\/thue-van-phong-rieng-cho-team-3-10-nguoi\/\" >\n\t\t\t\tThu\u00ea v\u0103n ph\u00f2ng ri\u00eang cho team 3 &#8211; 10 ng\u01b0\u1eddi: Khi n\u00e0o n\u00ean ch\u1ecdn serviced office thay v\u00ec coworking?\t\t\t<\/a>\n\t\t<\/h3>\n\t\t\t\t<div class=\"elementor-post__excerpt\">\n\t\t\t<p>N\u1ec1n kinh t\u1ebf Vi\u1ec7t Nam t\u1eeb giai \u0111o\u1ea1n 2024 &#8211; 2025 \u0111ang cho th\u1ea5y t\u00edn hi\u1ec7u t\u0103ng tr\u01b0\u1edfng t\u00edch c\u1ef1c, k\u00e9o theo nhu c\u1ea7u l\u1edbn<\/p>\n\t\t<\/div>\n\t\t\n\t\t<a class=\"elementor-post__read-more\" href=\"https:\/\/thesentry.com.vn\/vi\/thue-van-phong-rieng-cho-team-3-10-nguoi\/\" >\n\t\t\tRead More \u00bb\t\t<\/a>\n\n\t\t\t\t<\/div>\n\t\t\t\t<\/article>\n\t\t\t\t<article class=\"elementor-post elementor-grid-item post-13662 post type-post status-publish format-standard has-post-thumbnail hentry category-business-insight\">\n\t\t\t\t<a class=\"elementor-post__thumbnail__link\" href=\"https:\/\/thesentry.com.vn\/vi\/tru-so-chinh-van-phong-dai-dien-va-van-phong-ao-khac-nhau-the-nao\/\" >\n\t\t\t<div class=\"elementor-post__thumbnail\"><img loading=\"lazy\" decoding=\"async\" width=\"1920\" height=\"1080\" src=\"https:\/\/thesentry.com.vn\/wp-content\/uploads\/2026\/04\/tru-so-chinh-van-phong-dai-dien-va-van-phong-ao-khac-nhau-the-nao.jpg\" class=\"attachment-full size-full wp-image-13677\" alt=\"\" srcset=\"https:\/\/thesentry.com.vn\/wp-content\/uploads\/2026\/04\/tru-so-chinh-van-phong-dai-dien-va-van-phong-ao-khac-nhau-the-nao.jpg 1920w, https:\/\/thesentry.com.vn\/wp-content\/uploads\/2026\/04\/tru-so-chinh-van-phong-dai-dien-va-van-phong-ao-khac-nhau-the-nao-300x169.jpg 300w, https:\/\/thesentry.com.vn\/wp-content\/uploads\/2026\/04\/tru-so-chinh-van-phong-dai-dien-va-van-phong-ao-khac-nhau-the-nao-1024x576.jpg 1024w, https:\/\/thesentry.com.vn\/wp-content\/uploads\/2026\/04\/tru-so-chinh-van-phong-dai-dien-va-van-phong-ao-khac-nhau-the-nao-768x432.jpg 768w, https:\/\/thesentry.com.vn\/wp-content\/uploads\/2026\/04\/tru-so-chinh-van-phong-dai-dien-va-van-phong-ao-khac-nhau-the-nao-1536x864.jpg 1536w\" sizes=\"(max-width: 1920px) 100vw, 1920px\" \/><\/div>\n\t\t<\/a>\n\t\t\t\t<div class=\"elementor-post__text\">\n\t\t\t\t<h3 class=\"elementor-post__title\">\n\t\t\t<a href=\"https:\/\/thesentry.com.vn\/vi\/tru-so-chinh-van-phong-dai-dien-va-van-phong-ao-khac-nhau-the-nao\/\" >\n\t\t\t\tTr\u1ee5 s\u1edf ch\u00ednh, v\u0103n ph\u00f2ng \u0111\u1ea1i di\u1ec7n v\u00e0 v\u0103n ph\u00f2ng \u1ea3o kh\u00e1c nhau th\u1ebf n\u00e0o? Doanh nghi\u1ec7p m\u1edbi n\u00ean ch\u1ecdn m\u00f4 h\u00ecnh n\u00e0o?\t\t\t<\/a>\n\t\t<\/h3>\n\t\t\t\t<div class=\"elementor-post__excerpt\">\n\t\t\t<p>Khi b\u1eaft \u0111\u1ea7u th\u00e0nh l\u1eadp doanh nghi\u1ec7p, vi\u1ec7c l\u1ef1a ch\u1ecdn m\u00f4 h\u00ecnh v\u0103n ph\u00f2ng ph\u00f9 h\u1ee3p kh\u00f4ng ch\u1ec9 \u1ea3nh h\u01b0\u1edfng \u0111\u1ebfn chi ph\u00ed v\u1eadn h\u00e0nh<\/p>\n\t\t<\/div>\n\t\t\n\t\t<a class=\"elementor-post__read-more\" href=\"https:\/\/thesentry.com.vn\/vi\/tru-so-chinh-van-phong-dai-dien-va-van-phong-ao-khac-nhau-the-nao\/\" >\n\t\t\tRead More \u00bb\t\t<\/a>\n\n\t\t\t\t<\/div>\n\t\t\t\t<\/article>\n\t\t\t\t<article class=\"elementor-post elementor-grid-item post-13594 post type-post status-publish format-standard has-post-thumbnail hentry category-business-insight\">\n\t\t\t\t<a class=\"elementor-post__thumbnail__link\" href=\"https:\/\/thesentry.com.vn\/vi\/top-van-phong-dien-tich-nho-cho-startup-tai-tphcm\/\" >\n\t\t\t<div class=\"elementor-post__thumbnail\"><img loading=\"lazy\" decoding=\"async\" width=\"1920\" height=\"1080\" src=\"https:\/\/thesentry.com.vn\/wp-content\/uploads\/2026\/03\/9-van-phong-dien-tich-nho-cho-startup-tai-tphcm.jpg\" class=\"attachment-full size-full wp-image-13566\" alt=\"\" srcset=\"https:\/\/thesentry.com.vn\/wp-content\/uploads\/2026\/03\/9-van-phong-dien-tich-nho-cho-startup-tai-tphcm.jpg 1920w, https:\/\/thesentry.com.vn\/wp-content\/uploads\/2026\/03\/9-van-phong-dien-tich-nho-cho-startup-tai-tphcm-300x169.jpg 300w, https:\/\/thesentry.com.vn\/wp-content\/uploads\/2026\/03\/9-van-phong-dien-tich-nho-cho-startup-tai-tphcm-1024x576.jpg 1024w, https:\/\/thesentry.com.vn\/wp-content\/uploads\/2026\/03\/9-van-phong-dien-tich-nho-cho-startup-tai-tphcm-768x432.jpg 768w, https:\/\/thesentry.com.vn\/wp-content\/uploads\/2026\/03\/9-van-phong-dien-tich-nho-cho-startup-tai-tphcm-1536x864.jpg 1536w\" sizes=\"(max-width: 1920px) 100vw, 1920px\" \/><\/div>\n\t\t<\/a>\n\t\t\t\t<div class=\"elementor-post__text\">\n\t\t\t\t<h3 class=\"elementor-post__title\">\n\t\t\t<a href=\"https:\/\/thesentry.com.vn\/vi\/top-van-phong-dien-tich-nho-cho-startup-tai-tphcm\/\" >\n\t\t\t\tTop 9 v\u0103n ph\u00f2ng di\u1ec7n t\u00edch nh\u1ecf cho startup t\u1ea1i TPHCM uy t\u00edn v\u00e0 chuy\u00ean nghi\u1ec7p\t\t\t<\/a>\n\t\t<\/h3>\n\t\t\t\t<div class=\"elementor-post__excerpt\">\n\t\t\t<p>Startup giai \u0111o\u1ea1n \u0111\u1ea7u th\u01b0\u1eddng ph\u1ea3i c\u00e2n \u0111\u1ed1i r\u1ea5t k\u1ef9 gi\u1eefa chi ph\u00ed, v\u1ecb tr\u00ed v\u00e0 h\u00ecnh \u1ea3nh th\u01b0\u01a1ng hi\u1ec7u. M\u1ed9t v\u0103n ph\u00f2ng di\u1ec7n t\u00edch<\/p>\n\t\t<\/div>\n\t\t\n\t\t<a class=\"elementor-post__read-more\" href=\"https:\/\/thesentry.com.vn\/vi\/top-van-phong-dien-tich-nho-cho-startup-tai-tphcm\/\" >\n\t\t\tRead More \u00bb\t\t<\/a>\n\n\t\t\t\t<\/div>\n\t\t\t\t<\/article>\n\t\t\t\t<article class=\"elementor-post elementor-grid-item post-13592 post type-post status-publish format-standard has-post-thumbnail hentry category-business-insight\">\n\t\t\t\t<a class=\"elementor-post__thumbnail__link\" href=\"https:\/\/thesentry.com.vn\/vi\/chi-phi-mo-van-phong-dai-dien\/\" >\n\t\t\t<div class=\"elementor-post__thumbnail\"><img loading=\"lazy\" decoding=\"async\" width=\"800\" height=\"450\" src=\"https:\/\/thesentry.com.vn\/wp-content\/uploads\/2026\/03\/chi-phi-mo-van-phong-dai-dien-gom-nhung-gi.jpg\" class=\"attachment-full size-full wp-image-13572\" alt=\"\" srcset=\"https:\/\/thesentry.com.vn\/wp-content\/uploads\/2026\/03\/chi-phi-mo-van-phong-dai-dien-gom-nhung-gi.jpg 800w, https:\/\/thesentry.com.vn\/wp-content\/uploads\/2026\/03\/chi-phi-mo-van-phong-dai-dien-gom-nhung-gi-300x169.jpg 300w, https:\/\/thesentry.com.vn\/wp-content\/uploads\/2026\/03\/chi-phi-mo-van-phong-dai-dien-gom-nhung-gi-768x432.jpg 768w\" sizes=\"(max-width: 800px) 100vw, 800px\" \/><\/div>\n\t\t<\/a>\n\t\t\t\t<div class=\"elementor-post__text\">\n\t\t\t\t<h3 class=\"elementor-post__title\">\n\t\t\t<a href=\"https:\/\/thesentry.com.vn\/vi\/chi-phi-mo-van-phong-dai-dien\/\" >\n\t\t\t\tChi ph\u00ed m\u1edf v\u0103n ph\u00f2ng \u0111\u1ea1i di\u1ec7n g\u1ed3m nh\u1eefng kho\u1ea3n n\u00e0o?\t\t\t<\/a>\n\t\t<\/h3>\n\t\t\t\t<div class=\"elementor-post__excerpt\">\n\t\t\t<p>Thi\u1ebft l\u1eadp v\u0103n ph\u00f2ng \u0111\u1ea1i di\u1ec7n (VP\u0110D) t\u1ea1i Vi\u1ec7t Nam \u0111ang \u0111\u01b0\u1ee3c xem l\u00e0 m\u1ed9t h\u01b0\u1edbng \u0111i kh\u00f4n ngoan cho c\u1ea3 doanh nghi\u1ec7p trong n\u01b0\u1edbc<\/p>\n\t\t<\/div>\n\t\t\n\t\t<a class=\"elementor-post__read-more\" href=\"https:\/\/thesentry.com.vn\/vi\/chi-phi-mo-van-phong-dai-dien\/\" >\n\t\t\tRead More \u00bb\t\t<\/a>\n\n\t\t\t\t<\/div>\n\t\t\t\t<\/article>\n\t\t\t\t<\/div>\n\n\n\t\t\n\t\t\t\t<div class=\"e-load-more-anchor\" data-page=\"1\" data-max-page=\"20\" data-next-page=\"https:\/\/thesentry.com.vn\/vi\/wp-json\/wp\/v2\/pages\/7319\/page\/2\/\"><\/div>\n\t\t\t\t<nav class=\"elementor-pagination\" role=\"navigation\" aria-label=\"Pagination\">\n\t\t\t<span aria-current=\"page\" class=\"page-numbers current\"><span class=\"elementor-screen-only\">Page<\/span>1<\/span>\n<a class=\"page-numbers\" href=\"https:\/\/thesentry.com.vn\/vi\/wp-json\/wp\/v2\/pages\/7319\/page\/2\/\"><span class=\"elementor-screen-only\">Page<\/span>2<\/a>\n<a class=\"page-numbers\" href=\"https:\/\/thesentry.com.vn\/vi\/wp-json\/wp\/v2\/pages\/7319\/page\/3\/\"><span class=\"elementor-screen-only\">Page<\/span>3<\/a>\n<a class=\"page-numbers\" href=\"https:\/\/thesentry.com.vn\/vi\/wp-json\/wp\/v2\/pages\/7319\/page\/4\/\"><span class=\"elementor-screen-only\">Page<\/span>4<\/a>\n<a class=\"page-numbers\" href=\"https:\/\/thesentry.com.vn\/vi\/wp-json\/wp\/v2\/pages\/7319\/page\/5\/\"><span class=\"elementor-screen-only\">Page<\/span>5<\/a>\t\t<\/nav>\n\t\t\t\t<\/div>\n\t\t\t\t<\/div>\n\t\t\t\t\t<\/div>\n\t\t<\/div>\n\t\t\t\t\t<\/div>\n\t\t<\/section>\n\t\t\t\t<\/div>\n\t\t","protected":false},"excerpt":{"rendered":"<p>MEDIA ROOM<\/p>\n","protected":false},"author":1,"featured_media":0,"parent":0,"menu_order":0,"comment_status":"closed","ping_status":"closed","template":"","meta":{"footnotes":""},"_links":{"self":[{"href":"https:\/\/thesentry.com.vn\/vi\/wp-json\/wp\/v2\/pages\/7319"}],"collection":[{"href":"https:\/\/thesentry.com.vn\/vi\/wp-json\/wp\/v2\/pages"}],"about":[{"href":"https:\/\/thesentry.com.vn\/vi\/wp-json\/wp\/v2\/types\/page"}],"author":[{"embeddable":true,"href":"https:\/\/thesentry.com.vn\/vi\/wp-json\/wp\/v2\/users\/1"}],"replies":[{"embeddable":true,"href":"https:\/\/thesentry.com.vn\/vi\/wp-json\/wp\/v2\/comments?post=7319"}],"version-history":[{"count":0,"href":"https:\/\/thesentry.com.vn\/vi\/wp-json\/wp\/v2\/pages\/7319\/revisions"}],"wp:attachment":[{"href":"https:\/\/thesentry.com.vn\/vi\/wp-json\/wp\/v2\/media?parent=7319"}],"curies":[{"name":"wp","href":"https:\/\/api.w.org\/{rel}","templated":true}]}}