{"id":7323,"date":"2022-08-03T17:47:42","date_gmt":"2022-08-03T10:47:42","guid":{"rendered":"https:\/\/thesentry.com.vn\/our-hotel\/"},"modified":"2024-04-15T16:37:34","modified_gmt":"2024-04-15T09:37:34","slug":"our-hotel","status":"publish","type":"page","link":"https:\/\/thesentry.com.vn\/vi\/our-hotel\/","title":{"rendered":"D\u1ecbch v\u1ee5 l\u01b0u tr\u00fa"},"content":{"rendered":"\t\t<div data-elementor-type=\"wp-page\" data-elementor-id=\"7323\" class=\"elementor elementor-7323\">\n\t\t\t\t\t\t<section class=\"elementor-section elementor-top-section elementor-element elementor-element-3c42605 elementor-section-height-min-height elementor-section-boxed elementor-section-height-default elementor-section-items-middle\" data-id=\"3c42605\" data-element_type=\"section\" data-settings=\"{&quot;background_background&quot;:&quot;classic&quot;}\">\n\t\t\t\t\t\t<div class=\"elementor-container elementor-column-gap-default\">\n\t\t\t\t\t<div class=\"elementor-column elementor-col-100 elementor-top-column elementor-element elementor-element-625802b\" data-id=\"625802b\" data-element_type=\"column\">\n\t\t\t<div class=\"elementor-widget-wrap elementor-element-populated\">\n\t\t\t\t\t\t<div class=\"elementor-element elementor-element-f8b73bc elementor-widget elementor-widget-heading\" data-id=\"f8b73bc\" data-element_type=\"widget\" data-widget_type=\"heading.default\">\n\t\t\t\t<div class=\"elementor-widget-container\">\n\t\t\t<style>\/*! elementor - v3.20.0 - 10-04-2024 *\/\n.elementor-heading-title{padding:0;margin:0;line-height:1}.elementor-widget-heading .elementor-heading-title[class*=elementor-size-]>a{color:inherit;font-size:inherit;line-height:inherit}.elementor-widget-heading .elementor-heading-title.elementor-size-small{font-size:15px}.elementor-widget-heading .elementor-heading-title.elementor-size-medium{font-size:19px}.elementor-widget-heading .elementor-heading-title.elementor-size-large{font-size:29px}.elementor-widget-heading .elementor-heading-title.elementor-size-xl{font-size:39px}.elementor-widget-heading .elementor-heading-title.elementor-size-xxl{font-size:59px}<\/style><h1 class=\"elementor-heading-title elementor-size-default\">D\u1ecaCH V\u1ee4 L\u01afU TR\u00da<\/h1>\t\t<\/div>\n\t\t\t\t<\/div>\n\t\t\t\t\t<\/div>\n\t\t<\/div>\n\t\t\t\t\t<\/div>\n\t\t<\/section>\n\t\t\t\t<section class=\"elementor-section elementor-top-section elementor-element elementor-element-cc7d41c elementor-section-boxed elementor-section-height-default elementor-section-height-default\" data-id=\"cc7d41c\" data-element_type=\"section\">\n\t\t\t\t\t\t<div class=\"elementor-container elementor-column-gap-wide\">\n\t\t\t\t\t<div class=\"elementor-column elementor-col-50 elementor-top-column elementor-element elementor-element-b510013 elementor-invisible\" data-id=\"b510013\" data-element_type=\"column\" data-settings=\"{&quot;animation&quot;:&quot;fadeInLeft&quot;}\">\n\t\t\t<div class=\"elementor-widget-wrap elementor-element-populated\">\n\t\t\t\t\t\t<div class=\"elementor-element elementor-element-6eb3662 elementor-widget elementor-widget-html\" data-id=\"6eb3662\" data-element_type=\"widget\" data-widget_type=\"html.default\">\n\t\t\t\t<div class=\"elementor-widget-container\">\n\t\t\t\r\n<div id=\"hotel-booking-search-69e9899d3c332\" class=\"hotel-booking-search\">\r\n    \r\n    <form name=\"hb-search-form\" action=\"https:\/\/thesentry.com.vn\/en\/hotel-search\/\"\r\n          class=\"hb-search-form-69e9899d3c330\">\r\n        <ul class=\"hb-form-table\">\r\n            <li class=\"hb-form-field\">\r\n                <label>Arrival Date<\/label>                <div class=\"hb-form-field-input hb_input_field\">\r\n                    <input type=\"text\" name=\"check_in_date\" id=\"check_in_date_69e9899d3c330\"\r\n                           class=\"hb_input_date_check\" value=\"\"\r\n                           placeholder=\"Arrival Date\"\/>\r\n                <\/div>\r\n            <\/li>\r\n\r\n            <li class=\"hb-form-field\">\r\n                <label>Departure Date<\/label>                <div class=\"hb-form-field-input hb_input_field\">\r\n                    <input type=\"text\" name=\"check_out_date\" id=\"check_out_date_69e9899d3c330\"\r\n                           class=\"hb_input_date_check\" value=\"\"\r\n                           placeholder=\"Departure Date\"\/>\r\n                <\/div>\r\n            <\/li>\r\n\r\n            <li class=\"hb-form-field\">\r\n                <label>Adults<\/label>                <div class=\"hb-form-field-input\">\r\n                    <select name=\"adults_capacity\" ><option value=\"0\">Adults<\/option><option value=\"1\">1<\/option><option value=\"2\">2<\/option><option value=\"3\">3<\/option><\/select>                <\/div>\r\n            <\/li>\r\n\r\n            <li class=\"hb-form-field\">\r\n                <label>Children<\/label>                <div class=\"hb-form-field-input\">\r\n                    <select name=\"max_child\" ><option value=\"0\">Children<\/option><option value=\"1\">1<\/option><option value=\"2\">2<\/option><\/select>                <\/div>\r\n            <\/li>\r\n        <\/ul>\r\n        <input type=\"hidden\" id=\"nonce\" name=\"nonce\" value=\"2d43d53274\" \/><input type=\"hidden\" name=\"_wp_http_referer\" value=\"\/vi\/wp-json\/wp\/v2\/pages\/7323\" \/>        <input type=\"hidden\" name=\"hotel-booking\" value=\"results\"\/>\r\n        <input type=\"hidden\" name=\"widget-search\"\r\n               value=\"1\"\/>\r\n        <input type=\"hidden\" name=\"action\" value=\"hotel_booking_parse_search_params\"\/>\r\n        <p class=\"hb-submit\">\r\n            <button type=\"submit\">Check Availability<\/button>\r\n        <\/p>\r\n    <\/form>\r\n<\/div>\t\t<\/div>\n\t\t\t\t<\/div>\n\t\t\t\t\t<\/div>\n\t\t<\/div>\n\t\t\t\t<div class=\"elementor-column elementor-col-50 elementor-top-column elementor-element elementor-element-da201a8 elementor-invisible\" data-id=\"da201a8\" data-element_type=\"column\" data-settings=\"{&quot;animation&quot;:&quot;fadeInRight&quot;}\">\n\t\t\t<div class=\"elementor-widget-wrap elementor-element-populated\">\n\t\t\t\t\t\t<div class=\"elementor-element elementor-element-e7c7085 elementor-grid-2 elementor-grid-tablet-2 elementor-grid-mobile-1 elementor-posts--thumbnail-top elementor-widget elementor-widget-posts\" data-id=\"e7c7085\" data-element_type=\"widget\" data-settings=\"{&quot;classic_columns&quot;:&quot;2&quot;,&quot;classic_columns_tablet&quot;:&quot;2&quot;,&quot;classic_columns_mobile&quot;:&quot;1&quot;,&quot;classic_row_gap&quot;:{&quot;unit&quot;:&quot;px&quot;,&quot;size&quot;:35,&quot;sizes&quot;:[]},&quot;classic_row_gap_tablet&quot;:{&quot;unit&quot;:&quot;px&quot;,&quot;size&quot;:&quot;&quot;,&quot;sizes&quot;:[]},&quot;classic_row_gap_mobile&quot;:{&quot;unit&quot;:&quot;px&quot;,&quot;size&quot;:&quot;&quot;,&quot;sizes&quot;:[]}}\" data-widget_type=\"posts.classic\">\n\t\t\t\t<div class=\"elementor-widget-container\">\n\t\t\t<link rel=\"stylesheet\" href=\"https:\/\/thesentry.com.vn\/wp-content\/plugins\/elementor-pro\/assets\/css\/widget-posts.min.css\">\t\t<div class=\"elementor-posts-container elementor-posts elementor-posts--skin-classic elementor-grid\">\n\t\t\t\t<article class=\"elementor-post elementor-grid-item post-7292 hb_room type-hb_room status-publish has-post-thumbnail hentry hb_room_type-the-sentry-l-vi\">\n\t\t\t\t<a class=\"elementor-post__thumbnail__link\" href=\"https:\/\/thesentry.com.vn\/vi\/rooms\/studio-view-5-0\/\" target=&quot;_blank&quot;>\n\t\t\t<div class=\"elementor-post__thumbnail\"><img fetchpriority=\"high\" decoding=\"async\" width=\"300\" height=\"201\" src=\"https:\/\/thesentry.com.vn\/wp-content\/uploads\/2022\/08\/studio-5-1-300x201.png\" class=\"attachment-medium size-medium wp-image-9103\" alt=\"\" srcset=\"https:\/\/thesentry.com.vn\/wp-content\/uploads\/2022\/08\/studio-5-1-300x201.png 300w, https:\/\/thesentry.com.vn\/wp-content\/uploads\/2022\/08\/studio-5-1.png 600w\" sizes=\"(max-width: 300px) 100vw, 300px\" \/><\/div>\n\t\t<\/a>\n\t\t\t\t<div class=\"elementor-post__text\">\n\t\t\t\t<h3 class=\"elementor-post__title\">\n\t\t\t<a href=\"https:\/\/thesentry.com.vn\/vi\/rooms\/studio-view-5-0\/\" target=&quot;_blank&quot;>\n\t\t\t\tStudio View 5.0\t\t\t<\/a>\n\t\t<\/h3>\n\t\t\t\t<div class=\"elementor-post__excerpt\">\n\t\t\t<p>L\u00fd t\u01b0\u1edfng cho nh\u1eefng du kh\u00e1ch mu\u1ed1n ng\u1eafm nh\u00ecn Th\u1ecb tr\u1ea5n Nh\u1eadt B\u1ea3n trong s\u1ef1 tho\u1ea3i m\u00e1i ngay t\u1ea1i ph\u00f2ng c\u1ee7a m\u00ecnh, suite n\u00e0y c\u00f3<\/p>\n\t\t<\/div>\n\t\t\t\t<\/div>\n\t\t\t\t<\/article>\n\t\t\t\t<article class=\"elementor-post elementor-grid-item post-7290 hb_room type-hb_room status-publish has-post-thumbnail hentry hb_room_type-the-sentry-l-vi\">\n\t\t\t\t<a class=\"elementor-post__thumbnail__link\" href=\"https:\/\/thesentry.com.vn\/vi\/rooms\/premium-suite-4-1\/\" target=&quot;_blank&quot;>\n\t\t\t<div class=\"elementor-post__thumbnail\"><img decoding=\"async\" width=\"300\" height=\"200\" src=\"https:\/\/thesentry.com.vn\/wp-content\/uploads\/2022\/08\/Premium-suite-4-1-300x200.png\" class=\"attachment-medium size-medium wp-image-9026\" alt=\"\" srcset=\"https:\/\/thesentry.com.vn\/wp-content\/uploads\/2022\/08\/Premium-suite-4-1-300x200.png 300w, https:\/\/thesentry.com.vn\/wp-content\/uploads\/2022\/08\/Premium-suite-4-1.png 600w\" sizes=\"(max-width: 300px) 100vw, 300px\" \/><\/div>\n\t\t<\/a>\n\t\t\t\t<div class=\"elementor-post__text\">\n\t\t\t\t<h3 class=\"elementor-post__title\">\n\t\t\t<a href=\"https:\/\/thesentry.com.vn\/vi\/rooms\/premium-suite-4-1\/\" target=&quot;_blank&quot;>\n\t\t\t\tPremium Suite 4.1\t\t\t<\/a>\n\t\t<\/h3>\n\t\t\t\t<div class=\"elementor-post__excerpt\">\n\t\t\t<p>Ho\u00e0n h\u1ea3o cho nh\u1eefng du kh\u00e1ch mu\u1ed1n c\u00f3 t\u1ea7m nh\u00ecn r\u00f5 r\u00e0ng ra Th\u1ecb tr\u1ea5n Nh\u1eadt B\u1ea3n ngay t\u1eeb ph\u00f2ng ngh\u1ec9 tho\u1ea3i m\u00e1i c\u1ee7a m\u00ecnh,<\/p>\n\t\t<\/div>\n\t\t\t\t<\/div>\n\t\t\t\t<\/article>\n\t\t\t\t<article class=\"elementor-post elementor-grid-item post-7291 hb_room type-hb_room status-publish has-post-thumbnail hentry hb_room_type-the-sentry-l-vi\">\n\t\t\t\t<a class=\"elementor-post__thumbnail__link\" href=\"https:\/\/thesentry.com.vn\/vi\/rooms\/studio-4-0\/\" target=&quot;_blank&quot;>\n\t\t\t<div class=\"elementor-post__thumbnail\"><img decoding=\"async\" width=\"300\" height=\"200\" src=\"https:\/\/thesentry.com.vn\/wp-content\/uploads\/2022\/08\/Studio-4-300x200.png\" class=\"attachment-medium size-medium wp-image-9022\" alt=\"\" srcset=\"https:\/\/thesentry.com.vn\/wp-content\/uploads\/2022\/08\/Studio-4-300x200.png 300w, https:\/\/thesentry.com.vn\/wp-content\/uploads\/2022\/08\/Studio-4.png 600w\" sizes=\"(max-width: 300px) 100vw, 300px\" \/><\/div>\n\t\t<\/a>\n\t\t\t\t<div class=\"elementor-post__text\">\n\t\t\t\t<h3 class=\"elementor-post__title\">\n\t\t\t<a href=\"https:\/\/thesentry.com.vn\/vi\/rooms\/studio-4-0\/\" target=&quot;_blank&quot;>\n\t\t\t\tStudio 4.0\t\t\t<\/a>\n\t\t<\/h3>\n\t\t\t\t<div class=\"elementor-post__excerpt\">\n\t\t\t<p>L\u00fd t\u01b0\u1edfng cho nh\u1eefng du kh\u00e1ch mu\u1ed1n ng\u1eafm nh\u00ecn Th\u1ecb tr\u1ea5n Nh\u1eadt B\u1ea3n trong s\u1ef1 tho\u1ea3i m\u00e1i ngay t\u1ea1i ph\u00f2ng c\u1ee7a m\u00ecnh, suite n\u00e0y c\u00f3<\/p>\n\t\t<\/div>\n\t\t\t\t<\/div>\n\t\t\t\t<\/article>\n\t\t\t\t<article class=\"elementor-post elementor-grid-item post-7289 hb_room type-hb_room status-publish has-post-thumbnail hentry hb_room_type-the-sentry-l-vi\">\n\t\t\t\t<a class=\"elementor-post__thumbnail__link\" href=\"https:\/\/thesentry.com.vn\/vi\/rooms\/premium-suite-3-1\/\" target=&quot;_blank&quot;>\n\t\t\t<div class=\"elementor-post__thumbnail\"><img loading=\"lazy\" decoding=\"async\" width=\"300\" height=\"201\" src=\"https:\/\/thesentry.com.vn\/wp-content\/uploads\/2022\/11\/20240603-Image-6-300x201.png\" class=\"attachment-medium size-medium wp-image-9100\" alt=\"\" srcset=\"https:\/\/thesentry.com.vn\/wp-content\/uploads\/2022\/11\/20240603-Image-6-300x201.png 300w, https:\/\/thesentry.com.vn\/wp-content\/uploads\/2022\/11\/20240603-Image-6.png 600w\" sizes=\"(max-width: 300px) 100vw, 300px\" \/><\/div>\n\t\t<\/a>\n\t\t\t\t<div class=\"elementor-post__text\">\n\t\t\t\t<h3 class=\"elementor-post__title\">\n\t\t\t<a href=\"https:\/\/thesentry.com.vn\/vi\/rooms\/premium-suite-3-1\/\" target=&quot;_blank&quot;>\n\t\t\t\tPremium Suite 3.1\t\t\t<\/a>\n\t\t<\/h3>\n\t\t\t\t<div class=\"elementor-post__excerpt\">\n\t\t\t<p>Ho\u00e0n h\u1ea3o cho nh\u1eefng du kh\u00e1ch mu\u1ed1n c\u00f3 t\u1ea7m nh\u00ecn r\u00f5 r\u00e0ng ra Th\u1ecb tr\u1ea5n Nh\u1eadt B\u1ea3n ngay t\u1eeb ph\u00f2ng ngh\u1ec9 tho\u1ea3i m\u00e1i c\u1ee7a m\u00ecnh,<\/p>\n\t\t<\/div>\n\t\t\t\t<\/div>\n\t\t\t\t<\/article>\n\t\t\t\t<article class=\"elementor-post elementor-grid-item post-7288 hb_room type-hb_room status-publish has-post-thumbnail hentry hb_room_type-the-sentry-l-vi\">\n\t\t\t\t<a class=\"elementor-post__thumbnail__link\" href=\"https:\/\/thesentry.com.vn\/vi\/rooms\/studio-3-0\/\" target=&quot;_blank&quot;>\n\t\t\t<div class=\"elementor-post__thumbnail\"><img loading=\"lazy\" decoding=\"async\" width=\"300\" height=\"200\" src=\"https:\/\/thesentry.com.vn\/wp-content\/uploads\/2024\/04\/Studio-3-300x200.png\" class=\"attachment-medium size-medium wp-image-9019\" alt=\"\" srcset=\"https:\/\/thesentry.com.vn\/wp-content\/uploads\/2024\/04\/Studio-3-300x200.png 300w, https:\/\/thesentry.com.vn\/wp-content\/uploads\/2024\/04\/Studio-3.png 600w\" sizes=\"(max-width: 300px) 100vw, 300px\" \/><\/div>\n\t\t<\/a>\n\t\t\t\t<div class=\"elementor-post__text\">\n\t\t\t\t<h3 class=\"elementor-post__title\">\n\t\t\t<a href=\"https:\/\/thesentry.com.vn\/vi\/rooms\/studio-3-0\/\" target=&quot;_blank&quot;>\n\t\t\t\tStudio 3.0\t\t\t<\/a>\n\t\t<\/h3>\n\t\t\t\t<div class=\"elementor-post__excerpt\">\n\t\t\t<p>L\u00fd t\u01b0\u1edfng cho nh\u1eefng du kh\u00e1ch mu\u1ed1n ng\u1eafm nh\u00ecn Th\u1ecb tr\u1ea5n Nh\u1eadt B\u1ea3n trong s\u1ef1 tho\u1ea3i m\u00e1i ngay t\u1ea1i ph\u00f2ng c\u1ee7a m\u00ecnh, suite n\u00e0y c\u00f3<\/p>\n\t\t<\/div>\n\t\t\t\t<\/div>\n\t\t\t\t<\/article>\n\t\t\t\t<article class=\"elementor-post elementor-grid-item post-7287 hb_room type-hb_room status-publish has-post-thumbnail hentry hb_room_type-the-sentry-l-vi\">\n\t\t\t\t<a class=\"elementor-post__thumbnail__link\" href=\"https:\/\/thesentry.com.vn\/vi\/rooms\/premium-suite-2-1\/\" target=&quot;_blank&quot;>\n\t\t\t<div class=\"elementor-post__thumbnail\"><img loading=\"lazy\" decoding=\"async\" width=\"300\" height=\"200\" src=\"https:\/\/thesentry.com.vn\/wp-content\/uploads\/2023\/02\/P2.1-300x200.png\" class=\"attachment-medium size-medium wp-image-9032\" alt=\"\" srcset=\"https:\/\/thesentry.com.vn\/wp-content\/uploads\/2023\/02\/P2.1-300x200.png 300w, https:\/\/thesentry.com.vn\/wp-content\/uploads\/2023\/02\/P2.1.png 600w\" sizes=\"(max-width: 300px) 100vw, 300px\" \/><\/div>\n\t\t<\/a>\n\t\t\t\t<div class=\"elementor-post__text\">\n\t\t\t\t<h3 class=\"elementor-post__title\">\n\t\t\t<a href=\"https:\/\/thesentry.com.vn\/vi\/rooms\/premium-suite-2-1\/\" target=&quot;_blank&quot;>\n\t\t\t\tPremium Suite 2.1\t\t\t<\/a>\n\t\t<\/h3>\n\t\t\t\t<div class=\"elementor-post__excerpt\">\n\t\t\t<p>Ho\u00e0n h\u1ea3o cho nh\u1eefng du kh\u00e1ch mu\u1ed1n c\u00f3 t\u1ea7m nh\u00ecn r\u00f5 r\u00e0ng ra Th\u1ecb tr\u1ea5n Nh\u1eadt B\u1ea3n ngay t\u1eeb ph\u00f2ng ngh\u1ec9 tho\u1ea3i m\u00e1i c\u1ee7a m\u00ecnh,<\/p>\n\t\t<\/div>\n\t\t\t\t<\/div>\n\t\t\t\t<\/article>\n\t\t\t\t<article class=\"elementor-post elementor-grid-item post-7286 hb_room type-hb_room status-publish has-post-thumbnail hentry hb_room_type-the-sentry-l-vi\">\n\t\t\t\t<a class=\"elementor-post__thumbnail__link\" href=\"https:\/\/thesentry.com.vn\/vi\/rooms\/studio-2-0\/\" target=&quot;_blank&quot;>\n\t\t\t<div class=\"elementor-post__thumbnail\"><img loading=\"lazy\" decoding=\"async\" width=\"300\" height=\"200\" src=\"https:\/\/thesentry.com.vn\/wp-content\/uploads\/2023\/02\/S2-300x200.png\" class=\"attachment-medium size-medium wp-image-9030\" alt=\"\" srcset=\"https:\/\/thesentry.com.vn\/wp-content\/uploads\/2023\/02\/S2-300x200.png 300w, https:\/\/thesentry.com.vn\/wp-content\/uploads\/2023\/02\/S2.png 600w\" sizes=\"(max-width: 300px) 100vw, 300px\" \/><\/div>\n\t\t<\/a>\n\t\t\t\t<div class=\"elementor-post__text\">\n\t\t\t\t<h3 class=\"elementor-post__title\">\n\t\t\t<a href=\"https:\/\/thesentry.com.vn\/vi\/rooms\/studio-2-0\/\" target=&quot;_blank&quot;>\n\t\t\t\tStudio 2.0\t\t\t<\/a>\n\t\t<\/h3>\n\t\t\t\t<div class=\"elementor-post__excerpt\">\n\t\t\t<p>L\u00fd t\u01b0\u1edfng cho nh\u1eefng du kh\u00e1ch mu\u1ed1n ng\u1eafm nh\u00ecn Th\u1ecb tr\u1ea5n Nh\u1eadt B\u1ea3n trong s\u1ef1 tho\u1ea3i m\u00e1i ngay t\u1ea1i ph\u00f2ng c\u1ee7a m\u00ecnh, suite n\u00e0y c\u00f3<\/p>\n\t\t<\/div>\n\t\t\t\t<\/div>\n\t\t\t\t<\/article>\n\t\t\t\t<article class=\"elementor-post elementor-grid-item post-7285 hb_room type-hb_room status-publish has-post-thumbnail hentry hb_room_type-the-sentry-l-vi\">\n\t\t\t\t<a class=\"elementor-post__thumbnail__link\" href=\"https:\/\/thesentry.com.vn\/vi\/rooms\/nomad-suite-1-1\/\" target=&quot;_blank&quot;>\n\t\t\t<div class=\"elementor-post__thumbnail\"><img loading=\"lazy\" decoding=\"async\" width=\"300\" height=\"200\" src=\"https:\/\/thesentry.com.vn\/wp-content\/uploads\/2023\/02\/N1.1-300x200.png\" class=\"attachment-medium size-medium wp-image-9028\" alt=\"\" srcset=\"https:\/\/thesentry.com.vn\/wp-content\/uploads\/2023\/02\/N1.1-300x200.png 300w, https:\/\/thesentry.com.vn\/wp-content\/uploads\/2023\/02\/N1.1.png 600w\" sizes=\"(max-width: 300px) 100vw, 300px\" \/><\/div>\n\t\t<\/a>\n\t\t\t\t<div class=\"elementor-post__text\">\n\t\t\t\t<h3 class=\"elementor-post__title\">\n\t\t\t<a href=\"https:\/\/thesentry.com.vn\/vi\/rooms\/nomad-suite-1-1\/\" target=&quot;_blank&quot;>\n\t\t\t\tNomad Suite 1.1\t\t\t<\/a>\n\t\t<\/h3>\n\t\t\t\t<div class=\"elementor-post__excerpt\">\n\t\t\t<p>Ho\u00e0n h\u1ea3o cho nh\u1eefng ng\u01b0\u1eddi du l\u1ecbch m\u1ed9t m\u00ecnh v\u00e0 nh\u1eefng ng\u01b0\u1eddi du m\u1ee5c k\u1ef9 thu\u1eadt s\u1ed1, suite n\u00e0y bao g\u1ed3m tr\u00e0 mi\u1ec5n ph\u00ed, \u0111\u1ed3<\/p>\n\t\t<\/div>\n\t\t\t\t<\/div>\n\t\t\t\t<\/article>\n\t\t\t\t<article class=\"elementor-post elementor-grid-item post-7202 hb_room type-hb_room status-publish has-post-thumbnail hentry hb_room_type-the-sentry-l-vi\">\n\t\t\t\t<a class=\"elementor-post__thumbnail__link\" href=\"https:\/\/thesentry.com.vn\/vi\/rooms\/5-1\/\" target=&quot;_blank&quot;>\n\t\t\t<div class=\"elementor-post__thumbnail\"><img loading=\"lazy\" decoding=\"async\" width=\"300\" height=\"200\" src=\"https:\/\/thesentry.com.vn\/wp-content\/uploads\/2022\/08\/P5.1-300x200.png\" class=\"attachment-medium size-medium wp-image-9036\" alt=\"\" srcset=\"https:\/\/thesentry.com.vn\/wp-content\/uploads\/2022\/08\/P5.1-300x200.png 300w, https:\/\/thesentry.com.vn\/wp-content\/uploads\/2022\/08\/P5.1.png 600w\" sizes=\"(max-width: 300px) 100vw, 300px\" \/><\/div>\n\t\t<\/a>\n\t\t\t\t<div class=\"elementor-post__text\">\n\t\t\t\t<h3 class=\"elementor-post__title\">\n\t\t\t<a href=\"https:\/\/thesentry.com.vn\/vi\/rooms\/5-1\/\" target=&quot;_blank&quot;>\n\t\t\t\tPremium Suite 5.1\t\t\t<\/a>\n\t\t<\/h3>\n\t\t\t\t<div class=\"elementor-post__excerpt\">\n\t\t\t<p>Ho\u00e0n h\u1ea3o cho nh\u1eefng du kh\u00e1ch mu\u1ed1n c\u00f3 t\u1ea7m nh\u00ecn r\u00f5 r\u00e0ng ra Th\u1ecb tr\u1ea5n Nh\u1eadt B\u1ea3n ngay t\u1eeb ph\u00f2ng ngh\u1ec9 tho\u1ea3i m\u00e1i c\u1ee7a m\u00ecnh,<\/p>\n\t\t<\/div>\n\t\t\t\t<\/div>\n\t\t\t\t<\/article>\n\t\t\t\t<\/div>\n\n\n\t\t\n\t\t\t\t<\/div>\n\t\t\t\t<\/div>\n\t\t\t\t\t<\/div>\n\t\t<\/div>\n\t\t\t\t\t<\/div>\n\t\t<\/section>\n\t\t\t\t<section class=\"elementor-section elementor-top-section elementor-element elementor-element-90d1c13 elementor-section-boxed elementor-section-height-default elementor-section-height-default\" data-id=\"90d1c13\" data-element_type=\"section\">\n\t\t\t\t\t\t<div class=\"elementor-container elementor-column-gap-default\">\n\t\t\t\t\t<div class=\"elementor-column elementor-col-100 elementor-top-column elementor-element elementor-element-d43038d\" data-id=\"d43038d\" data-element_type=\"column\">\n\t\t\t<div class=\"elementor-widget-wrap elementor-element-populated\">\n\t\t\t\t\t\t<div class=\"elementor-element elementor-element-6aa8a6d elementor-widget elementor-widget-heading\" data-id=\"6aa8a6d\" data-element_type=\"widget\" data-widget_type=\"heading.default\">\n\t\t\t\t<div class=\"elementor-widget-container\">\n\t\t\t<h2 class=\"elementor-heading-title elementor-size-default\">PH\u00d2NG TR\u01afNG B\u00c0Y<\/h2>\t\t<\/div>\n\t\t\t\t<\/div>\n\t\t\t\t<div class=\"elementor-element elementor-element-386beb6 elementor-arrows-position-inside elementor-widget elementor-widget-image-carousel\" data-id=\"386beb6\" data-element_type=\"widget\" data-settings=\"{&quot;slides_to_show&quot;:&quot;3&quot;,&quot;slides_to_scroll&quot;:&quot;1&quot;,&quot;navigation&quot;:&quot;arrows&quot;,&quot;autoplay_speed&quot;:3000,&quot;autoplay&quot;:&quot;yes&quot;,&quot;pause_on_hover&quot;:&quot;yes&quot;,&quot;pause_on_interaction&quot;:&quot;yes&quot;,&quot;infinite&quot;:&quot;yes&quot;,&quot;speed&quot;:500}\" data-widget_type=\"image-carousel.default\">\n\t\t\t\t<div class=\"elementor-widget-container\">\n\t\t\t<style>\/*! elementor - v3.20.0 - 10-04-2024 *\/\n.elementor-widget-image-carousel .swiper,.elementor-widget-image-carousel .swiper-container{position:static}.elementor-widget-image-carousel .swiper-container .swiper-slide figure,.elementor-widget-image-carousel .swiper .swiper-slide figure{line-height:inherit}.elementor-widget-image-carousel .swiper-slide{text-align:center}.elementor-image-carousel-wrapper:not(.swiper-container-initialized):not(.swiper-initialized) .swiper-slide{max-width:calc(100% \/ var(--e-image-carousel-slides-to-show, 3))}<\/style>\t\t<div class=\"elementor-image-carousel-wrapper swiper\" dir=\"ltr\">\n\t\t\t<div class=\"elementor-image-carousel swiper-wrapper\" aria-live=\"off\">\n\t\t\t\t\t\t\t\t<div class=\"swiper-slide\" role=\"group\" aria-roledescription=\"slide\" aria-label=\"1 of 9\"><figure class=\"swiper-slide-inner\"><img decoding=\"async\" class=\"swiper-slide-image\" src=\"https:\/\/thesentry.com.vn\/wp-content\/uploads\/2022\/08\/A7400330.jpg\" alt=\"A7400330\" \/><\/figure><\/div><div class=\"swiper-slide\" role=\"group\" aria-roledescription=\"slide\" aria-label=\"2 of 9\"><figure class=\"swiper-slide-inner\"><img decoding=\"async\" class=\"swiper-slide-image\" src=\"https:\/\/thesentry.com.vn\/wp-content\/uploads\/2022\/08\/A7400709.jpg\" alt=\"A7400709\" \/><\/figure><\/div><div class=\"swiper-slide\" role=\"group\" aria-roledescription=\"slide\" aria-label=\"3 of 9\"><figure class=\"swiper-slide-inner\"><img decoding=\"async\" class=\"swiper-slide-image\" src=\"https:\/\/thesentry.com.vn\/wp-content\/uploads\/2022\/08\/A7400653.jpg\" alt=\"A7400653\" \/><\/figure><\/div><div class=\"swiper-slide\" role=\"group\" aria-roledescription=\"slide\" aria-label=\"4 of 9\"><figure class=\"swiper-slide-inner\"><img decoding=\"async\" class=\"swiper-slide-image\" src=\"https:\/\/thesentry.com.vn\/wp-content\/uploads\/2022\/08\/A7400481.jpg\" alt=\"A7400481\" \/><\/figure><\/div><div class=\"swiper-slide\" role=\"group\" aria-roledescription=\"slide\" aria-label=\"5 of 9\"><figure class=\"swiper-slide-inner\"><img decoding=\"async\" class=\"swiper-slide-image\" src=\"https:\/\/thesentry.com.vn\/wp-content\/uploads\/2022\/08\/A7400418.jpg\" alt=\"A7400418\" \/><\/figure><\/div><div class=\"swiper-slide\" role=\"group\" aria-roledescription=\"slide\" aria-label=\"6 of 9\"><figure class=\"swiper-slide-inner\"><img decoding=\"async\" class=\"swiper-slide-image\" src=\"https:\/\/thesentry.com.vn\/wp-content\/uploads\/2022\/08\/A7400393.jpg\" alt=\"A7400393\" \/><\/figure><\/div><div class=\"swiper-slide\" role=\"group\" aria-roledescription=\"slide\" aria-label=\"7 of 9\"><figure class=\"swiper-slide-inner\"><img decoding=\"async\" class=\"swiper-slide-image\" src=\"https:\/\/thesentry.com.vn\/wp-content\/uploads\/2022\/08\/A7400377.jpg\" alt=\"A7400377\" \/><\/figure><\/div><div class=\"swiper-slide\" role=\"group\" aria-roledescription=\"slide\" aria-label=\"8 of 9\"><figure class=\"swiper-slide-inner\"><img decoding=\"async\" class=\"swiper-slide-image\" src=\"https:\/\/thesentry.com.vn\/wp-content\/uploads\/2022\/08\/A7400369.jpg\" alt=\"A7400369\" \/><\/figure><\/div><div class=\"swiper-slide\" role=\"group\" aria-roledescription=\"slide\" aria-label=\"9 of 9\"><figure class=\"swiper-slide-inner\"><img decoding=\"async\" class=\"swiper-slide-image\" src=\"https:\/\/thesentry.com.vn\/wp-content\/uploads\/2022\/08\/A7400339.jpg\" alt=\"A7400339\" \/><\/figure><\/div>\t\t\t<\/div>\n\t\t\t\t\t\t\t\t\t\t\t\t<div class=\"elementor-swiper-button elementor-swiper-button-prev\" role=\"button\" tabindex=\"0\">\n\t\t\t\t\t\t<i aria-hidden=\"true\" class=\"eicon-chevron-left\"><\/i>\t\t\t\t\t<\/div>\n\t\t\t\t\t<div class=\"elementor-swiper-button elementor-swiper-button-next\" role=\"button\" tabindex=\"0\">\n\t\t\t\t\t\t<i aria-hidden=\"true\" class=\"eicon-chevron-right\"><\/i>\t\t\t\t\t<\/div>\n\t\t\t\t\n\t\t\t\t\t\t\t\t\t<\/div>\n\t\t\t\t<\/div>\n\t\t\t\t<\/div>\n\t\t\t\t\t<\/div>\n\t\t<\/div>\n\t\t\t\t\t<\/div>\n\t\t<\/section>\n\t\t\t\t<\/div>\n\t\t","protected":false},"excerpt":{"rendered":"<p>D\u1ecaCH V\u1ee4 L\u01afU TR\u00da PH\u00d2NG TR\u01afNG B\u00c0Y<\/p>\n","protected":false},"author":1,"featured_media":0,"parent":0,"menu_order":0,"comment_status":"closed","ping_status":"closed","template":"","meta":{"footnotes":""},"_links":{"self":[{"href":"https:\/\/thesentry.com.vn\/vi\/wp-json\/wp\/v2\/pages\/7323"}],"collection":[{"href":"https:\/\/thesentry.com.vn\/vi\/wp-json\/wp\/v2\/pages"}],"about":[{"href":"https:\/\/thesentry.com.vn\/vi\/wp-json\/wp\/v2\/types\/page"}],"author":[{"embeddable":true,"href":"https:\/\/thesentry.com.vn\/vi\/wp-json\/wp\/v2\/users\/1"}],"replies":[{"embeddable":true,"href":"https:\/\/thesentry.com.vn\/vi\/wp-json\/wp\/v2\/comments?post=7323"}],"version-history":[{"count":0,"href":"https:\/\/thesentry.com.vn\/vi\/wp-json\/wp\/v2\/pages\/7323\/revisions"}],"wp:attachment":[{"href":"https:\/\/thesentry.com.vn\/vi\/wp-json\/wp\/v2\/media?parent=7323"}],"curies":[{"name":"wp","href":"https:\/\/api.w.org\/{rel}","templated":true}]}}